{"id":17254,"date":"2017-05-24T17:57:59","date_gmt":"2017-05-24T17:57:59","guid":{"rendered":"https:\/\/www.esports-betting.pro\/de\/?page_id=17254"},"modified":"2017-05-24T17:57:59","modified_gmt":"2017-05-24T17:57:59","slug":"wetten-quoten","status":"publish","type":"page","link":"https:\/\/www.esports-betting.pro\/de\/dota2\/epicenter-2017\/wetten-quoten\/","title":{"rendered":"Wetten und Quoten &#8211; EPICENTER 2017 Dota 2"},"content":{"rendered":"<p style=\"text-align: justify\">Die ersten gro\u00dfen Websites f\u00fcr Esport Wetten haben bereits angefangen, Wetten und Quoten f\u00fcr das <a href=\"https:\/\/www.esports-betting.pro\/de\/dota2\/epicenter-2017\/\">Dota 2 EPICENTER 2017<\/a> zu ver\u00f6ffentlichen. Wie zu erwarten wird OG als Favorit gehandelt. Dieses Turnier ist eines der letzten gro\u00dfen Dota 2 Turniere vor <a href=\"https:\/\/www.esports-betting.pro\/de\/dota2\/ti7-the-international-2017\/\">The International 2017<\/a>, daher erwartet uns mit Sicherheit ein hochklassiges Turnier. Und wer sich den Spa\u00df beim Zuschauen noch ein bisschen verfeinern will, ist beim Wetten auf Dota 2 gut aufgehoben. Bet365 hat bereits damit angefangen, Wetten und Quoten zu ver\u00f6ffentlichen.<\/p>\n<h2 style=\"text-align: justify\"><img loading=\"lazy\" decoding=\"async\" src=\"https:\/\/www.esports-betting.pro\/app\/uploads\/sites\/2\/Dota2-Icon.png\" alt=\"Dota 2 Icon\" width=\"20\" height=\"20\" \/>\u00a0 EPICENTER 2017 Wetten und Quoten<\/h2>\n<p style=\"text-align: justify\">Bet365 hat 3 unterschiedliche Wetten mit unterschiedlichen Quoten zum Angebot gestellt: die <strong>Gesamtsieger<\/strong> Wette, die Wette zur <strong>Region des Gewinners<\/strong> und welche 2 Teams das <strong>Finale erreichen<\/strong>. Diese Wetten sind recht einfach zu verstehen und wir stellen sie euch in n\u00e4chster Folge im Detail vor. Wenn ihr Fragen habt wie das mit dem <a href=\"https:\/\/www.esports-betting.pro\/de\/dota2\/\">Wetten auf Dota 2 funktioniert informiere dich hier<\/a>.<\/p>\n<h3 style=\"text-align: justify\">Gesamtsieger<\/h3>\n<p style=\"text-align: justify\">Mit dieser Wette setzt man auf das Team, von dem man sich ausmalt, dass es gute Chance hat das EPICENTER 2017 zu gewinnen. Klarerweise ist OG hier Favorit, nachdem sie mit dem Kiev Major ihren bereits vierten gro\u00dfen Valve Titel einholen konnten. Dennoch konnten die anderen Teams gut mithalten und k\u00f6nnen jederzeit gegen OG gewinnen. Und da das Turnier \u00fcber Upper- und Lower Bracket verf\u00fcgt haben Teams 2 Chancen sich bis ins Finale zu spielen. Diese Umst\u00e4nde lassen ein knappes Rennen f\u00fcr den Titel vorausahnen.<\/p>\n<p style=\"text-align: center\"><strong><img loading=\"lazy\" decoding=\"async\" style=\"vertical-align: bottom\" src=\"https:\/\/www.esports-betting.pro\/app\/uploads\/sites\/2\/Bet365-Logo2.jpeg\" alt=\"Logo des Esport Wettanbieters Bet365\" width=\"100\" height=\"31\" \/> <span style=\"color: #000000\"><a style=\"color: #000000\" href=\"https:\/\/www.esports-betting.pro\/de\/buchmacher-wettanbieter\/bet365-review\/\">Bet365<\/a><\/span> <img loading=\"lazy\" decoding=\"async\" style=\"vertical-align: bottom\" src=\"https:\/\/www.esports-betting.pro\/app\/uploads\/sites\/2\/Bet365-Logo2.jpeg\" alt=\"Logo des Esport Wettanbieters Bet365\" width=\"100\" height=\"31\" \/><\/strong><span style=\"text-decoration: underline\"><strong><a href=\"https:\/\/www.esports-betting.pro\/de\/buchmacher\/bet365\" target=\"_blank\" rel=\"nofollow noopener noreferrer\"><img loading=\"lazy\" decoding=\"async\" class=\"aligncenter size-full wp-image-17255\" src=\"https:\/\/www.esports-betting.pro\/app\/uploads\/sites\/2\/epicenter-2017-dota2-wettquoten-gesamtsieger.jpg\" alt=\"epicenter 2017 dota2 wettquoten gesamtsieger\" width=\"480\" height=\"196\" \/>zu den aktuellen Quoten bei Bet365 &gt;&gt;<br \/>\n<\/a><\/strong><\/span><strong>Die Dota 2 &#8211; Quoten auf Bet365 findet ihr im Men\u00fc Links: <\/strong>E-Sports &gt; Dota 2<\/p>\n<h3 style=\"text-align: justify\">Region des Siegers<\/h3>\n<p>Eine leichtere Form der Gesamtsieger Wette, hier wettet muss man nur auf die Region wetten, aus die der Gewinner kommen wird. Es nehmen 4 Regionen teil was wiederum die Auswahl bei der Wette einschr\u00e4nkt. Weiters l\u00e4sst sich Europa und CIS-Region als Favorit festlegen, da neben OG auch Virtus.Pro, Team Liquid, Team Secret und Natus Vincere aus der Region kommen. Das hei\u00dft dass 5 der 10 Teams aus dieser Region kommen.<\/p>\n<p style=\"text-align: center\"><strong><img loading=\"lazy\" decoding=\"async\" style=\"vertical-align: bottom\" src=\"https:\/\/www.esports-betting.pro\/app\/uploads\/sites\/2\/Bet365-Logo2.jpeg\" alt=\"Logo des Esport Wettanbieters Bet365\" width=\"100\" height=\"31\" \/> <span style=\"color: #000000\"><a style=\"color: #000000\" href=\"https:\/\/www.esports-betting.pro\/de\/buchmacher-wettanbieter\/bet365-review\/\">Bet365<\/a><\/span> <img loading=\"lazy\" decoding=\"async\" style=\"vertical-align: bottom\" src=\"https:\/\/www.esports-betting.pro\/app\/uploads\/sites\/2\/Bet365-Logo2.jpeg\" alt=\"Logo des Esport Wettanbieters Bet365\" width=\"100\" height=\"31\" \/><\/strong><span style=\"text-decoration: underline\"><strong><a href=\"https:\/\/www.esports-betting.pro\/de\/buchmacher\/bet365\" target=\"_blank\" rel=\"nofollow noopener noreferrer\"><img loading=\"lazy\" decoding=\"async\" class=\"aligncenter size-full wp-image-17259\" src=\"https:\/\/www.esports-betting.pro\/app\/uploads\/sites\/2\/epicenter-2017-dota2-wettquotenregiondessieger.jpg\" alt=\"epicenter 2017 dota2 wettquoten region des siegers\" width=\"480\" height=\"111\" \/>zu den aktuellen Quoten bei Bet365 &gt;&gt;<br \/>\n<\/a><\/strong><\/span><strong>Die Dota 2 &#8211; Quoten auf Bet365 findet ihr im Men\u00fc Links: <\/strong>E-Sports &gt; Dota 2<\/p>\n<h3 style=\"text-align: left\">Erreichen des Finales<\/h3>\n<p style=\"text-align: justify\">Hier wettet man darauf, welche 2 Teams das Finale erreichen. Es ist dabei egal welches Team schlu\u00dfendlich den Sieg einf\u00e4hrt, wichtig ist nur wer im Finale steht. Das erlaubt die M\u00f6glichkeit, gleich doppelt zu gewinnen wenn man beide Teams richtig tippt. Andererseits gen\u00fcgt es, wenn nur ein gesetztes Team das Finale erreicht, der Gewinn fehlt jedoch dann niedriger aus.<\/p>\n<p style=\"text-align: center\"><strong><img loading=\"lazy\" decoding=\"async\" style=\"vertical-align: bottom\" src=\"https:\/\/www.esports-betting.pro\/app\/uploads\/sites\/2\/Bet365-Logo2.jpeg\" alt=\"Logo des Esport Wettanbieters Bet365\" width=\"100\" height=\"31\" \/> <span style=\"color: #000000\"><a style=\"color: #000000\" href=\"https:\/\/www.esports-betting.pro\/de\/buchmacher-wettanbieter\/bet365-review\/\">Bet365<\/a><\/span> <img loading=\"lazy\" decoding=\"async\" style=\"vertical-align: bottom\" src=\"https:\/\/www.esports-betting.pro\/app\/uploads\/sites\/2\/Bet365-Logo2.jpeg\" alt=\"Logo des Esport Wettanbieters Bet365\" width=\"100\" height=\"31\" \/><\/strong><span style=\"text-decoration: underline\"><strong><a href=\"https:\/\/www.esports-betting.pro\/de\/buchmacher\/bet365\" target=\"_blank\" rel=\"nofollow noopener noreferrer\"><img loading=\"lazy\" decoding=\"async\" class=\"aligncenter size-full wp-image-17260\" src=\"https:\/\/www.esports-betting.pro\/app\/uploads\/sites\/2\/epicenter-2017-dota2-wettquoten-erreichtdasfinale.jpg\" alt=\"epicenter 2017 dota2 wettquoten erreicht das finale\" width=\"480\" height=\"198\" \/>zu den aktuellen Quoten bei Bet365 &gt;&gt;<br \/>\n<\/a><\/strong><\/span><strong>Die Dota 2 &#8211; Quoten auf Bet365 findet ihr im Men\u00fc Links: <\/strong>E-Sports &gt; Dota 2<\/p>\n<p style=\"text-align: justify\"><strong>Mehr zum Dota 2 EPICENTER 2017:<\/strong><\/p>\n<ul>\n<li style=\"text-align: justify\"><a href=\"https:\/\/www.esports-betting.pro\/de\/dota2\/epicenter-2017\/\">EPICENTER 2017 &#8211; Turnier Vorschau<\/a><\/li>\n<\/ul>\n","protected":false},"excerpt":{"rendered":"<p>Die ersten gro\u00dfen Websites f\u00fcr Esport Wetten haben bereits angefangen, Wetten und Quoten f\u00fcr das Dota 2 EPICENTER 2017 zu ver\u00f6ffentlichen. Wie zu erwarten wird OG als Favorit gehandelt. Dieses Turnier ist eines der letzten gro\u00dfen Dota 2 Turniere vor The International 2017, daher erwartet uns mit Sicherheit ein hochklassiges Turnier. Und wer sich den &hellip; <a href=\"https:\/\/www.esports-betting.pro\/de\/dota2\/epicenter-2017\/wetten-quoten\/\">Continued<\/a><\/p>\n","protected":false},"author":24,"featured_media":0,"parent":16986,"menu_order":0,"comment_status":"closed","ping_status":"closed","template":"","meta":{"_acf_changed":false,"footnotes":""},"acf":[],"yoast_head":"<!-- This site is optimized with the Yoast SEO plugin v22.6 - https:\/\/yoast.com\/wordpress\/plugins\/seo\/ -->\n<title>Wetten und Quoten - Epicenter 2017 Dota 2<\/title>\n<meta name=\"description\" content=\"Wettquoten, Wettarten und Buchmacher f\u00fcr Wetten auf das Dota 2 Turnier Epicenter 2017. Finde die besten Quoten f\u00fcr das 2017 Epicenter in Moskau.\" \/>\n<meta name=\"robots\" content=\"index, follow, max-snippet:-1, max-image-preview:large, max-video-preview:-1\" \/>\n<link rel=\"canonical\" href=\"https:\/\/www.esports-betting.pro\/de\/dota2\/epicenter-2017\/wetten-quoten\/\" \/>\n<meta property=\"og:locale\" content=\"de_DE\" \/>\n<meta property=\"og:type\" content=\"article\" \/>\n<meta property=\"og:title\" content=\"Wetten und Quoten - Epicenter 2017 Dota 2\" \/>\n<meta property=\"og:description\" content=\"Wettquoten, Wettarten und Buchmacher f\u00fcr Wetten auf das Dota 2 Turnier Epicenter 2017. Finde die besten Quoten f\u00fcr das 2017 Epicenter in Moskau.\" \/>\n<meta property=\"og:url\" content=\"https:\/\/www.esports-betting.pro\/de\/dota2\/epicenter-2017\/wetten-quoten\/\" \/>\n<meta property=\"og:site_name\" content=\"Esports Betting - DE\" \/>\n<meta name=\"twitter:card\" content=\"summary_large_image\" \/>\n<meta name=\"twitter:image\" content=\"https:\/\/www.esports-betting.pro\/app\/uploads\/sites\/2\/epicenter-logo-dota-2.jpg\" \/>\n<meta name=\"twitter:label1\" content=\"Est. reading time\" \/>\n\t<meta name=\"twitter:data1\" content=\"2 Minuten\" \/>\n<script type=\"application\/ld+json\" class=\"yoast-schema-graph\">{\"@context\":\"https:\/\/schema.org\",\"@graph\":[{\"@type\":\"WebPage\",\"@id\":\"https:\/\/www.esports-betting.pro\/de\/dota2\/epicenter-2017\/wetten-quoten\/\",\"url\":\"https:\/\/www.esports-betting.pro\/de\/dota2\/epicenter-2017\/wetten-quoten\/\",\"name\":\"Wetten und Quoten - Epicenter 2017 Dota 2\",\"isPartOf\":{\"@id\":\"https:\/\/www.esports-betting.pro\/de\/#website\"},\"primaryImageOfPage\":{\"@id\":\"https:\/\/www.esports-betting.pro\/de\/dota2\/epicenter-2017\/wetten-quoten\/#primaryimage\"},\"image\":{\"@id\":\"https:\/\/www.esports-betting.pro\/de\/dota2\/epicenter-2017\/wetten-quoten\/#primaryimage\"},\"thumbnailUrl\":\"https:\/\/www.esports-betting.pro\/app\/uploads\/sites\/2\/Dota2-Icon.png\",\"datePublished\":\"2017-05-24T17:57:59+00:00\",\"dateModified\":\"2017-05-24T17:57:59+00:00\",\"description\":\"Wettquoten, Wettarten und Buchmacher f\u00fcr Wetten auf das Dota 2 Turnier Epicenter 2017. Finde die besten Quoten f\u00fcr das 2017 Epicenter in Moskau.\",\"breadcrumb\":{\"@id\":\"https:\/\/www.esports-betting.pro\/de\/dota2\/epicenter-2017\/wetten-quoten\/#breadcrumb\"},\"inLanguage\":\"de-DE\",\"potentialAction\":[{\"@type\":\"ReadAction\",\"target\":[\"https:\/\/www.esports-betting.pro\/de\/dota2\/epicenter-2017\/wetten-quoten\/\"]}]},{\"@type\":\"ImageObject\",\"inLanguage\":\"de-DE\",\"@id\":\"https:\/\/www.esports-betting.pro\/de\/dota2\/epicenter-2017\/wetten-quoten\/#primaryimage\",\"url\":\"https:\/\/www.esports-betting.pro\/app\/uploads\/sites\/2\/Dota2-Icon.png\",\"contentUrl\":\"https:\/\/www.esports-betting.pro\/app\/uploads\/sites\/2\/Dota2-Icon.png\"},{\"@type\":\"BreadcrumbList\",\"@id\":\"https:\/\/www.esports-betting.pro\/de\/dota2\/epicenter-2017\/wetten-quoten\/#breadcrumb\",\"itemListElement\":[{\"@type\":\"ListItem\",\"position\":1,\"name\":\"Home\",\"item\":\"https:\/\/www.esports-betting.pro\/de\/\"},{\"@type\":\"ListItem\",\"position\":2,\"name\":\"Dota 2 Wetten &#8211; Wettanbieter und Quoten\",\"item\":\"https:\/\/www.esports-betting.pro\/de\/dota2\/\"},{\"@type\":\"ListItem\",\"position\":3,\"name\":\"EPICENTER 2017 &#8211; Dota 2 &#8211; Vorschau, Spielplan, Wettquoten\",\"item\":\"https:\/\/www.esports-betting.pro\/de\/dota2\/epicenter-2017\/\"},{\"@type\":\"ListItem\",\"position\":4,\"name\":\"Wetten und Quoten &#8211; EPICENTER 2017 Dota 2\"}]},{\"@type\":\"WebSite\",\"@id\":\"https:\/\/www.esports-betting.pro\/de\/#website\",\"url\":\"https:\/\/www.esports-betting.pro\/de\/\",\"name\":\"Esports Betting - DE\",\"description\":\"Just another Esports Betting Sites site\",\"potentialAction\":[{\"@type\":\"SearchAction\",\"target\":{\"@type\":\"EntryPoint\",\"urlTemplate\":\"https:\/\/www.esports-betting.pro\/de\/?s={search_term_string}\"},\"query-input\":\"required name=search_term_string\"}],\"inLanguage\":\"de-DE\"}]}<\/script>\n<!-- \/ Yoast SEO plugin. -->","yoast_head_json":{"title":"Wetten und Quoten - Epicenter 2017 Dota 2","description":"Wettquoten, Wettarten und Buchmacher f\u00fcr Wetten auf das Dota 2 Turnier Epicenter 2017. Finde die besten Quoten f\u00fcr das 2017 Epicenter in Moskau.","robots":{"index":"index","follow":"follow","max-snippet":"max-snippet:-1","max-image-preview":"max-image-preview:large","max-video-preview":"max-video-preview:-1"},"canonical":"https:\/\/www.esports-betting.pro\/de\/dota2\/epicenter-2017\/wetten-quoten\/","og_locale":"de_DE","og_type":"article","og_title":"Wetten und Quoten - Epicenter 2017 Dota 2","og_description":"Wettquoten, Wettarten und Buchmacher f\u00fcr Wetten auf das Dota 2 Turnier Epicenter 2017. Finde die besten Quoten f\u00fcr das 2017 Epicenter in Moskau.","og_url":"https:\/\/www.esports-betting.pro\/de\/dota2\/epicenter-2017\/wetten-quoten\/","og_site_name":"Esports Betting - DE","twitter_card":"summary_large_image","twitter_image":"https:\/\/www.esports-betting.pro\/app\/uploads\/sites\/2\/epicenter-logo-dota-2.jpg","twitter_misc":{"Est. reading time":"2 Minuten"},"schema":{"@context":"https:\/\/schema.org","@graph":[{"@type":"WebPage","@id":"https:\/\/www.esports-betting.pro\/de\/dota2\/epicenter-2017\/wetten-quoten\/","url":"https:\/\/www.esports-betting.pro\/de\/dota2\/epicenter-2017\/wetten-quoten\/","name":"Wetten und Quoten - Epicenter 2017 Dota 2","isPartOf":{"@id":"https:\/\/www.esports-betting.pro\/de\/#website"},"primaryImageOfPage":{"@id":"https:\/\/www.esports-betting.pro\/de\/dota2\/epicenter-2017\/wetten-quoten\/#primaryimage"},"image":{"@id":"https:\/\/www.esports-betting.pro\/de\/dota2\/epicenter-2017\/wetten-quoten\/#primaryimage"},"thumbnailUrl":"https:\/\/www.esports-betting.pro\/app\/uploads\/sites\/2\/Dota2-Icon.png","datePublished":"2017-05-24T17:57:59+00:00","dateModified":"2017-05-24T17:57:59+00:00","description":"Wettquoten, Wettarten und Buchmacher f\u00fcr Wetten auf das Dota 2 Turnier Epicenter 2017. Finde die besten Quoten f\u00fcr das 2017 Epicenter in Moskau.","breadcrumb":{"@id":"https:\/\/www.esports-betting.pro\/de\/dota2\/epicenter-2017\/wetten-quoten\/#breadcrumb"},"inLanguage":"de-DE","potentialAction":[{"@type":"ReadAction","target":["https:\/\/www.esports-betting.pro\/de\/dota2\/epicenter-2017\/wetten-quoten\/"]}]},{"@type":"ImageObject","inLanguage":"de-DE","@id":"https:\/\/www.esports-betting.pro\/de\/dota2\/epicenter-2017\/wetten-quoten\/#primaryimage","url":"https:\/\/www.esports-betting.pro\/app\/uploads\/sites\/2\/Dota2-Icon.png","contentUrl":"https:\/\/www.esports-betting.pro\/app\/uploads\/sites\/2\/Dota2-Icon.png"},{"@type":"BreadcrumbList","@id":"https:\/\/www.esports-betting.pro\/de\/dota2\/epicenter-2017\/wetten-quoten\/#breadcrumb","itemListElement":[{"@type":"ListItem","position":1,"name":"Home","item":"https:\/\/www.esports-betting.pro\/de\/"},{"@type":"ListItem","position":2,"name":"Dota 2 Wetten &#8211; Wettanbieter und Quoten","item":"https:\/\/www.esports-betting.pro\/de\/dota2\/"},{"@type":"ListItem","position":3,"name":"EPICENTER 2017 &#8211; Dota 2 &#8211; Vorschau, Spielplan, Wettquoten","item":"https:\/\/www.esports-betting.pro\/de\/dota2\/epicenter-2017\/"},{"@type":"ListItem","position":4,"name":"Wetten und Quoten &#8211; EPICENTER 2017 Dota 2"}]},{"@type":"WebSite","@id":"https:\/\/www.esports-betting.pro\/de\/#website","url":"https:\/\/www.esports-betting.pro\/de\/","name":"Esports Betting - DE","description":"Just another Esports Betting Sites site","potentialAction":[{"@type":"SearchAction","target":{"@type":"EntryPoint","urlTemplate":"https:\/\/www.esports-betting.pro\/de\/?s={search_term_string}"},"query-input":"required name=search_term_string"}],"inLanguage":"de-DE"}]}},"_links":{"self":[{"href":"https:\/\/www.esports-betting.pro\/de\/wp-json\/wp\/v2\/pages\/17254"}],"collection":[{"href":"https:\/\/www.esports-betting.pro\/de\/wp-json\/wp\/v2\/pages"}],"about":[{"href":"https:\/\/www.esports-betting.pro\/de\/wp-json\/wp\/v2\/types\/page"}],"author":[{"embeddable":true,"href":"https:\/\/www.esports-betting.pro\/de\/wp-json\/wp\/v2\/users\/24"}],"replies":[{"embeddable":true,"href":"https:\/\/www.esports-betting.pro\/de\/wp-json\/wp\/v2\/comments?post=17254"}],"version-history":[{"count":0,"href":"https:\/\/www.esports-betting.pro\/de\/wp-json\/wp\/v2\/pages\/17254\/revisions"}],"up":[{"embeddable":true,"href":"https:\/\/www.esports-betting.pro\/de\/wp-json\/wp\/v2\/pages\/16986"}],"wp:attachment":[{"href":"https:\/\/www.esports-betting.pro\/de\/wp-json\/wp\/v2\/media?parent=17254"}],"curies":[{"name":"wp","href":"https:\/\/api.w.org\/{rel}","templated":true}]}}