{"id":17168,"date":"2019-04-03T08:21:39","date_gmt":"2019-04-03T07:21:39","guid":{"rendered":"https:\/\/www.esports-betting.pro\/de\/?page_id=17168"},"modified":"2022-08-31T10:33:52","modified_gmt":"2022-08-31T10:33:52","slug":"esport-prognosen-wetttipps","status":"publish","type":"page","link":"https:\/\/www.esports-betting.pro\/de\/esport-prognosen-wetttipps\/","title":{"rendered":"Esport Prognosen und Wetttipps"},"content":{"rendered":"<p style=\"text-align: justify;\">Befindet ihr euch manchmal\u00a0auf der Suche nach Wett-Tipps und Prognosen rund um den Esport\u00a0und verliert schon\u00a0den \u00dcberblick \u00fcber das mittlerweile gro\u00dfe Angebot f\u00fcr\u00a0Esport Turniere von\u00a0League of Legends, Dota 2, Starcraft 2, CS:GO und Hearthstone? Dann seid ihr hier genau richtig bei unserer Informationsseite zu Esport-Prognosen und Wett-Tipps. Um in dem st\u00e4ndig wachsendem Gesch\u00e4ft des Esport erfolgreich Geld zu verdienen, insbesondere durch Sportwetten, ist es wichtig, gut informiert zu sein \u00fcber alle Ergebnisse und Spielpl\u00e4ne, Roster\u00e4nderungen und Turnierformate. Wenn ihr euch nicht sicher seid, wo ihr eure Wetten platzieren sollt, k\u00f6nnt ihr auch jederzeit unsere Prognosen durchst\u00f6bern und euch die eine oder andere Anregung holen.\u00a0Weiterhin\u00a0vergleichen wir hier f\u00fcr euch die wichtigsten Wettquoten, um euch bei der Entscheidung zu helfen, welchem Buchmacher ihr vertrauen wollt. Doch zun\u00e4chst wollen wir euch die neuesten\u00a0Wett-Tipps und Prognosen zeigen.<\/p>\n<h2>Aktuelle Esport Wett-Tipps, Ergebnisse und Prognosen<\/h2>\n<ul>\n<li><a href=\"https:\/\/www.esports-betting.pro\/de\/news\/lol\/lcs-2017\/spielplan-nalcs-summer-split\/\">Spielplan & Ergebnisse NA LCS Summer Split 2017<\/a><\/li>\n<li><a href=\"https:\/\/www.esports-betting.pro\/de\/news\/lol\/lcs-2017\/spielplan-eulcs-summer-split\/\">Spielplan & Ergebnisse EU LCS Summer Split 2017<\/a><\/li>\n<li><a href=\"https:\/\/www.esports-betting.pro\/de\/lol\/league-of-legends-weltmeisterschaft-2017-season-7\/wetten-quoten\/\">LoL WM 2017 Wetteangebot\u00a0<\/a><\/li>\n<li>Turniersieger LoL WM (sobald ver\u00f6ffentlicht)<\/li>\n<li><a href=\"https:\/\/www.esports-betting.pro\/de\/lol\/\">Wettanbieter und Wetten f\u00fcr LoL<\/a><\/li>\n<li><a href=\"https:\/\/www.esports-betting.pro\/de\/dota2\/manila-masters-2017\/\">Manila Masters 2017 Dota 2<\/a><\/li>\n<li><a href=\"https:\/\/www.esports-betting.pro\/de\/dota2\/ti7-the-international-2017\/\">The International 2017 Dota 2<\/a><\/li>\n<li><a href=\"https:\/\/www.esports-betting.pro\/de\/csgo\/esl-one-cologne-2017\/\">ESL One 2017 CS:GO<\/a><\/li>\n<li><a href=\"https:\/\/www.esports-betting.pro\/de\/csgo\/pgl-major-krakow-2017\/\">PGL Major Krak\u00f3w CS:GO<\/a><\/li>\n<\/ul>\n<p>&nbsp;<\/p>\n<h2>\u00dcber unsere Wett-Tipps und Esports Prognosen<\/h2>\n<p>Nat\u00fcrlich sind unsere Wett-Empfehlungen keine Garantie f\u00fcr euch, Gewinn zu erwirtschaften. Wir k\u00f6nnen nicht vorhersagen wie die Spiele ausgehen, k\u00f6nnen euch aber nach bestem Wissen und Gewissen unsere Einsch\u00e4tzungen und Kenntnisse zu den F\u00e4higkeiten und Formkurven der jeweiligen Teams verraten. Au\u00dferdem seid ihr mit unseren Spielpl\u00e4nen und Ergebnissen stets up to date, und wir informieren euch dar\u00fcber, welcher Buchmacher die besten Quoten f\u00fcr euch parat hat. Mehr \u00fcber unsere empfohlenen Wettanbieter findet ihr auf unserer Seite \u00fcber\u00a0<a href=\"https:\/\/www.esports-betting.pro\/de\/buchmacher-wettanbieter\/\">Esport Wettanbieter, Wettseiten und Buchmacher<\/a>.<\/p>\n<figure style=\"width: 100px\" class=\"wp-caption alignleft\"><img loading=\"lazy\" decoding=\"async\" style=\"margin-left: 10px; margin-right: 10px;\" src=\"https:\/\/www.esports-betting.pro\/app\/uploads\/sites\/2\/bet-at-home-Logo.gif\" alt=\"Logo vom Esport Wettanbieter Bet-at-Home\" width=\"100\" height=\"32\" \/><figcaption class=\"wp-caption-text\"><br \/><strong><a title=\"Bet-at-Home Review\" href=\"https:\/\/www.esports-betting.pro\/de\/buchmacher-wettanbieter\/bet-at-home-review\/\">Review<\/a><\/strong><br \/><strong><a href=\"http:\/\/affiliates.bet-at-home.com\/processing\/clickthrgh.asp?btag=a_79661b_31128&aid=\" target=\"_blank\" rel=\"nofollow noopener noreferrer\">zur Webseite<\/a><\/strong><\/figcaption><\/figure>\n<figure style=\"width: 100px\" class=\"wp-caption alignleft\"><img loading=\"lazy\" decoding=\"async\" style=\"margin-left: 10px; margin-right: 10px;\" src=\"https:\/\/www.esports-betting.pro\/app\/uploads\/sites\/2\/2022\/08\/Betway-Logo-100x30-1.jpg\" alt=\"Logo vom Esport Wettanbieter Betway\" width=\"100\" height=\"31\" \/><figcaption class=\"wp-caption-text\"><br \/><strong><a title=\"Betway Review\" href=\"https:\/\/www.esports-betting.pro\/de\/buchmacher-wettanbieter\/betway-review\/\">Review<\/a><br \/><a href=\"https:\/\/esports.betway.com\/1030CSGO\/?s=37436&a=bwadid55664\" target=\"_blank\" rel=\"nofollow noopener noreferrer\">zur Webseite<\/a><\/strong><\/figcaption><\/figure>\n<h2 style=\"clear: both;\">Unser Esport Angebot<\/h2>\n<p>Wenn man unsere Seite besucht, erkennt man sofort, dass wir \u00fcber 5 Esport-Titel berichten: League of Legends, Dota 2, Starcraft, Hearthstone und Counter Strike: Global Offensive. Unser Fokus liegt hierbei jedoch auf LoL gefolgt von CS:GO und Dota 2, was auch einfach an das Interesse der \u00d6ffentlichkeit an dem jeweiligen Titel und dem verf\u00fcgbaren Wettangebot angepasst ist.<\/p>\n<p style=\"text-align: justify;\"><strong>Games mit den gr\u00f6\u00dften Wettm\u00e4rkten:<br \/>\n<\/strong><\/p>\n<ul style=\"font-size: 18px; margin-left: 0px;\">\n<li><a title=\"Buchmacher und Wetten f\u00fcr League of Legends \u2013 LoL\" href=\"https:\/\/www.esports-betting.pro\/de\/lol\/\"><img decoding=\"async\" style=\"margin-bottom: 5px;\" src=\"https:\/\/www.esports-betting.pro\/app\/uploads\/sites\/2\/League-of-Legends-Icon.jpg\" alt=\"League of Legends (LoL)\" \/> League of Legends Wetten<\/a><\/li>\n<li><a title=\"Dota 2 Wettinfo: Buchmacher, Wetten, Turniere\" href=\"https:\/\/www.esports-betting.pro\/de\/dota2\/\"><img decoding=\"async\" style=\"margin-bottom: 5px;\" src=\"https:\/\/www.esports-betting.pro\/app\/uploads\/sites\/2\/Dota-2-Icon.jpg\" alt=\"Dota 2\" \/> Dota 2 Wetten<\/a><\/li>\n<li><a title=\"CS:GO Counter-Strike | Wetten und Wettanbieter\" href=\"https:\/\/www.esports-betting.pro\/de\/csgo\/\"><img decoding=\"async\" style=\"margin-bottom: 5px;\" src=\"https:\/\/www.esports-betting.pro\/app\/uploads\/sites\/2\/CSGO-Icon.jpg\" alt=\"CSGO\" \/> CS:GO Wetten<\/a><\/li>\n<li><a title=\"Starcraft 2 Wetten\" href=\"https:\/\/www.esports-betting.pro\/de\/starcraft-2\/\"><img decoding=\"async\" style=\"margin-bottom: 5px;\" src=\"https:\/\/www.esports-betting.pro\/app\/uploads\/sites\/2\/Starcraft-2-Icon.jpg\" alt=\"Starcraft 2\" \/> Starcraft 2 Wetten<\/a><\/li>\n<li><a title=\"Hearthstone: Heroes of Warcraft Wetten\" href=\"https:\/\/www.esports-betting.pro\/de\/hearthstone-heroes-of-warcraft\/\"><img decoding=\"async\" style=\"margin-bottom: 5px;\" src=\"https:\/\/www.esports-betting.pro\/app\/uploads\/sites\/2\/Hearthstone-Icon.jpg\" alt=\"Hearthstone\" \/> Hearthstone Wetten<\/a><\/li>\n<\/ul>\n","protected":false},"excerpt":{"rendered":"<p>Befindet ihr euch manchmal\u00a0auf der Suche nach Wett-Tipps und Prognosen rund um den Esport\u00a0und verliert schon\u00a0den \u00dcberblick \u00fcber das mittlerweile gro\u00dfe Angebot f\u00fcr\u00a0Esport Turniere von\u00a0League of Legends, Dota 2, Starcraft 2, CS:GO und Hearthstone? Dann seid ihr hier genau richtig bei unserer Informationsseite zu Esport-Prognosen und Wett-Tipps. Um in dem st\u00e4ndig wachsendem Gesch\u00e4ft des Esport &hellip; <a href=\"https:\/\/www.esports-betting.pro\/de\/esport-prognosen-wetttipps\/\">Continued<\/a><\/p>\n","protected":false},"author":24,"featured_media":0,"parent":0,"menu_order":0,"comment_status":"closed","ping_status":"closed","template":"","meta":{"_acf_changed":false,"footnotes":""},"acf":[],"yoast_head":"<!-- This site is optimized with the Yoast SEO plugin v22.6 - https:\/\/yoast.com\/wordpress\/plugins\/seo\/ -->\n<title>Esport Prognosen und Wett-Tipps<\/title>\n<meta name=\"description\" content=\"Hier findet ihr aktuelle Prognosen und Wett-Tipps zu League of Legends (LoL), Dota 2, CS:GO etc sowie Spielpl\u00e4ne und Ergebnisse der n\u00e4chsten Turniere..\" \/>\n<meta name=\"robots\" content=\"index, follow, max-snippet:-1, max-image-preview:large, max-video-preview:-1\" \/>\n<link rel=\"canonical\" href=\"https:\/\/www.esports-betting.pro\/de\/esport-prognosen-wetttipps\/\" \/>\n<meta property=\"og:locale\" content=\"de_DE\" \/>\n<meta property=\"og:type\" content=\"article\" \/>\n<meta property=\"og:title\" content=\"Esport Prognosen und Wett-Tipps\" \/>\n<meta property=\"og:description\" content=\"Hier findet ihr aktuelle Prognosen und Wett-Tipps zu League of Legends (LoL), Dota 2, CS:GO etc sowie Spielpl\u00e4ne und Ergebnisse der n\u00e4chsten Turniere..\" \/>\n<meta property=\"og:url\" content=\"https:\/\/www.esports-betting.pro\/de\/esport-prognosen-wetttipps\/\" \/>\n<meta property=\"og:site_name\" content=\"Esports Betting - DE\" \/>\n<meta property=\"article:modified_time\" content=\"2022-08-31T10:33:52+00:00\" \/>\n<meta property=\"og:image\" content=\"https:\/\/www.esports-betting.pro\/app\/uploads\/sites\/2\/bet-at-home-Logo.gif\" \/>\n<meta name=\"twitter:card\" content=\"summary_large_image\" \/>\n<meta name=\"twitter:label1\" content=\"Est. reading time\" \/>\n\t<meta name=\"twitter:data1\" content=\"4 Minuten\" \/>\n<script type=\"application\/ld+json\" class=\"yoast-schema-graph\">{\"@context\":\"https:\/\/schema.org\",\"@graph\":[{\"@type\":\"WebPage\",\"@id\":\"https:\/\/www.esports-betting.pro\/de\/esport-prognosen-wetttipps\/\",\"url\":\"https:\/\/www.esports-betting.pro\/de\/esport-prognosen-wetttipps\/\",\"name\":\"Esport Prognosen und Wett-Tipps\",\"isPartOf\":{\"@id\":\"https:\/\/www.esports-betting.pro\/de\/#website\"},\"primaryImageOfPage\":{\"@id\":\"https:\/\/www.esports-betting.pro\/de\/esport-prognosen-wetttipps\/#primaryimage\"},\"image\":{\"@id\":\"https:\/\/www.esports-betting.pro\/de\/esport-prognosen-wetttipps\/#primaryimage\"},\"thumbnailUrl\":\"https:\/\/www.esports-betting.pro\/app\/uploads\/sites\/2\/bet-at-home-Logo.gif\",\"datePublished\":\"2019-04-03T07:21:39+00:00\",\"dateModified\":\"2022-08-31T10:33:52+00:00\",\"description\":\"Hier findet ihr aktuelle Prognosen und Wett-Tipps zu League of Legends (LoL), Dota 2, CS:GO etc sowie Spielpl\u00e4ne und Ergebnisse der n\u00e4chsten Turniere..\",\"breadcrumb\":{\"@id\":\"https:\/\/www.esports-betting.pro\/de\/esport-prognosen-wetttipps\/#breadcrumb\"},\"inLanguage\":\"de-DE\",\"potentialAction\":[{\"@type\":\"ReadAction\",\"target\":[\"https:\/\/www.esports-betting.pro\/de\/esport-prognosen-wetttipps\/\"]}]},{\"@type\":\"ImageObject\",\"inLanguage\":\"de-DE\",\"@id\":\"https:\/\/www.esports-betting.pro\/de\/esport-prognosen-wetttipps\/#primaryimage\",\"url\":\"https:\/\/www.esports-betting.pro\/app\/uploads\/sites\/2\/bet-at-home-Logo.gif\",\"contentUrl\":\"https:\/\/www.esports-betting.pro\/app\/uploads\/sites\/2\/bet-at-home-Logo.gif\"},{\"@type\":\"BreadcrumbList\",\"@id\":\"https:\/\/www.esports-betting.pro\/de\/esport-prognosen-wetttipps\/#breadcrumb\",\"itemListElement\":[{\"@type\":\"ListItem\",\"position\":1,\"name\":\"Home\",\"item\":\"https:\/\/www.esports-betting.pro\/de\/\"},{\"@type\":\"ListItem\",\"position\":2,\"name\":\"Esport Prognosen und Wetttipps\"}]},{\"@type\":\"WebSite\",\"@id\":\"https:\/\/www.esports-betting.pro\/de\/#website\",\"url\":\"https:\/\/www.esports-betting.pro\/de\/\",\"name\":\"Esports Betting - DE\",\"description\":\"Just another Esports Betting Sites site\",\"potentialAction\":[{\"@type\":\"SearchAction\",\"target\":{\"@type\":\"EntryPoint\",\"urlTemplate\":\"https:\/\/www.esports-betting.pro\/de\/?s={search_term_string}\"},\"query-input\":\"required name=search_term_string\"}],\"inLanguage\":\"de-DE\"}]}<\/script>\n<!-- \/ Yoast SEO plugin. -->","yoast_head_json":{"title":"Esport Prognosen und Wett-Tipps","description":"Hier findet ihr aktuelle Prognosen und Wett-Tipps zu League of Legends (LoL), Dota 2, CS:GO etc sowie Spielpl\u00e4ne und Ergebnisse der n\u00e4chsten Turniere..","robots":{"index":"index","follow":"follow","max-snippet":"max-snippet:-1","max-image-preview":"max-image-preview:large","max-video-preview":"max-video-preview:-1"},"canonical":"https:\/\/www.esports-betting.pro\/de\/esport-prognosen-wetttipps\/","og_locale":"de_DE","og_type":"article","og_title":"Esport Prognosen und Wett-Tipps","og_description":"Hier findet ihr aktuelle Prognosen und Wett-Tipps zu League of Legends (LoL), Dota 2, CS:GO etc sowie Spielpl\u00e4ne und Ergebnisse der n\u00e4chsten Turniere..","og_url":"https:\/\/www.esports-betting.pro\/de\/esport-prognosen-wetttipps\/","og_site_name":"Esports Betting - DE","article_modified_time":"2022-08-31T10:33:52+00:00","og_image":[{"url":"https:\/\/www.esports-betting.pro\/app\/uploads\/sites\/2\/bet-at-home-Logo.gif"}],"twitter_card":"summary_large_image","twitter_misc":{"Est. reading time":"4 Minuten"},"schema":{"@context":"https:\/\/schema.org","@graph":[{"@type":"WebPage","@id":"https:\/\/www.esports-betting.pro\/de\/esport-prognosen-wetttipps\/","url":"https:\/\/www.esports-betting.pro\/de\/esport-prognosen-wetttipps\/","name":"Esport Prognosen und Wett-Tipps","isPartOf":{"@id":"https:\/\/www.esports-betting.pro\/de\/#website"},"primaryImageOfPage":{"@id":"https:\/\/www.esports-betting.pro\/de\/esport-prognosen-wetttipps\/#primaryimage"},"image":{"@id":"https:\/\/www.esports-betting.pro\/de\/esport-prognosen-wetttipps\/#primaryimage"},"thumbnailUrl":"https:\/\/www.esports-betting.pro\/app\/uploads\/sites\/2\/bet-at-home-Logo.gif","datePublished":"2019-04-03T07:21:39+00:00","dateModified":"2022-08-31T10:33:52+00:00","description":"Hier findet ihr aktuelle Prognosen und Wett-Tipps zu League of Legends (LoL), Dota 2, CS:GO etc sowie Spielpl\u00e4ne und Ergebnisse der n\u00e4chsten Turniere..","breadcrumb":{"@id":"https:\/\/www.esports-betting.pro\/de\/esport-prognosen-wetttipps\/#breadcrumb"},"inLanguage":"de-DE","potentialAction":[{"@type":"ReadAction","target":["https:\/\/www.esports-betting.pro\/de\/esport-prognosen-wetttipps\/"]}]},{"@type":"ImageObject","inLanguage":"de-DE","@id":"https:\/\/www.esports-betting.pro\/de\/esport-prognosen-wetttipps\/#primaryimage","url":"https:\/\/www.esports-betting.pro\/app\/uploads\/sites\/2\/bet-at-home-Logo.gif","contentUrl":"https:\/\/www.esports-betting.pro\/app\/uploads\/sites\/2\/bet-at-home-Logo.gif"},{"@type":"BreadcrumbList","@id":"https:\/\/www.esports-betting.pro\/de\/esport-prognosen-wetttipps\/#breadcrumb","itemListElement":[{"@type":"ListItem","position":1,"name":"Home","item":"https:\/\/www.esports-betting.pro\/de\/"},{"@type":"ListItem","position":2,"name":"Esport Prognosen und Wetttipps"}]},{"@type":"WebSite","@id":"https:\/\/www.esports-betting.pro\/de\/#website","url":"https:\/\/www.esports-betting.pro\/de\/","name":"Esports Betting - DE","description":"Just another Esports Betting Sites site","potentialAction":[{"@type":"SearchAction","target":{"@type":"EntryPoint","urlTemplate":"https:\/\/www.esports-betting.pro\/de\/?s={search_term_string}"},"query-input":"required name=search_term_string"}],"inLanguage":"de-DE"}]}},"_links":{"self":[{"href":"https:\/\/www.esports-betting.pro\/de\/wp-json\/wp\/v2\/pages\/17168"}],"collection":[{"href":"https:\/\/www.esports-betting.pro\/de\/wp-json\/wp\/v2\/pages"}],"about":[{"href":"https:\/\/www.esports-betting.pro\/de\/wp-json\/wp\/v2\/types\/page"}],"author":[{"embeddable":true,"href":"https:\/\/www.esports-betting.pro\/de\/wp-json\/wp\/v2\/users\/24"}],"replies":[{"embeddable":true,"href":"https:\/\/www.esports-betting.pro\/de\/wp-json\/wp\/v2\/comments?post=17168"}],"version-history":[{"count":1,"href":"https:\/\/www.esports-betting.pro\/de\/wp-json\/wp\/v2\/pages\/17168\/revisions"}],"predecessor-version":[{"id":52148,"href":"https:\/\/www.esports-betting.pro\/de\/wp-json\/wp\/v2\/pages\/17168\/revisions\/52148"}],"wp:attachment":[{"href":"https:\/\/www.esports-betting.pro\/de\/wp-json\/wp\/v2\/media?parent=17168"}],"curies":[{"name":"wp","href":"https:\/\/api.w.org\/{rel}","templated":true}]}}