{"id":16993,"date":"2017-05-16T16:20:43","date_gmt":"2017-05-16T16:20:43","guid":{"rendered":"https:\/\/www.esports-betting.pro\/de\/?page_id=16993"},"modified":"2017-05-16T16:20:43","modified_gmt":"2017-05-16T16:20:43","slug":"wetten-quoten","status":"publish","type":"page","link":"https:\/\/www.esports-betting.pro\/de\/dota2\/ti7-the-international-2017\/wetten-quoten\/","title":{"rendered":"TI 7 Wetten und Quoten &#8211; The International 2017 Dota 2"},"content":{"rendered":"<p style=\"text-align: justify\"><span>Auch f\u00fcr dieses Jahr <\/span>wird es sicher wieder TI7 Wetten und Quoten f\u00fcr <a href=\"https:\/\/www.esports-betting.pro\/de\/dota2\/ti7-the-international-2017\/\">Dota 2 The International 2017<\/a> geben. Es ist das gr\u00f6\u00dfte Dota 2 Turnier des Jahres und wird schon mit H\u00f6chstspannung erwartet. Das Rennen um den ersten Platz wird heuer vermutlich so knapp wie schon lange nicht mehr, da sich die Teams in absoluter Top Form zeigen. Bereits jetzt gibt es die erste <a href=\"https:\/\/www.esports-betting.pro\/de\/news\/dota-2\/turnier-gesamtsieger-wettquoten-ti7\/\">Wette auf den Gesamtsieger des TI7<\/a> von bet-at-home. Zus\u00e4tzlich gibt es noch viele <a href=\"https:\/\/www.esports-betting.pro\/de\/news\/dota-2\/spezialwetten-ti7-compendium\/\">Spezialwetten f\u00fcr das TI7 Compendium<\/a>, die sich mehr im Generellen mit dem TI7 befassen. Diese bieten interessante neue M\u00f6glichkeiten zu wetten und sind auf jeden Fall einen Blick wert. Wenn ihr es etwas &#8220;spezieller&#8221; haben wollt schaut auf unserer <a href=\"https:\/\/www.esports-betting.pro\/de\/news\/dota-2\/ti7-spezialwetten\/\">TI7 Dota 2 Spezialwetten Seite<\/a> vorbei.<\/p>\n<p><strong>TI7 Main Event &#8211; T\u00e4gliche Prognosen:<br \/>\n<\/strong><a href=\"https:\/\/www.esports-betting.pro\/de\/news\/dota-2\/prognosen-ti7-main-event-tag-1\/\">Tag 1\u00a0<\/a>&gt; <a href=\"https:\/\/www.esports-betting.pro\/de\/news\/dota-2\/prognosen-ti7-main-event-tag-2\/\">Tag 2<\/a>\u00a0&gt; <a href=\"https:\/\/www.esports-betting.pro\/de\/news\/dota-2\/prognosen-ti7-main-event-tag-3\/\">Tag 3<\/a> &gt; <a href=\"https:\/\/www.esports-betting.pro\/de\/news\/dota-2\/prognosen-ti7-main-event-tag-4\/\">Tag 4<\/a> &gt; <a href=\"https:\/\/www.esports-betting.pro\/de\/news\/dota-2\/prognosen-ti7-main-event-tag-5\/\">Tag 5<\/a>\u00a0\u00a0&gt; <a href=\"https:\/\/www.esports-betting.pro\/de\/news\/dota-2\/prognosen-ti7-grand-finals-wetttips\/\"><strong><span style=\"text-decoration: underline\">Tag 6 &#8211;\u00a0Finals & Grand Finals<\/span><\/strong><\/a><\/p>\n<h2><img loading=\"lazy\" decoding=\"async\" src=\"https:\/\/www.esports-betting.pro\/app\/uploads\/sites\/2\/Dota2-Icon.png\" alt=\"Dota 2 Icon\" width=\"20\" height=\"20\" \/> Wetten & Quoten f\u00fcr das TI7 Haupt Event<img loading=\"lazy\" decoding=\"async\" class=\"aligncenter size-full wp-image-20568\" src=\"https:\/\/www.esports-betting.pro\/app\/uploads\/sites\/2\/Wettquoten-Finale-Dota-2-TI7-Haupt-Event-von-Bet365.jpg\" alt=\"Wettquoten Finale Dota 2 TI7 Haupt Event\" width=\"480\" height=\"54\" \/><br \/>\n<img loading=\"lazy\" decoding=\"async\" class=\"wp-image-20538 size-full aligncenter\" src=\"https:\/\/www.esports-betting.pro\/app\/uploads\/sites\/2\/dota-2-the-international-2017-haupt-event-tag-5-match-sieger-wettquoten-bet365.jpg\" alt=\"dota2 the international 2017 haupt event tag 5 match sieger wettquoten\" width=\"480\" height=\"107\" \/><\/h2>\n<p style=\"text-align: center\"><strong><img loading=\"lazy\" decoding=\"async\" src=\"https:\/\/www.esports-betting.pro\/app\/uploads\/sites\/2\/bet-at-home-Logo.gif\" alt=\"Logo vom Esport Wettanbieter Bet at Home\" width=\"100\" height=\"31\" \/>\u00a0<a href=\"https:\/\/www.esports-betting.pro\/de\/buchmacher-wettanbieter\/bet-at-home-review\/\">Bet at Home<\/a>\u00a0<img loading=\"lazy\" decoding=\"async\" src=\"https:\/\/www.esports-betting.pro\/app\/uploads\/sites\/2\/bet-at-home-Logo.gif\" alt=\"Logo vom Esport Wettanbieter Bet at Home\" width=\"100\" height=\"31\" \/><br \/>\n<img loading=\"lazy\" decoding=\"async\" class=\"aligncenter size-full wp-image-20569\" src=\"https:\/\/www.esports-betting.pro\/app\/uploads\/sites\/2\/Wettquoten-Finale-Dota-2-TI7-Haupt-Event-von-BetatHome.jpg\" alt=\"Wettquoten Finale Dota 2 TI7 Haupt-Event von BetatHome\" width=\"480\" height=\"60\" \/><br \/>\n<\/strong><img loading=\"lazy\" decoding=\"async\" class=\"wp-image-20539 size-full aligncenter\" src=\"https:\/\/www.esports-betting.pro\/app\/uploads\/sites\/2\/dota-2-the-international-2017-tag-5-main-event-match-sieger-wettquoten-bet-at-home.jpg\" alt=\"dota 2 the international 2017 tag 5 main event match sieger wettquoten bet at home\" width=\"480\" height=\"65\" \/><strong><br \/>\n<\/strong><strong>Die TI 7 Wettquoten auf Bet at Home findet ihr im Men\u00fc Links:<\/strong> Dota 2 &gt; The International<\/p>\n<h2><img loading=\"lazy\" decoding=\"async\" src=\"https:\/\/www.esports-betting.pro\/app\/uploads\/sites\/2\/Dota2-Icon.png\" alt=\"Dota 2 Icon\" width=\"20\" height=\"20\" \/> Wettquoten f\u00fcr die TI7 Gruppenphase<\/h2>\n<p style=\"text-align: justify\">Wie zu erwarten hat bet-at-home auch f\u00fcr die <a href=\"https:\/\/www.esports-betting.pro\/de\/dota2\/ti7-the-international-2017\/gruppenphase\/\">Gruppenphase des Dota 2 TI7<\/a> Wetten & Quoten ver\u00f6ffentlicht. Hier gibt es etliche Wetten, da sehr Spiele an einem Tag gespielt werden. Die Spiele werden in einem Best-Of-Two Format gespielt werden und so besteht nat\u00fcrlich auch die M\u00f6glichkeit, dass die Spiele unentschieden ausgehen. Der Screenshot ist nur ein Auszug aus den <a href=\"https:\/\/www.esports-betting.pro\/de\/dota2\/\">Dota 2 Wetten<\/a>, f\u00fcr alle Interessierten lohnt sich der Besuch auf der Wettseite. Die Quoten k\u00f6nnen sich bis Spielbeginn noch \u00e4ndern. Andererseits gibt es <a href=\"https:\/\/www.esports-betting.pro\/de\/news\/dota-2\/ti7-livewetten\/\">auch TI7 Livewetten<\/a>, deren Quoten sich w\u00e4hrend des Spiels noch \u00e4ndern. Weitere Wettm\u00f6glichkeiten findet ihr auf der <a href=\"https:\/\/www.esports-betting.pro\/de\/news\/dota-2\/ti7-spezialwetten\/\">Spezialwetten f\u00fcr TI7<\/a> Subseite.<strong><img loading=\"lazy\" decoding=\"async\" class=\"wp-image-20077 size-full aligncenter\" src=\"https:\/\/www.esports-betting.pro\/app\/uploads\/sites\/2\/dota-2-the-international-2017-gruppenphase-tag-4-match-sieger-wettquoten-bet365.jpg\" alt=\"dota 2 the international 2017 gruppenphase tag 4 match sieger wettquoten\" width=\"480\" height=\"501\" \/><\/strong><\/p>\n<p style=\"text-align: center\"><strong><img loading=\"lazy\" decoding=\"async\" src=\"https:\/\/www.esports-betting.pro\/app\/uploads\/sites\/2\/bet-at-home-Logo.gif\" alt=\"Logo vom Esport Wettanbieter Bet at Home\" width=\"100\" height=\"31\" \/>\u00a0<a href=\"https:\/\/www.esports-betting.pro\/de\/buchmacher-wettanbieter\/bet-at-home-review\/\">Bet at Home<\/a>\u00a0<img loading=\"lazy\" decoding=\"async\" src=\"https:\/\/www.esports-betting.pro\/app\/uploads\/sites\/2\/bet-at-home-Logo.gif\" alt=\"Logo vom Esport Wettanbieter Bet at Home\" width=\"100\" height=\"31\" \/><br \/>\n<\/strong><img loading=\"lazy\" decoding=\"async\" class=\"wp-image-20078 size-full aligncenter\" src=\"https:\/\/www.esports-betting.pro\/app\/uploads\/sites\/2\/dota-2-the-international-2017-gruppenphase-tag-4-match-sieger-wettquoten-betathome.jpg\" alt=\"dota 2 the international 2017 gruppenphase tag 4 match sieger wettquoten bet at home\" width=\"480\" height=\"349\" \/><strong><br \/>\n<\/strong><strong>Die TI 7 Wettquoten auf Bet at Home findet ihr im Men\u00fc Links:<\/strong>\u00a0E-Sport &gt; Dota 2<\/p>\n<h2><img loading=\"lazy\" decoding=\"async\" src=\"https:\/\/www.esports-betting.pro\/app\/uploads\/sites\/2\/Dota2-Icon.png\" alt=\"Dota 2 Icon\" width=\"20\" height=\"20\" \/> TI7 Turniersieger Wettquoten<\/h2>\n<p>Die erste <a href=\"https:\/\/www.esports-betting.pro\/de\/news\/dota-2\/turnier-gesamtsieger-wettquoten-ti7\/\">Wette auf den Gesamtsieger des TI7<\/a> ist hier! bet-at-home hat bereits jetzt die ersten Quoten f\u00fcr die Gesamtsieger Wette ver\u00f6ffentlicht. Da es bis zum Turnierstart noch etwas dauern wird, werden sich die Quoten sicherlich noch \u00e4ndern. Daher immer wieder Die Esport Wettseiten zu checken lohnt sich.<img loading=\"lazy\" decoding=\"async\" class=\"wp-image-19766 size-full aligncenter\" src=\"https:\/\/www.esports-betting.pro\/app\/uploads\/sites\/2\/dota-2-the-international-2017-turniersieger-wette-quoten-bet365.jpg\" alt=\"dota2 the international 2017 turniersieger wette quoten\" width=\"560\" height=\"341\" \/><\/p>\n<p style=\"text-align: center\"><strong><img loading=\"lazy\" decoding=\"async\" src=\"https:\/\/www.esports-betting.pro\/app\/uploads\/sites\/2\/bet-at-home-Logo.gif\" alt=\"Logo vom Esport Wettanbieter Bet at Home\" width=\"100\" height=\"31\" \/>\u00a0<a href=\"https:\/\/www.esports-betting.pro\/de\/buchmacher-wettanbieter\/bet-at-home-review\/\">Bet at Home<\/a>\u00a0<img loading=\"lazy\" decoding=\"async\" src=\"https:\/\/www.esports-betting.pro\/app\/uploads\/sites\/2\/bet-at-home-Logo.gif\" alt=\"Logo vom Esport Wettanbieter Bet at Home\" width=\"100\" height=\"31\" \/><br \/>\n<\/strong><img loading=\"lazy\" decoding=\"async\" class=\"wp-image-19768 size-full aligncenter\" src=\"https:\/\/www.esports-betting.pro\/app\/uploads\/sites\/2\/dota-2-the-international-2017-gesamtsieger-wettquoten-betathome-1.jpg\" alt=\"dota 2 the international 2017 gesamtsieger wettquoten bet at home\" width=\"480\" height=\"255\" \/><strong><br \/>\n<\/strong><strong>Die TI 7 Wettquoten auf Bet at Home findet ihr im Men\u00fc Links:<\/strong>\u00a0E-Sport &gt; Dota 2<\/p>\n<p style=\"text-align: center\"><strong><img loading=\"lazy\" decoding=\"async\" class=\"size-full wp-image-6680\" src=\"https:\/\/www.esports-betting.pro\/app\/uploads\/sites\/2\/Betway-Logo-klein.jpg\" alt=\"Betway Logo\" width=\"100\" height=\"30\" \/>\u00a0<a href=\"https:\/\/www.esports-betting.pro\/de\/buchmacher-wettanbieter\/betway-review\/\">Betway<\/a>\u00a0<img loading=\"lazy\" decoding=\"async\" class=\"size-full wp-image-6680\" src=\"https:\/\/www.esports-betting.pro\/app\/uploads\/sites\/2\/Betway-Logo-klein.jpg\" alt=\"Betway Logo\" width=\"100\" height=\"30\" \/><br \/>\n<img loading=\"lazy\" decoding=\"async\" class=\"wp-image-19771 size-full aligncenter\" src=\"https:\/\/www.esports-betting.pro\/app\/uploads\/sites\/2\/dota-2-the-international-2017-gesamtsieger-wettquoten-betway.jpg\" alt=\"dota2 the international 2017 gesamtsieger wettquoten betway\" width=\"480\" height=\"699\" \/><\/strong><\/p>\n<h2><img loading=\"lazy\" decoding=\"async\" src=\"https:\/\/www.esports-betting.pro\/app\/uploads\/sites\/2\/Dota2-Icon.png\" alt=\"Dota 2 Icon\" width=\"20\" height=\"20\" \/> Wettquoten f\u00fcr das TI7 &#8211; Dota 2<\/h2>\n<p>Zus\u00e4tzlich zur Gesamtsieger Wette hat bet-at-home wie \u00fcblich zwei zus\u00e4tzliche Wetten ver\u00f6ffentlicht. Einmal die Wette auf die <strong>Region des Siegers<\/strong>. Hier wettet man nicht auf ein bestimmtes Team, sondern auf die Region aus der der Sieger stammen wird. Heuer scheinen sich die Regionen Euorpa & CIS-Region, China und Amerika ein Kopf an Kopf Rennen zu liefern, aus dem Europa & CIS-Region als knapper Favorit hervorgeht. Wer sich also zu unsicher um auf ein bestimmtes Team zu wetten, ist bei dieser Wette gut aufgehoben.<\/p>\n<p style=\"text-align: center\"><img loading=\"lazy\" decoding=\"async\" class=\"wp-image-18340 size-full aligncenter\" src=\"https:\/\/www.esports-betting.pro\/app\/uploads\/sites\/2\/dota-2-the-international-2017-region-des-siegers-wettquoten-bet365.jpg\" alt=\"dota 2 the international 2017 region des siegers wettquoten\" width=\"500\" height=\"86\" \/><\/p>\n<p>Die zweite Wette ist die <strong>Wette auf den Finaleinzug<\/strong>. Hier kann man auf 2 Teams wetten von denen man glaubt dass sie gute Chancen haben im Finale zu spielen. Wer dabei gewinnt ist egal, es geht nur um die Teams die in das Finale einziehen werden. Es kann auf 2 Teams gewettet werden, und so besteht die M\u00f6glichkeit mit 2 richtigen Tipps abzusahnen.<\/p>\n<p style=\"text-align: center\"><img loading=\"lazy\" decoding=\"async\" class=\"wp-image-19262 size-full aligncenter\" src=\"https:\/\/www.esports-betting.pro\/app\/uploads\/sites\/2\/dota-2-the-international-2017-wettquoten-erreicht-das-finale-bet365.jpg\" alt=\"dota2 the international 2017 wettquoten erreicht das finale\" width=\"480\" height=\"325\" \/><\/p>\n<h2><img loading=\"lazy\" decoding=\"async\" src=\"https:\/\/www.esports-betting.pro\/app\/uploads\/sites\/2\/Dota2-Icon.png\" alt=\"Dota 2 Icon\" width=\"20\" height=\"20\" \/> Dota 2 The International 2017 &#8211; In Game Wagering<\/h2>\n<p style=\"text-align: justify\">F\u00fcr alle Battle Pass Besitzer hat Valve auch dieses Jahr das Wagering wieder eingef\u00fchrt.\u00a0 Der Battle Pass ist ein in-game Item, dessen Erl\u00f6\u00df zum <a href=\"https:\/\/www.esports-betting.pro\/de\/dota2\/ti7-the-international-2017\/preisgeld\/\">Preisgeld von The International 2017<\/a> beitr\u00e4gt. Dabei hat jeder Besitzer die M\u00f6glichkeit, pro Woche 1000 Tokens auf eigene Matches zu setzen. Dies passiert in der Vorbereitungszeit im Match selbst. Als Belohnung f\u00fcr ein gewonnenes Wagering winken die doppelte gesetzte Menge an Tokens in Battle Points. Das hei\u00dft das maximal 2000 Battle Points in der Woche zu holen sind, pro 1000 Punkten steigt der Battle Pass ein Level auf. F\u00fcr Levelaufstiege wird man unter anderem mit kosmetischen Items und Effekten belohnt.<img loading=\"lazy\" decoding=\"async\" class=\"aligncenter\" src=\"https:\/\/www.esports-betting.pro\/app\/uploads\/sites\/2\/the-international-2017-battlepass-dota2-wagering.jpg\" alt=\"the international 2017 battlepass dota2 wagering\" width=\"549\" height=\"144\" \/><\/p>\n<p style=\"text-align: justify\"><strong>Mehr zum Dota 2 The International 2017:<\/strong><\/p>\n<ul>\n<li style=\"text-align: justify\"><a href=\"https:\/\/www.esports-betting.pro\/de\/dota2\/ti7-the-international-2017\/\">The International 2017 (TI7) &#8211; Turnier\u00fcbersicht<\/a><\/li>\n<li><a href=\"https:\/\/www.esports-betting.pro\/de\/dota2\/ti7-the-international-2017\/teams\/\">The International 2017 (TI7) &#8211; Teams und Spieler<\/a><\/li>\n<li><a href=\"https:\/\/www.esports-betting.pro\/de\/news\/dota-2\/battlepass-the-international-2017\/\">The International 2017 (TI7) &#8211; Battle Pass Information<\/a><\/li>\n<li style=\"text-align: justify\"><a href=\"https:\/\/www.esports-betting.pro\/de\/news\/dota-2\/tickets-info-the-international-2017\/\">The International 2017 (TI7) &#8211; Ticketinformation<\/a><\/li>\n<li style=\"text-align: justify\"><a href=\"https:\/\/www.esports-betting.pro\/de\/dota2\/ti7-the-international-2017\/preisgeld\/\">The International 2017 (TI7) &#8211; Preisgeld Information<\/a><\/li>\n<li><a href=\"https:\/\/www.esports-betting.pro\/de\/news\/dota-2\/spielplan-the-international-2017-ti7\/\">The International 2017 (TI7) &#8211; Spielplan und Ergebnisse<\/a><\/li>\n<li><a href=\"https:\/\/www.esports-betting.pro\/de\/dota2\/ti7-the-international-2017\/gruppenphase\/\">The International 2017 (TI7) &#8211; Gruppenphase<\/a><\/li>\n<li><a href=\"https:\/\/www.esports-betting.pro\/de\/news\/dota-2\/spezialwetten-ti7-compendium\/\">The International 2017 (TI7) &#8211; Compendium Spezialwetten<\/a><\/li>\n<li><a href=\"https:\/\/www.esports-betting.pro\/de\/news\/dota-2\/ti7-spezialwetten\/\">The International 2017 (TI7) &#8211; Spezialwetten<\/a><\/li>\n<li><a href=\"https:\/\/www.esports-betting.pro\/de\/news\/dota-2\/ti7-livewetten\/\">The International 2017 (TI7) &#8211; Livewetten<\/a><\/li>\n<\/ul>\n","protected":false},"excerpt":{"rendered":"<p>Auch f\u00fcr dieses Jahr wird es sicher wieder TI7 Wetten und Quoten f\u00fcr Dota 2 The International 2017 geben. Es ist das gr\u00f6\u00dfte Dota 2 Turnier des Jahres und wird schon mit H\u00f6chstspannung erwartet. Das Rennen um den ersten Platz wird heuer vermutlich so knapp wie schon lange nicht mehr, da sich die Teams in &hellip; <a href=\"https:\/\/www.esports-betting.pro\/de\/dota2\/ti7-the-international-2017\/wetten-quoten\/\">Continued<\/a><\/p>\n","protected":false},"author":24,"featured_media":0,"parent":14435,"menu_order":0,"comment_status":"closed","ping_status":"closed","template":"","meta":{"_acf_changed":false,"footnotes":""},"acf":[],"yoast_head":"<!-- This site is optimized with the Yoast SEO plugin v22.6 - https:\/\/yoast.com\/wordpress\/plugins\/seo\/ -->\n<title>TI7 Wetten und Quoten - Dota 2 The International 2017<\/title>\n<meta name=\"description\" content=\"Wetten und Wettquoten f\u00fcr das The International 2017 Dota 2 Turnier. Finde die besten TI7 Quoten unserer renommierten Wettseiten.\" \/>\n<meta name=\"robots\" content=\"index, follow, max-snippet:-1, max-image-preview:large, max-video-preview:-1\" \/>\n<link rel=\"canonical\" href=\"https:\/\/www.esports-betting.pro\/de\/dota2\/ti7-the-international-2017\/wetten-quoten\/\" \/>\n<meta property=\"og:locale\" content=\"de_DE\" \/>\n<meta property=\"og:type\" content=\"article\" \/>\n<meta property=\"og:title\" content=\"TI7 Wetten und Quoten - Dota 2 The International 2017\" \/>\n<meta property=\"og:description\" content=\"Wetten und Wettquoten f\u00fcr das The International 2017 Dota 2 Turnier. Finde die besten TI7 Quoten unserer renommierten Wettseiten.\" \/>\n<meta property=\"og:url\" content=\"https:\/\/www.esports-betting.pro\/de\/dota2\/ti7-the-international-2017\/wetten-quoten\/\" \/>\n<meta property=\"og:site_name\" content=\"Esports Betting - DE\" \/>\n<meta name=\"twitter:card\" content=\"summary_large_image\" \/>\n<meta name=\"twitter:image\" content=\"https:\/\/www.esports-betting.pro\/app\/uploads\/sites\/2\/the-international-2017-dota-2-logo.jpg\" \/>\n<meta name=\"twitter:label1\" content=\"Est. reading time\" \/>\n\t<meta name=\"twitter:data1\" content=\"4 Minuten\" \/>\n<script type=\"application\/ld+json\" class=\"yoast-schema-graph\">{\"@context\":\"https:\/\/schema.org\",\"@graph\":[{\"@type\":\"WebPage\",\"@id\":\"https:\/\/www.esports-betting.pro\/de\/dota2\/ti7-the-international-2017\/wetten-quoten\/\",\"url\":\"https:\/\/www.esports-betting.pro\/de\/dota2\/ti7-the-international-2017\/wetten-quoten\/\",\"name\":\"TI7 Wetten und Quoten - Dota 2 The International 2017\",\"isPartOf\":{\"@id\":\"https:\/\/www.esports-betting.pro\/de\/#website\"},\"primaryImageOfPage\":{\"@id\":\"https:\/\/www.esports-betting.pro\/de\/dota2\/ti7-the-international-2017\/wetten-quoten\/#primaryimage\"},\"image\":{\"@id\":\"https:\/\/www.esports-betting.pro\/de\/dota2\/ti7-the-international-2017\/wetten-quoten\/#primaryimage\"},\"thumbnailUrl\":\"https:\/\/www.esports-betting.pro\/app\/uploads\/sites\/2\/Dota2-Icon.png\",\"datePublished\":\"2017-05-16T16:20:43+00:00\",\"dateModified\":\"2017-05-16T16:20:43+00:00\",\"description\":\"Wetten und Wettquoten f\u00fcr das The International 2017 Dota 2 Turnier. Finde die besten TI7 Quoten unserer renommierten Wettseiten.\",\"breadcrumb\":{\"@id\":\"https:\/\/www.esports-betting.pro\/de\/dota2\/ti7-the-international-2017\/wetten-quoten\/#breadcrumb\"},\"inLanguage\":\"de-DE\",\"potentialAction\":[{\"@type\":\"ReadAction\",\"target\":[\"https:\/\/www.esports-betting.pro\/de\/dota2\/ti7-the-international-2017\/wetten-quoten\/\"]}]},{\"@type\":\"ImageObject\",\"inLanguage\":\"de-DE\",\"@id\":\"https:\/\/www.esports-betting.pro\/de\/dota2\/ti7-the-international-2017\/wetten-quoten\/#primaryimage\",\"url\":\"https:\/\/www.esports-betting.pro\/app\/uploads\/sites\/2\/Dota2-Icon.png\",\"contentUrl\":\"https:\/\/www.esports-betting.pro\/app\/uploads\/sites\/2\/Dota2-Icon.png\"},{\"@type\":\"BreadcrumbList\",\"@id\":\"https:\/\/www.esports-betting.pro\/de\/dota2\/ti7-the-international-2017\/wetten-quoten\/#breadcrumb\",\"itemListElement\":[{\"@type\":\"ListItem\",\"position\":1,\"name\":\"Home\",\"item\":\"https:\/\/www.esports-betting.pro\/de\/\"},{\"@type\":\"ListItem\",\"position\":2,\"name\":\"Dota 2 Wetten &#8211; Wettanbieter und Quoten\",\"item\":\"https:\/\/www.esports-betting.pro\/de\/dota2\/\"},{\"@type\":\"ListItem\",\"position\":3,\"name\":\"The International 2017 | DotA 2 &#8211; TI7 Turnier\u00fcbersicht\",\"item\":\"https:\/\/www.esports-betting.pro\/de\/dota2\/ti7-the-international-2017\/\"},{\"@type\":\"ListItem\",\"position\":4,\"name\":\"TI 7 Wetten und Quoten &#8211; The International 2017 Dota 2\"}]},{\"@type\":\"WebSite\",\"@id\":\"https:\/\/www.esports-betting.pro\/de\/#website\",\"url\":\"https:\/\/www.esports-betting.pro\/de\/\",\"name\":\"Esports Betting - DE\",\"description\":\"Just another Esports Betting Sites site\",\"potentialAction\":[{\"@type\":\"SearchAction\",\"target\":{\"@type\":\"EntryPoint\",\"urlTemplate\":\"https:\/\/www.esports-betting.pro\/de\/?s={search_term_string}\"},\"query-input\":\"required name=search_term_string\"}],\"inLanguage\":\"de-DE\"}]}<\/script>\n<!-- \/ Yoast SEO plugin. -->","yoast_head_json":{"title":"TI7 Wetten und Quoten - Dota 2 The International 2017","description":"Wetten und Wettquoten f\u00fcr das The International 2017 Dota 2 Turnier. Finde die besten TI7 Quoten unserer renommierten Wettseiten.","robots":{"index":"index","follow":"follow","max-snippet":"max-snippet:-1","max-image-preview":"max-image-preview:large","max-video-preview":"max-video-preview:-1"},"canonical":"https:\/\/www.esports-betting.pro\/de\/dota2\/ti7-the-international-2017\/wetten-quoten\/","og_locale":"de_DE","og_type":"article","og_title":"TI7 Wetten und Quoten - Dota 2 The International 2017","og_description":"Wetten und Wettquoten f\u00fcr das The International 2017 Dota 2 Turnier. Finde die besten TI7 Quoten unserer renommierten Wettseiten.","og_url":"https:\/\/www.esports-betting.pro\/de\/dota2\/ti7-the-international-2017\/wetten-quoten\/","og_site_name":"Esports Betting - DE","twitter_card":"summary_large_image","twitter_image":"https:\/\/www.esports-betting.pro\/app\/uploads\/sites\/2\/the-international-2017-dota-2-logo.jpg","twitter_misc":{"Est. reading time":"4 Minuten"},"schema":{"@context":"https:\/\/schema.org","@graph":[{"@type":"WebPage","@id":"https:\/\/www.esports-betting.pro\/de\/dota2\/ti7-the-international-2017\/wetten-quoten\/","url":"https:\/\/www.esports-betting.pro\/de\/dota2\/ti7-the-international-2017\/wetten-quoten\/","name":"TI7 Wetten und Quoten - Dota 2 The International 2017","isPartOf":{"@id":"https:\/\/www.esports-betting.pro\/de\/#website"},"primaryImageOfPage":{"@id":"https:\/\/www.esports-betting.pro\/de\/dota2\/ti7-the-international-2017\/wetten-quoten\/#primaryimage"},"image":{"@id":"https:\/\/www.esports-betting.pro\/de\/dota2\/ti7-the-international-2017\/wetten-quoten\/#primaryimage"},"thumbnailUrl":"https:\/\/www.esports-betting.pro\/app\/uploads\/sites\/2\/Dota2-Icon.png","datePublished":"2017-05-16T16:20:43+00:00","dateModified":"2017-05-16T16:20:43+00:00","description":"Wetten und Wettquoten f\u00fcr das The International 2017 Dota 2 Turnier. Finde die besten TI7 Quoten unserer renommierten Wettseiten.","breadcrumb":{"@id":"https:\/\/www.esports-betting.pro\/de\/dota2\/ti7-the-international-2017\/wetten-quoten\/#breadcrumb"},"inLanguage":"de-DE","potentialAction":[{"@type":"ReadAction","target":["https:\/\/www.esports-betting.pro\/de\/dota2\/ti7-the-international-2017\/wetten-quoten\/"]}]},{"@type":"ImageObject","inLanguage":"de-DE","@id":"https:\/\/www.esports-betting.pro\/de\/dota2\/ti7-the-international-2017\/wetten-quoten\/#primaryimage","url":"https:\/\/www.esports-betting.pro\/app\/uploads\/sites\/2\/Dota2-Icon.png","contentUrl":"https:\/\/www.esports-betting.pro\/app\/uploads\/sites\/2\/Dota2-Icon.png"},{"@type":"BreadcrumbList","@id":"https:\/\/www.esports-betting.pro\/de\/dota2\/ti7-the-international-2017\/wetten-quoten\/#breadcrumb","itemListElement":[{"@type":"ListItem","position":1,"name":"Home","item":"https:\/\/www.esports-betting.pro\/de\/"},{"@type":"ListItem","position":2,"name":"Dota 2 Wetten &#8211; Wettanbieter und Quoten","item":"https:\/\/www.esports-betting.pro\/de\/dota2\/"},{"@type":"ListItem","position":3,"name":"The International 2017 | DotA 2 &#8211; TI7 Turnier\u00fcbersicht","item":"https:\/\/www.esports-betting.pro\/de\/dota2\/ti7-the-international-2017\/"},{"@type":"ListItem","position":4,"name":"TI 7 Wetten und Quoten &#8211; The International 2017 Dota 2"}]},{"@type":"WebSite","@id":"https:\/\/www.esports-betting.pro\/de\/#website","url":"https:\/\/www.esports-betting.pro\/de\/","name":"Esports Betting - DE","description":"Just another Esports Betting Sites site","potentialAction":[{"@type":"SearchAction","target":{"@type":"EntryPoint","urlTemplate":"https:\/\/www.esports-betting.pro\/de\/?s={search_term_string}"},"query-input":"required name=search_term_string"}],"inLanguage":"de-DE"}]}},"_links":{"self":[{"href":"https:\/\/www.esports-betting.pro\/de\/wp-json\/wp\/v2\/pages\/16993"}],"collection":[{"href":"https:\/\/www.esports-betting.pro\/de\/wp-json\/wp\/v2\/pages"}],"about":[{"href":"https:\/\/www.esports-betting.pro\/de\/wp-json\/wp\/v2\/types\/page"}],"author":[{"embeddable":true,"href":"https:\/\/www.esports-betting.pro\/de\/wp-json\/wp\/v2\/users\/24"}],"replies":[{"embeddable":true,"href":"https:\/\/www.esports-betting.pro\/de\/wp-json\/wp\/v2\/comments?post=16993"}],"version-history":[{"count":0,"href":"https:\/\/www.esports-betting.pro\/de\/wp-json\/wp\/v2\/pages\/16993\/revisions"}],"up":[{"embeddable":true,"href":"https:\/\/www.esports-betting.pro\/de\/wp-json\/wp\/v2\/pages\/14435"}],"wp:attachment":[{"href":"https:\/\/www.esports-betting.pro\/de\/wp-json\/wp\/v2\/media?parent=16993"}],"curies":[{"name":"wp","href":"https:\/\/api.w.org\/{rel}","templated":true}]}}