{"id":16571,"date":"2017-05-04T13:36:33","date_gmt":"2017-05-04T13:36:33","guid":{"rendered":"https:\/\/www.esports-betting.pro\/de\/?page_id=16571"},"modified":"2024-02-21T07:44:15","modified_gmt":"2024-02-21T07:44:15","slug":"manila-masters-2017","status":"publish","type":"page","link":"https:\/\/www.esports-betting.pro\/de\/dota2\/manila-masters-2017\/","title":{"rendered":"Manila Masters 2017 Turnier und Wettquoten \u00dcbersicht"},"content":{"rendered":"<p style=\"text-align: justify;\"><img loading=\"lazy\" decoding=\"async\" class=\"wp-image-16573 size-full alignright\" src=\"https:\/\/www.esports-betting.pro\/app\/uploads\/sites\/2\/manila-master-dota-2.jpg\" alt=\"manila master dota 2\" width=\"250\" height=\"135\" \/>Das Manila Masters in Dota 2 f\u00e4ngt Ende Mai an und ist somit eines der letzten Turniere vor dem gro\u00dfen <a href=\"https:\/\/www.esports-betting.pro\/de\/dota2\/ti7-the-international-2017\/\">The International (TI7) 2017<\/a> Anfang August. Es ist also der ideale Zeitpunkt f\u00fcr die acht teilnehmenden Teams ihre Strategien in einer richtigen Turnierumgebung auzuprobieren und gegebenenfalls noch zu verfeinern. Die Teams, die im Manila Masters mitspielen werden, k\u00f6nnen sich durchaus sehen lassen, so ist <a href=\"https:\/\/www.esports-betting.pro\/de\/dota2\/kiev-major-2017\/\">Kiev Major Gewinner OG<\/a> mit von der Partie. Auch andere Teilnehmer in EG, Newbee, Team Secret, Team Faceless und Invictus Gaming sind mit von der Partie. Es verspricht also ein spannenden, \u00fcberschaubares Turnier zu werden.<\/p>\n<h2><img loading=\"lazy\" decoding=\"async\" class=\"size-full wp-image-8289\" src=\"https:\/\/www.esports-betting.pro\/app\/uploads\/sites\/2\/Dota2-Icon.png\" alt=\"Dota 2 Icon\" width=\"20\" height=\"20\" \/> Preisgeldverteilung<\/h2>\n<table style=\"font-size: 115%; color: #000000; border: 2px solid black;\" width=\"100%\">\n<tbody>\n<tr style=\"background-color: #aeaecb; color: #000000; border: 2px solid black;\">\n<td style=\"text-align: center;\"><strong>Place<\/strong><\/td>\n<td style=\"text-align: center;\"><b>Preis USD<\/b><\/td>\n<td style=\"text-align: center;\"><strong>Team<\/strong><\/td>\n<\/tr>\n<tr>\n<td style=\"text-align: center;\"><strong><img loading=\"lazy\" decoding=\"async\" class=\" size-full wp-image-11823\" src=\"https:\/\/www.esports-betting.pro\/app\/uploads\/sites\/2\/Gold-Medal-Icon.jpg\" alt=\"Gold Medal Icon\" width=\"24\" height=\"24\" \/> Winner<br \/>\n<\/strong><\/td>\n<td style=\"text-align: center;\">$ 125,000<\/td>\n<td><strong><img loading=\"lazy\" decoding=\"async\" src=\"https:\/\/www.esports-betting.pro\/app\/uploads\/sites\/2\/Evil-Genius-Team-Logo-Dota2-esports.jpg\" alt=\"Evil Geniuses Dota 2 Team Logo\" width=\"40\" height=\"34\" \/> Evil Geniuses<\/strong><\/td>\n<\/tr>\n<tr>\n<td style=\"text-align: center;\"><strong><img loading=\"lazy\" decoding=\"async\" class=\" size-full wp-image-11825\" src=\"https:\/\/www.esports-betting.pro\/app\/uploads\/sites\/2\/Silver-Medal-Icon.jpg\" alt=\"Silver Medal Icon\" width=\"24\" height=\"24\" \/> Runner Up<br \/>\n<\/strong><\/td>\n<td style=\"text-align: center;\">$ 50,000<\/td>\n<td><strong><img loading=\"lazy\" decoding=\"async\" src=\"https:\/\/www.esports-betting.pro\/app\/uploads\/sites\/2\/newbee-dota2-team-logo-de.jpg\" alt=\"Newbee Dota 2 Logo - DE\" width=\"40\" height=\"34\" \/> Newbee<\/strong><\/td>\n<\/tr>\n<tr style=\"vertical-align: middle;\">\n<td style=\"text-align: center;\" rowspan=\"2\"><strong><img loading=\"lazy\" decoding=\"async\" class=\" size-full wp-image-11824\" src=\"https:\/\/www.esports-betting.pro\/app\/uploads\/sites\/2\/Semifinalist-Medal-Icon.jpg\" alt=\"Semifinalist Medal Icon\" width=\"24\" height=\"24\" \/> 3rd-4th<\/strong><\/td>\n<td style=\"text-align: center;\" rowspan=\"2\">$ 25,000<\/td>\n<td><strong><img loading=\"lazy\" decoding=\"async\" src=\"https:\/\/www.esports-betting.pro\/app\/uploads\/sites\/2\/Team-NP-Dota-2-Logo-DE.jpg\" alt=\"Team NP Dota 2 Logo - DE\" width=\"40\" height=\"34\" \/> Team NP<\/strong><\/td>\n<\/tr>\n<tr>\n<td><strong><img loading=\"lazy\" decoding=\"async\" src=\"https:\/\/www.esports-betting.pro\/app\/uploads\/sites\/2\/Team-Faceless-Dota-2-Logo-DE.jpg\" alt=\"Team Faceless Dota 2 Logo - DE\" width=\"40\" height=\"34\" \/> Team Faceless<\/strong><\/td>\n<\/tr>\n<tr style=\"vertical-align: middle;\">\n<td style=\"text-align: center;\" rowspan=\"2\"><strong>5th-6th<\/strong><\/td>\n<td style=\"text-align: center;\" rowspan=\"2\">$ 10,000<\/td>\n<td><strong><img loading=\"lazy\" decoding=\"async\" src=\"https:\/\/www.esports-betting.pro\/app\/uploads\/sites\/2\/Invictus-Gaming-Dota2-Team-Logo.jpg\" alt=\"Invictus Gaming Dota 2 Team Logo\" width=\"40\" height=\"34\" \/> Invictus Gaming<\/strong><\/td>\n<\/tr>\n<tr>\n<td><strong><img loading=\"lazy\" decoding=\"async\" src=\"https:\/\/www.esports-betting.pro\/app\/uploads\/sites\/2\/OG-team-logo-dota-2.jpg\" alt=\"OG Team Logo Dota 2\" width=\"40\" height=\"34\" \/> OG<\/strong><\/td>\n<\/tr>\n<tr style=\"vertical-align: middle;\">\n<td style=\"text-align: center;\" rowspan=\"2\"><strong>7th-8th<\/strong><\/td>\n<td style=\"text-align: center;\" rowspan=\"2\">$ 5,000<\/td>\n<td><strong><img loading=\"lazy\" decoding=\"async\" src=\"https:\/\/www.esports-betting.pro\/app\/uploads\/sites\/2\/Team-Secret-Logo-Dota2-esports.jpg\" alt=\"Team Secret Dota 2 Team Logo\" width=\"40\" height=\"34\" \/> Team Secret<\/strong><\/td>\n<\/tr>\n<tr>\n<td><img loading=\"lazy\" decoding=\"async\" src=\"https:\/\/www.esports-betting.pro\/app\/uploads\/sites\/2\/clutch-gamers-dota-2-logo.jpg\" alt=\"clutch gamers dota 2 logo\" width=\"40\" height=\"32\" \/> <strong>Clutch Gamers<\/strong><\/td>\n<\/tr>\n<\/tbody>\n<\/table>\n<h2><img loading=\"lazy\" decoding=\"async\" src=\"https:\/\/www.esports-betting.pro\/app\/uploads\/sites\/2\/Dota2-Icon.png\" alt=\"Dota 2 Icon\" width=\"20\" height=\"20\" \/> Manila Masters Fakten Liste &#8211; Dota 2<\/h2>\n<div style=\"float: right; width: 185px; height: 190px; text-align: center;\"><strong>Navigation:<\/strong><img loading=\"lazy\" decoding=\"async\" class=\"aligncenter\" src=\"https:\/\/www.esports-betting.pro\/app\/uploads\/sites\/2\/Wettquoten-Button.jpg\" alt=\"Button mit Link zu Wettquoten\" width=\"180\" height=\"50\" \/> <a href=\"https:\/\/www.esports-betting.pro\/de\/dota2\/boston-major-2016\/#Livestream\"><img loading=\"lazy\" decoding=\"async\" class=\"aligncenter\" src=\"https:\/\/www.esports-betting.pro\/app\/uploads\/sites\/2\/Live-Stream-Button.jpg\" alt=\"Button mit Link zum Manila Masters 2017 Livestream\" width=\"180\" height=\"50\" \/><\/a> <img loading=\"lazy\" decoding=\"async\" class=\"aligncenter\" src=\"https:\/\/www.esports-betting.pro\/app\/uploads\/sites\/2\/Spezialwetten-Button.jpg\" alt=\"Button Link zu Spezial Wetten\" width=\"180\" height=\"50\" \/><\/div>\n<ul>\n<li><strong>Datum:<\/strong> 26.05.2017 \u2013 28.5.2017<\/li>\n<li><strong>Ort:<\/strong> Manila, <span class=\"st\"> Philippinen<\/span><\/li>\n<li><strong>Preispool:<\/strong> $250,000<\/li>\n<li><strong>Format:<\/strong> Mix aus eingeladenen Teams, und solche, die sich qualifziert haben\n<ul>\n<li>5 eingeladene Teams<\/li>\n<\/ul>\n<ul>\n<li>3 qualifizierte Teams<\/li>\n<\/ul>\n<\/li>\n<li><strong>Patch:<\/strong> 7.0x<\/li>\n<li>offizieller Stream<\/li>\n<li><a href=\"https:\/\/www.esports-betting.pro\/de\/dota2\/manila-masters-2017\/wetten-quoten\/\"><strong>Wetten &\u00a0Quoten f\u00fcr das Manila Masters<\/strong><\/a><\/li>\n<li><a href=\"https:\/\/www.esports-betting.pro\/de\/dota2\/manila-masters-2017\/spielplan-ergebnisse\/\"><strong>Kompletter Spielplan und Ergebnisse hier<\/strong><\/a><\/li>\n<\/ul>\n<h2><img loading=\"lazy\" decoding=\"async\" class=\"size-full wp-image-8289\" src=\"https:\/\/www.esports-betting.pro\/app\/uploads\/sites\/2\/Dota2-Icon.png\" alt=\"Dota 2 Icon\" width=\"20\" height=\"20\" \/> Spielplan und Ergebnisse<\/h2>\n<p>Alle Teams beginnen im Upper Bracket. Nach einer Niederlage finden sich die Teams im Lower Bracket wieder, haben also so gesehen 2 Versuche das Manila Masters f\u00fcr sich zu entscheiden. Alle Spiele sind Best-of-three, bis auf das Finale welches in einem Best-of-five ausgetragen wird. Unsere <a href=\"https:\/\/www.esports-betting.pro\/de\/dota2\/manila-masters-2017\/spielplan-ergebnisse\/\">Seite mit dem Spielplan und allen Ergebnissen hier<\/a>.<\/p>\n<p><strong><span style=\"background-color: #333333; color: #ffffff;\">Losers' Finale<\/span><\/strong><\/p>\n<p><strong>Losers' Finale: <img loading=\"lazy\" decoding=\"async\" src=\"https:\/\/www.esports-betting.pro\/app\/uploads\/sites\/2\/Evil-Genius-Team-Logo-Dota2-esports.jpg\" alt=\"Evil Geniuses Dota 2 Team Logo\" width=\"40\" height=\"34\" \/> Evil Geniuses <span style=\"color: #ff0000;\">vs.<\/span> <img loading=\"lazy\" decoding=\"async\" src=\"https:\/\/www.esports-betting.pro\/app\/uploads\/sites\/2\/Team-NP-Dota-2-Logo-DE.jpg\" alt=\"Team NP Dota 2 Logo - DE\" width=\"40\" height=\"34\" \/> Team NP\u00a0 \u00a0<span style=\"background-color: #000000;\"><span style=\"color: #3366ff;\">\u00a0 2<\/span>\u00a0<span style=\"color: #ffffff;\">:<span style=\"color: #ff0000;\">\u00a01 \u00a0<\/span><\/span><\/span><br \/>\n<\/strong><em>Startzeit: 28. Mai, 5:30 MESZ<\/em><\/p>\n<h3>Finale<\/h3>\n<p><strong>Finale: <img loading=\"lazy\" decoding=\"async\" src=\"https:\/\/www.esports-betting.pro\/app\/uploads\/sites\/2\/newbee-dota2-team-logo-de.jpg\" alt=\"Newbee Dota 2 Logo - DE\" width=\"40\" height=\"34\" \/> Newbee <span style=\"color: #ff0000;\">vs.<\/span> <img loading=\"lazy\" decoding=\"async\" src=\"https:\/\/www.esports-betting.pro\/app\/uploads\/sites\/2\/Evil-Genius-Team-Logo-Dota2-esports.jpg\" alt=\"Evil Geniuses Dota 2 Team Logo\" width=\"40\" height=\"34\" \/> Evil Geniuses\u00a0 \u00a0<span style=\"background-color: #000000;\"><span style=\"color: #3366ff;\">\u00a0 1<\/span>\u00a0<span style=\"color: #ffffff;\">:<span style=\"color: #ff0000;\">\u00a03 \u00a0<\/span><\/span><\/span><br \/>\n<\/strong><em>Startzeit: 28. Mai, 9:05 MESZ<\/em><\/p>\n<p style=\"text-align: center;\"><img loading=\"lazy\" decoding=\"async\" class=\"aligncenter\" src=\"https:\/\/www.esports-betting.pro\/app\/uploads\/sites\/2\/manila-masters-spielplan.jpg\" alt=\"manila masters 2017 dota2 spielplan\" width=\"500\" height=\"409\" \/><em>Quelle: http:\/\/www.themasters.gg\/manila-2017<\/em><\/p>\n<h2><img loading=\"lazy\" decoding=\"async\" class=\"size-full wp-image-8289\" src=\"https:\/\/www.esports-betting.pro\/app\/uploads\/sites\/2\/Dota2-Icon.png\" alt=\"Dota 2 Icon\" width=\"20\" height=\"20\" \/> Manila Masters Wetten und Quoten<\/h2>\n<p style=\"text-align: justify;\">Die gro\u00dfen <a href=\"https:\/\/www.esports-betting.pro\/de\/buchmacher-wettanbieter\/\">eSport Wettanbieter<\/a> f\u00fcr <a href=\"https:\/\/www.esports-betting.pro\/de\/dota2\/\">Dota 2 Wetten<\/a> halten auch f\u00fcr das Manila Masters wieder Quoten und Wetten f\u00fcr uns parat halten. OG, Invictus Gaming und Evil Geniuses gelten als Favoriten das Manila Masters zu gewinnen. Bet-at-home bietet diesmal viele unterschiedliche Wettarten an. Mehr <a href=\"https:\/\/www.esports-betting.pro\/de\/dota2\/manila-masters-2017\/wetten-quoten\/\">Informationen zu den unterschiedlichen Manila Masters 2017 Wetten hier<\/a>.<\/p>\n<h2><img loading=\"lazy\" decoding=\"async\" src=\"https:\/\/www.esports-betting.pro\/app\/uploads\/sites\/2\/Dota2-Icon.png\" alt=\"Dota 2 Icon\" width=\"20\" height=\"20\" \/> Manila Masters | Teams und Spieler<\/h2>\n<h3>Eingeladene Teams<\/h3>\n<ul>\n<li><strong><img loading=\"lazy\" decoding=\"async\" src=\"https:\/\/www.esports-betting.pro\/app\/uploads\/sites\/2\/Evil-Genius-Team-Logo-Dota2-esports.jpg\" alt=\"Evil Geniuses Dota 2 Team Logo\" width=\"40\" height=\"34\" \/> Evil Geniuses<\/strong>: Arteezy, Suma1L, UNiVeRsE, zai, Cr1t-.<\/li>\n<li><strong><img loading=\"lazy\" decoding=\"async\" src=\"https:\/\/www.esports-betting.pro\/app\/uploads\/sites\/2\/OG-team-logo-dota-2.jpg\" alt=\"OG Team Logo Dota 2\" width=\"40\" height=\"34\" \/> OG<\/strong>: N0tail, ana, s4, JerAx, Fly.<\/li>\n<li><strong><img loading=\"lazy\" decoding=\"async\" src=\"https:\/\/www.esports-betting.pro\/app\/uploads\/sites\/2\/Team-Secret-Logo-Dota2-esports.jpg\" alt=\"Team Secret Dota 2 Team Logo\" width=\"40\" height=\"34\" \/> Team Secret: <\/strong>MP, MidOne, Khezu, Puppey, YapzOr.<\/li>\n<li><strong><img loading=\"lazy\" decoding=\"async\" src=\"https:\/\/www.esports-betting.pro\/app\/uploads\/sites\/2\/Team-NP-Dota-2-Logo-DE.jpg\" alt=\"Team NP Dota 2 Logo - DE\" width=\"40\" height=\"34\" \/> <\/strong><strong>Team NP: <\/strong>Aui_2000, EternalEnvy, MSS, FATA-, pieliedie.<\/li>\n<li><strong><img loading=\"lazy\" decoding=\"async\" src=\"https:\/\/www.esports-betting.pro\/app\/uploads\/sites\/2\/newbee-dota2-team-logo-de.jpg\" alt=\"Newbee Dota 2 Logo - DE\" width=\"40\" height=\"34\" \/> Newbee<\/strong>: uuu9, Sccc, kpii, Faith, Kaka.<\/li>\n<\/ul>\n<h3>Qualifizierte Teams<\/h3>\n<p><strong>S\u00fcdostasien<\/strong>:<\/p>\n<ul>\n<li><strong><img loading=\"lazy\" decoding=\"async\" src=\"https:\/\/www.esports-betting.pro\/app\/uploads\/sites\/2\/Team-Faceless-Dota-2-Logo-DE.jpg\" alt=\"Team Faceless Dota 2 Logo - DE\" width=\"40\" height=\"34\" \/> Team Faceless<\/strong>: Black^, Jabz, iceiceice, xy-, NutZ.<\/li>\n<\/ul>\n<p><strong>Philippinen:<br \/>\n<\/strong><\/p>\n<ul>\n<li><img loading=\"lazy\" decoding=\"async\" src=\"https:\/\/www.esports-betting.pro\/app\/uploads\/sites\/2\/clutch-gamers-dota-2-logo.jpg\" alt=\"clutch gamers dota 2 logo\" width=\"40\" height=\"32\" \/> <strong>Clutch Gamers: <\/strong>Gabbi, Armel, Rapy, Boombacs, flysolo.<\/li>\n<\/ul>\n<p><strong>China:<\/strong><\/p>\n<ul>\n<li><strong><img loading=\"lazy\" decoding=\"async\" src=\"https:\/\/www.esports-betting.pro\/app\/uploads\/sites\/2\/Invictus-Gaming-Dota2-Team-Logo.jpg\" alt=\"Invictus Gaming Dota 2 Team Logo\" width=\"40\" height=\"34\" \/> Invictus Gaming<\/strong>: BurNIng, Op, Xxs, BoBoKa, Q.<\/li>\n<\/ul>\n<h2><img loading=\"lazy\" decoding=\"async\" src=\"https:\/\/www.esports-betting.pro\/app\/uploads\/sites\/2\/Dota2-Icon.png\" alt=\"Dota 2 Icon\" width=\"20\" height=\"20\" \/><a name=\"Livestream\"><\/a>Manila Masters Live Stream \/ Live \u00dcbertragung<\/h2>\n<p>Hier findet ihr den Livestream, sobald dieser bekannt wird.<\/p>\n","protected":false},"excerpt":{"rendered":"<p>Das Manila Masters in Dota 2 f\u00e4ngt Ende Mai an und ist somit eines der letzten Turniere vor dem gro\u00dfen The International (TI7) 2017 Anfang August. Es ist also der ideale Zeitpunkt f\u00fcr die acht teilnehmenden Teams ihre Strategien in einer richtigen Turnierumgebung auzuprobieren und gegebenenfalls noch zu verfeinern. Die Teams, die im Manila Masters &hellip; <a href=\"https:\/\/www.esports-betting.pro\/de\/dota2\/manila-masters-2017\/\">Continued<\/a><\/p>\n","protected":false},"author":24,"featured_media":0,"parent":118,"menu_order":0,"comment_status":"closed","ping_status":"closed","template":"","meta":{"_acf_changed":false,"footnotes":""},"acf":[],"yoast_head":"<!-- This site is optimized with the Yoast SEO plugin v22.6 - https:\/\/yoast.com\/wordpress\/plugins\/seo\/ -->\n<title>Manila Masters 2017 Dota 2 - Turnier und Wettquoten \u00dcbersicht<\/title>\n<meta name=\"description\" content=\"Das Manila Masters 2017 findet von 26. bis 28. Mai statt. Lies mehr Informationen zu den Teams, Wetten, Quoten und zu dem Livestream hier.\" \/>\n<meta name=\"robots\" content=\"index, follow, max-snippet:-1, max-image-preview:large, max-video-preview:-1\" \/>\n<link rel=\"canonical\" href=\"https:\/\/www.esports-betting.pro\/de\/dota2\/manila-masters-2017\/\" \/>\n<meta property=\"og:locale\" content=\"de_DE\" \/>\n<meta property=\"og:type\" content=\"article\" \/>\n<meta property=\"og:title\" content=\"Manila Masters 2017 Dota 2 - Turnier und Wettquoten \u00dcbersicht\" \/>\n<meta property=\"og:description\" content=\"Das Manila Masters 2017 findet von 26. bis 28. Mai statt. Lies mehr Informationen zu den Teams, Wetten, Quoten und zu dem Livestream hier.\" \/>\n<meta property=\"og:url\" content=\"https:\/\/www.esports-betting.pro\/de\/dota2\/manila-masters-2017\/\" \/>\n<meta property=\"og:site_name\" content=\"Esports Betting - DE\" \/>\n<meta property=\"article:modified_time\" content=\"2024-02-21T07:44:15+00:00\" \/>\n<meta name=\"twitter:card\" content=\"summary_large_image\" \/>\n<meta name=\"twitter:image\" content=\"https:\/\/www.esports-betting.pro\/app\/uploads\/sites\/2\/manila-master-dota-2.jpg\" \/>\n<meta name=\"twitter:label1\" content=\"Est. reading time\" \/>\n\t<meta name=\"twitter:data1\" content=\"10 Minuten\" \/>\n<script type=\"application\/ld+json\" class=\"yoast-schema-graph\">{\"@context\":\"https:\/\/schema.org\",\"@graph\":[{\"@type\":\"WebPage\",\"@id\":\"https:\/\/www.esports-betting.pro\/de\/dota2\/manila-masters-2017\/\",\"url\":\"https:\/\/www.esports-betting.pro\/de\/dota2\/manila-masters-2017\/\",\"name\":\"Manila Masters 2017 Dota 2 - Turnier und Wettquoten \u00dcbersicht\",\"isPartOf\":{\"@id\":\"https:\/\/www.esports-betting.pro\/de\/#website\"},\"primaryImageOfPage\":{\"@id\":\"https:\/\/www.esports-betting.pro\/de\/dota2\/manila-masters-2017\/#primaryimage\"},\"image\":{\"@id\":\"https:\/\/www.esports-betting.pro\/de\/dota2\/manila-masters-2017\/#primaryimage\"},\"thumbnailUrl\":\"https:\/\/www.esports-betting.pro\/app\/uploads\/sites\/2\/manila-master-dota-2.jpg\",\"datePublished\":\"2017-05-04T13:36:33+00:00\",\"dateModified\":\"2024-02-21T07:44:15+00:00\",\"description\":\"Das Manila Masters 2017 findet von 26. bis 28. Mai statt. Lies mehr Informationen zu den Teams, Wetten, Quoten und zu dem Livestream hier.\",\"breadcrumb\":{\"@id\":\"https:\/\/www.esports-betting.pro\/de\/dota2\/manila-masters-2017\/#breadcrumb\"},\"inLanguage\":\"de-DE\",\"potentialAction\":[{\"@type\":\"ReadAction\",\"target\":[\"https:\/\/www.esports-betting.pro\/de\/dota2\/manila-masters-2017\/\"]}]},{\"@type\":\"ImageObject\",\"inLanguage\":\"de-DE\",\"@id\":\"https:\/\/www.esports-betting.pro\/de\/dota2\/manila-masters-2017\/#primaryimage\",\"url\":\"https:\/\/www.esports-betting.pro\/app\/uploads\/sites\/2\/manila-master-dota-2.jpg\",\"contentUrl\":\"https:\/\/www.esports-betting.pro\/app\/uploads\/sites\/2\/manila-master-dota-2.jpg\"},{\"@type\":\"BreadcrumbList\",\"@id\":\"https:\/\/www.esports-betting.pro\/de\/dota2\/manila-masters-2017\/#breadcrumb\",\"itemListElement\":[{\"@type\":\"ListItem\",\"position\":1,\"name\":\"Home\",\"item\":\"https:\/\/www.esports-betting.pro\/de\/\"},{\"@type\":\"ListItem\",\"position\":2,\"name\":\"Dota 2 Wetten &#8211; Wettanbieter und Quoten\",\"item\":\"https:\/\/www.esports-betting.pro\/de\/dota2\/\"},{\"@type\":\"ListItem\",\"position\":3,\"name\":\"Manila Masters 2017 Turnier und Wettquoten \u00dcbersicht\"}]},{\"@type\":\"WebSite\",\"@id\":\"https:\/\/www.esports-betting.pro\/de\/#website\",\"url\":\"https:\/\/www.esports-betting.pro\/de\/\",\"name\":\"Esports Betting - DE\",\"description\":\"Just another Esports Betting Sites site\",\"potentialAction\":[{\"@type\":\"SearchAction\",\"target\":{\"@type\":\"EntryPoint\",\"urlTemplate\":\"https:\/\/www.esports-betting.pro\/de\/?s={search_term_string}\"},\"query-input\":\"required name=search_term_string\"}],\"inLanguage\":\"de-DE\"}]}<\/script>\n<!-- \/ Yoast SEO plugin. -->","yoast_head_json":{"title":"Manila Masters 2017 Dota 2 - Turnier und Wettquoten \u00dcbersicht","description":"Das Manila Masters 2017 findet von 26. bis 28. Mai statt. Lies mehr Informationen zu den Teams, Wetten, Quoten und zu dem Livestream hier.","robots":{"index":"index","follow":"follow","max-snippet":"max-snippet:-1","max-image-preview":"max-image-preview:large","max-video-preview":"max-video-preview:-1"},"canonical":"https:\/\/www.esports-betting.pro\/de\/dota2\/manila-masters-2017\/","og_locale":"de_DE","og_type":"article","og_title":"Manila Masters 2017 Dota 2 - Turnier und Wettquoten \u00dcbersicht","og_description":"Das Manila Masters 2017 findet von 26. bis 28. Mai statt. Lies mehr Informationen zu den Teams, Wetten, Quoten und zu dem Livestream hier.","og_url":"https:\/\/www.esports-betting.pro\/de\/dota2\/manila-masters-2017\/","og_site_name":"Esports Betting - DE","article_modified_time":"2024-02-21T07:44:15+00:00","twitter_card":"summary_large_image","twitter_image":"https:\/\/www.esports-betting.pro\/app\/uploads\/sites\/2\/manila-master-dota-2.jpg","twitter_misc":{"Est. reading time":"10 Minuten"},"schema":{"@context":"https:\/\/schema.org","@graph":[{"@type":"WebPage","@id":"https:\/\/www.esports-betting.pro\/de\/dota2\/manila-masters-2017\/","url":"https:\/\/www.esports-betting.pro\/de\/dota2\/manila-masters-2017\/","name":"Manila Masters 2017 Dota 2 - Turnier und Wettquoten \u00dcbersicht","isPartOf":{"@id":"https:\/\/www.esports-betting.pro\/de\/#website"},"primaryImageOfPage":{"@id":"https:\/\/www.esports-betting.pro\/de\/dota2\/manila-masters-2017\/#primaryimage"},"image":{"@id":"https:\/\/www.esports-betting.pro\/de\/dota2\/manila-masters-2017\/#primaryimage"},"thumbnailUrl":"https:\/\/www.esports-betting.pro\/app\/uploads\/sites\/2\/manila-master-dota-2.jpg","datePublished":"2017-05-04T13:36:33+00:00","dateModified":"2024-02-21T07:44:15+00:00","description":"Das Manila Masters 2017 findet von 26. bis 28. Mai statt. Lies mehr Informationen zu den Teams, Wetten, Quoten und zu dem Livestream hier.","breadcrumb":{"@id":"https:\/\/www.esports-betting.pro\/de\/dota2\/manila-masters-2017\/#breadcrumb"},"inLanguage":"de-DE","potentialAction":[{"@type":"ReadAction","target":["https:\/\/www.esports-betting.pro\/de\/dota2\/manila-masters-2017\/"]}]},{"@type":"ImageObject","inLanguage":"de-DE","@id":"https:\/\/www.esports-betting.pro\/de\/dota2\/manila-masters-2017\/#primaryimage","url":"https:\/\/www.esports-betting.pro\/app\/uploads\/sites\/2\/manila-master-dota-2.jpg","contentUrl":"https:\/\/www.esports-betting.pro\/app\/uploads\/sites\/2\/manila-master-dota-2.jpg"},{"@type":"BreadcrumbList","@id":"https:\/\/www.esports-betting.pro\/de\/dota2\/manila-masters-2017\/#breadcrumb","itemListElement":[{"@type":"ListItem","position":1,"name":"Home","item":"https:\/\/www.esports-betting.pro\/de\/"},{"@type":"ListItem","position":2,"name":"Dota 2 Wetten &#8211; Wettanbieter und Quoten","item":"https:\/\/www.esports-betting.pro\/de\/dota2\/"},{"@type":"ListItem","position":3,"name":"Manila Masters 2017 Turnier und Wettquoten \u00dcbersicht"}]},{"@type":"WebSite","@id":"https:\/\/www.esports-betting.pro\/de\/#website","url":"https:\/\/www.esports-betting.pro\/de\/","name":"Esports Betting - DE","description":"Just another Esports Betting Sites site","potentialAction":[{"@type":"SearchAction","target":{"@type":"EntryPoint","urlTemplate":"https:\/\/www.esports-betting.pro\/de\/?s={search_term_string}"},"query-input":"required name=search_term_string"}],"inLanguage":"de-DE"}]}},"_links":{"self":[{"href":"https:\/\/www.esports-betting.pro\/de\/wp-json\/wp\/v2\/pages\/16571"}],"collection":[{"href":"https:\/\/www.esports-betting.pro\/de\/wp-json\/wp\/v2\/pages"}],"about":[{"href":"https:\/\/www.esports-betting.pro\/de\/wp-json\/wp\/v2\/types\/page"}],"author":[{"embeddable":true,"href":"https:\/\/www.esports-betting.pro\/de\/wp-json\/wp\/v2\/users\/24"}],"replies":[{"embeddable":true,"href":"https:\/\/www.esports-betting.pro\/de\/wp-json\/wp\/v2\/comments?post=16571"}],"version-history":[{"count":1,"href":"https:\/\/www.esports-betting.pro\/de\/wp-json\/wp\/v2\/pages\/16571\/revisions"}],"predecessor-version":[{"id":52807,"href":"https:\/\/www.esports-betting.pro\/de\/wp-json\/wp\/v2\/pages\/16571\/revisions\/52807"}],"up":[{"embeddable":true,"href":"https:\/\/www.esports-betting.pro\/de\/wp-json\/wp\/v2\/pages\/118"}],"wp:attachment":[{"href":"https:\/\/www.esports-betting.pro\/de\/wp-json\/wp\/v2\/media?parent=16571"}],"curies":[{"name":"wp","href":"https:\/\/api.w.org\/{rel}","templated":true}]}}