{"id":16523,"date":"2017-05-09T16:03:46","date_gmt":"2017-05-09T16:03:46","guid":{"rendered":"https:\/\/www.esports-betting.pro\/de\/?page_id=16523"},"modified":"2024-02-22T12:14:35","modified_gmt":"2024-02-22T12:14:35","slug":"wetten-quoten","status":"publish","type":"page","link":"https:\/\/www.esports-betting.pro\/de\/lol\/league-of-legends-weltmeisterschaft-2017-season-7\/wetten-quoten\/","title":{"rendered":"Wetten, Quoten und Wettseiten LoL WM 2017"},"content":{"rendered":"<p style=\"text-align: justify;\">Bereits einige Monate vor dem Start der <a href=\"https:\/\/www.esports-betting.pro\/de\/lol\/league-of-legends-weltmeisterschaft-2017-season-7\/\">League of Legends Weltmeisterschaft 2017<\/a> hat der Wettanbieter bet-at-home die ersten Quoten f\u00fcr das Event ver\u00f6ffentlicht. Es gibt bereits ein gro\u00dfes Angebot an Spezialwetten zur Gruppenphase, man kann nicht nur darauf wetten, welche Teams in das Viertelfinale aufsteigen, sondern auch, wie viele T\u00f6tungen erreicht werden oder wer den ersten Baron Nashor erledigt.<\/p>\n<p style=\"text-align: justify;\">Als kurze Erinnerung: Die LoL Weltmeisterschaft 2017 wird in China stattfinden. Am 23. September beginnt das Event mit der Er\u00f6ffnungsfeier und endet am 4. November mit dem Finale, wo das beste Team der Season 7 gek\u00fcrt wird. Im Vergleich zum Vorjahr werden erheblich mehr Teams an dem Hauptevent teilnehmen. Warum dies so ist, erf\u00e4hrst du in unserem Artikel zu den <a href=\"https:\/\/www.esports-betting.pro\/de\/news\/lol\/formataenderungen-lol-weltmeisterschaft-2017\/\">Format\u00e4nderungen<\/a>.<\/p>\n<p><strong>Update:<\/strong> <a href=\"https:\/\/www.esports-betting.pro\/de\/lol\/worlds-2018-leagueoflegends-weltmeisterschaft\/wetten-quoten\/\">Wetten und Quoten f\u00fcr die LoL WM 2018<\/a><\/p>\n<p><strong>Update: <\/strong><a href=\"https:\/\/www.esports-betting.pro\/de\/lol\/lcs-2018-season-8\/wetten-quoten\/\">Aktuelle Wetten und Quoten f\u00fcr den EU\/NA LCS Spring Split 2018 findet ihr hier.<\/a><\/p>\n<h2>Die besten Wettanbieter f\u00fcr die LoL WM 2017<\/h2>\n<p style=\"text-align: justify;\">Alle bekannten Wettanbieter haben bereits Quoten zur LoL Weltmeisterschaft 2017 ver\u00f6ffentlicht. Genaue Infos zu allen\u00a0Buchmachern findet ihr in unserer\u00a0<a href=\"https:\/\/www.esports-betting.pro\/de\/buchmacher-wettanbieter\/\">eSports Wettanbieter \u00dcbersicht<\/a>.<\/p>\n<h2 style=\"clear: both;\">LoL WM 2017 Wettangebot und Wettarten<\/h2>\n<p>Wie bereits erw\u00e4hnt, gibt es bisher 4 Spezial-Wetten zur LoL Worlds 2017. Diese sind noch sehr allgemein gehalten und beziehen sich nicht direkt auf die einzelnen Spiele des Turniers.<\/p>\n<p style=\"text-align: center;\"><img loading=\"lazy\" decoding=\"async\" class=\"size-full wp-image-22448 aligncenter\" src=\"https:\/\/www.esports-betting.pro\/app\/uploads\/sites\/2\/LoL-WM-2017-Wettoptionen-1.jpg\" alt=\"LoL WM 2017 Wettoptionen\" width=\"480\" height=\"279\" \/><\/p>\n<p>Wir werden die League of Legends Weltmeisterschafts Wettm\u00f6glichkeiten nun genauer analysieren.<\/p>\n<h3>Match Sieger Wettquoten der LoL WM 2017 Gruppenphase:<img loading=\"lazy\" decoding=\"async\" class=\"aligncenter size-full wp-image-22384\" src=\"https:\/\/www.esports-betting.pro\/app\/uploads\/sites\/2\/Gruppenphase1-Tag1-Wettquoten-LoL-WM-2017-Bet365.jpg\" alt=\"Gruppenphase1 Tag1 Wettquoten LoL WM 2017\" width=\"480\" height=\"338\" \/><\/h3>\n<h3>Geamtsieger Wettquoten der LoL Worlds 2017<\/h3>\n<p>Wie der Name schon sagt, geht es bei dieser LoL WM 2017 Wette darum, zu tippen, welches Team der n\u00e4chste League of Legends Weltmeister sein wird. Mehr zum <a href=\"https:\/\/www.esports-betting.pro\/de\/news\/lol\/turniersieger-wettquoten-wm-2017\/\">Gesamtsieger der 2017 LoL Worlds<\/a>.<img loading=\"lazy\" decoding=\"async\" class=\"aligncenter\" src=\"https:\/\/www.esports-betting.pro\/app\/uploads\/sites\/2\/Gesamtsieger-LoL-WM-2017-Bet365.jpeg\" alt=\"Gesamtsieger LoL WM 2017\" width=\"480\" height=\"408\" \/><\/p>\n<p style=\"text-align: justify;\">Wie im Vorjahr ist SK Telecom T1 wieder Favorit auf den Titel, was auch nicht weiter \u00fcberrascht, weil die S\u00fcdkoreaner im Spring Split \u00e4u\u00dferst souver\u00e4n Meister wurden. Danach kommen die beiden anderen derzeitigen koreanischen Topteams, wobei Samsung Galaxy bereits krasser Au\u00dfenseiter ist, trotz Finaleinzug im Vorjahr. Dies hat vor allem mit den Abg\u00e4ngen der damaligen Leistungstr\u00e4gern zu tun. Neben den drei koreanischen Teams\u00a0z\u00e4hlen\u00a0besonders die Teams aus China und der LCS zu den Favoriten, die erste westliche Mannschaft ist Team SoloMid mit der siebent-niedrigsten Quote.<br \/>\n&gt;&gt;<a href=\"https:\/\/www.esports-betting.pro\/de\/news\/lol\/turniersieger-wettquoten-wm-2017\/\"> Einen Quotenvergleich zu den LoL WM 2017 Gesamtsieger Wetten findet ihr hier.<\/a><\/p>\n<h3>Region des Siegers<\/h3>\n<p>Wenn man etwas weniger Risiko eingehen will, kann man sich bei seiner 2017 LoL WM Wette auch auf die Region des Siegers beschr\u00e4nken: Ist es S\u00fcdkorea oder nicht S\u00fcdkorea?<\/p>\n<p style=\"text-align: justify;\"><img loading=\"lazy\" decoding=\"async\" class=\"aligncenter\" src=\"https:\/\/www.esports-betting.pro\/app\/uploads\/sites\/2\/Region-des-Siegers-LoL-WM-2017-Bet365-Quoten.jpeg\" alt=\"Region des Siegers LoL WM 2017 Quoten\" width=\"480\" height=\"138\" \/>Aufgrund der \u00fcberragenden Form der beiden s\u00fcdkoreanischen Top-Teams SK Telecom T1 und Longzhu ist es keine \u00dcberraschung, dass der Rest der Welt kaum Chancen auf den Weltmeistertitel hat. Doch Sensationen gibt es immer wieder, und sein Verm\u00f6gen zu vervielfachen klingt sehr reizvoll.<\/p>\n<h3>Erreicht das Finale der LoL WM 2017<\/h3>\n<p style=\"text-align: justify;\">Wer auf Nummer sicher gehen will und die Wette auf den League of Legends 2017 Weltmeisterschafts Gesamtsieger f\u00fcr zu riskant h\u00e4lt, kann noch darauf wetten, welches Team unter die besten 2 kommt. Die Quoten \u00e4hneln denen des Gesamtsiegers, sind jedoch etwas niedriger, da es leichter ist, nur ins Finale zu kommen, als ins Finale zu kommen und es auch zu gewinnen.<\/p>\n<h3 style=\"text-align: left;\"><img loading=\"lazy\" decoding=\"async\" class=\"aligncenter\" src=\"https:\/\/www.esports-betting.pro\/app\/uploads\/sites\/2\/Erreicht-das-Finale-LoL-WM-2017-Bet365-Quoten.jpeg\" alt=\"Erreicht das Finale LoL WM 2017 Quoten\" width=\"480\" height=\"413\" \/><em><strong><br \/>\n<\/strong><\/em>Verliert keine Karte<\/h3>\n<p style=\"text-align: justify;\">Selbst die besten Teams werden hier und da \u00fcberrascht und m\u00fcssen einen Punkt abgeben. Doch aufgrund der \u00dcberlegenheit der s\u00fcdkoreanischen Teams, bietet bet-at-home die M\u00f6glichkeit darauf zu wetten, dass Longzhu bzw. SK Telecom keine einzige Karte verlieren. Die Chancen darauf sind sehr schlecht, f\u00fcr die Risikofreudigen ist die Option jedoch durchaus interessant.<\/p>\n<p><img loading=\"lazy\" decoding=\"async\" class=\"aligncenter\" src=\"https:\/\/www.esports-betting.pro\/app\/uploads\/sites\/2\/Verliert-keine-Karte-LoL-WM-2017-Bet365-Wettquoten.jpeg\" alt=\"Verliert keine Karte LoL WM 2017 Wettquoten\" width=\"480\" height=\"137\" \/><\/p>\n<h3>Gruppe des Siegers<\/h3>\n<p>Nachdem die Auslosung der Gruppen bereits vorgenommen wurde, gibt es auch schon Quoten darauf, aus welcher Gruppe die sp\u00e4teren Sieger kommen werden. Nat\u00fcrlich sind Gruppe A und Gruppe B klare Favoriten, denn dort befinden sich Longzhu Gaming und SK Telecom T1. Gruppe D hat eine Au\u00dfenseiterrolle, bestes Team darin ist Team SoloMid.<\/p>\n<p><img loading=\"lazy\" decoding=\"async\" class=\"size-full wp-image-21653 aligncenter\" src=\"https:\/\/www.esports-betting.pro\/app\/uploads\/sites\/2\/Gruppe-des-Siegers-LoL-WM-2017-Bet365.jpeg\" alt=\"Gruppe des Siegers LoL WM 2017\" width=\"480\" height=\"109\" \/><\/p>\n<h3>Gruppenqualifikation<\/h3>\n<p>Eine weitere Wettm\u00f6glichkeit behandelt die Play-In Phase. Es geht darum, welche Teams den Einzug in die Play-In Phase #2 schaffen.\u00a0<strong><br \/>\n<\/strong><\/p>\n<p><img loading=\"lazy\" decoding=\"async\" class=\"size-full wp-image-21654 aligncenter\" src=\"https:\/\/www.esports-betting.pro\/app\/uploads\/sites\/2\/Gruppenqualifikation-LoL-WM-2017-Bet365.jpeg\" alt=\"Gruppenqualifikation LoL WM 2017\" width=\"480\" height=\"380\" \/><\/p>\n<h3>Gruppenwetten<\/h3>\n<p style=\"text-align: justify;\">Bei den LoL WM 2017 Gruppenwetten gilt es zu bestimmen, welche Teams die eigene Gruppe am Ende der Play-In Phase #1 anf\u00fchren werden. Die Quoten f\u00fcr die Top Teams sind daher \u00e4hnlich niedrig wie bei der Gruppenqualifikation.<img loading=\"lazy\" decoding=\"async\" class=\"size-full wp-image-21655 aligncenter\" src=\"https:\/\/www.esports-betting.pro\/app\/uploads\/sites\/2\/Gruppenwetten-LoL-WM-2017-Bet365.jpeg\" alt=\"Gruppenwetten LoL WM 2017\" width=\"480\" height=\"369\" \/><\/p>\n<p><strong>Bitte beachten!<\/strong> Die gezeigten Quoten k\u00f6nnten sich in der Zwischenzeit ge\u00e4ndert haben. Folge den Links, um einen Blick auf die aktuellen Wettquoten zu werfen.<\/p>\n<p><strong>Mehr Infos zur LoL Weltmeisterschaft 2017:<\/strong><\/p>\n<ul>\n<li><a href=\"https:\/\/www.esports-betting.pro\/de\/lol\/league-of-legends-weltmeisterschaft-2017-season-7\/\">LoL WM &#8211; Worlds 2017 \u00dcbersicht<\/a><\/li>\n<li><a href=\"https:\/\/www.esports-betting.pro\/de\/lol\/league-of-legends-weltmeisterschaft-2017-season-7\/teams-lol-wm\/\">Teams und Spieler der LoL WM 2017<\/a><\/li>\n<li><a href=\"https:\/\/www.esports-betting.pro\/de\/lol\/league-of-legends-weltmeisterschaft-2017-season-7\/qualifikation\/\">Qualifikation zur LoL Weltmeisterschaft 2017<\/a><\/li>\n<li><a href=\"https:\/\/www.esports-betting.pro\/de\/news\/lol\/turniersieger-wettquoten-wm-2017\/\">Gesamt &#8211; Turniersieger Wettquoten LoL WM 2017<\/a><\/li>\n<li><a href=\"https:\/\/www.esports-betting.pro\/de\/lol\/league-of-legends-weltmeisterschaft-2017-season-7\/preisgeld-lol-wm\/\">Preisgeld der LoL Weltmeisterschaft 2017<\/a><\/li>\n<li><a href=\"https:\/\/www.esports-betting.pro\/de\/news\/lol\/spielplan-lol-wm-2017\/\">Spielplan und Ergebnisse der LoL WM 2017<\/a><\/li>\n<\/ul>\n","protected":false},"excerpt":{"rendered":"<p>Bereits einige Monate vor dem Start der League of Legends Weltmeisterschaft 2017 hat der Wettanbieter bet-at-home die ersten Quoten f\u00fcr das Event ver\u00f6ffentlicht. Es gibt bereits ein gro\u00dfes Angebot an Spezialwetten zur Gruppenphase, man kann nicht nur darauf wetten, welche Teams in das Viertelfinale aufsteigen, sondern auch, wie viele T\u00f6tungen erreicht werden oder wer den &hellip; <a href=\"https:\/\/www.esports-betting.pro\/de\/lol\/league-of-legends-weltmeisterschaft-2017-season-7\/wetten-quoten\/\">Continued<\/a><\/p>\n","protected":false},"author":24,"featured_media":0,"parent":14412,"menu_order":0,"comment_status":"closed","ping_status":"closed","template":"","meta":{"_acf_changed":false,"footnotes":""},"acf":[],"yoast_head":"<!-- This site is optimized with the Yoast SEO plugin v22.6 - https:\/\/yoast.com\/wordpress\/plugins\/seo\/ -->\n<title>Wetten und Quoten LoL WM 2017 | League of Legends Weltmeisterschaft<\/title>\n<meta name=\"description\" content=\"Alle Wetten und Quoten zur LoL Weltmeisterschaft 2017 auf einen Blick. Hier erf\u00e4hrst du mehr zu den LoL WM Buchmachern, Wettquoten,...\" \/>\n<meta name=\"robots\" content=\"index, follow, max-snippet:-1, max-image-preview:large, max-video-preview:-1\" \/>\n<link rel=\"canonical\" href=\"https:\/\/www.esports-betting.pro\/de\/lol\/league-of-legends-weltmeisterschaft-2017-season-7\/wetten-quoten\/\" \/>\n<meta property=\"og:locale\" content=\"de_DE\" \/>\n<meta property=\"og:type\" content=\"article\" \/>\n<meta property=\"og:title\" content=\"Wetten und Quoten LoL WM 2017 | League of Legends Weltmeisterschaft\" \/>\n<meta property=\"og:description\" content=\"Alle Wetten und Quoten zur LoL Weltmeisterschaft 2017 auf einen Blick. Hier erf\u00e4hrst du mehr zu den LoL WM Buchmachern, Wettquoten,...\" \/>\n<meta property=\"og:url\" content=\"https:\/\/www.esports-betting.pro\/de\/lol\/league-of-legends-weltmeisterschaft-2017-season-7\/wetten-quoten\/\" \/>\n<meta property=\"og:site_name\" content=\"Esports Betting - DE\" \/>\n<meta property=\"article:modified_time\" content=\"2024-02-22T12:14:35+00:00\" \/>\n<meta name=\"twitter:card\" content=\"summary_large_image\" \/>\n<meta name=\"twitter:image\" content=\"https:\/\/www.esports-betting.pro\/app\/uploads\/sites\/2\/LoL-WM-2017-Wettoptionen-1.jpg\" \/>\n<meta name=\"twitter:label1\" content=\"Est. reading time\" \/>\n\t<meta name=\"twitter:data1\" content=\"6 Minuten\" \/>\n<script type=\"application\/ld+json\" class=\"yoast-schema-graph\">{\"@context\":\"https:\/\/schema.org\",\"@graph\":[{\"@type\":\"WebPage\",\"@id\":\"https:\/\/www.esports-betting.pro\/de\/lol\/league-of-legends-weltmeisterschaft-2017-season-7\/wetten-quoten\/\",\"url\":\"https:\/\/www.esports-betting.pro\/de\/lol\/league-of-legends-weltmeisterschaft-2017-season-7\/wetten-quoten\/\",\"name\":\"Wetten und Quoten LoL WM 2017 | League of Legends Weltmeisterschaft\",\"isPartOf\":{\"@id\":\"https:\/\/www.esports-betting.pro\/de\/#website\"},\"primaryImageOfPage\":{\"@id\":\"https:\/\/www.esports-betting.pro\/de\/lol\/league-of-legends-weltmeisterschaft-2017-season-7\/wetten-quoten\/#primaryimage\"},\"image\":{\"@id\":\"https:\/\/www.esports-betting.pro\/de\/lol\/league-of-legends-weltmeisterschaft-2017-season-7\/wetten-quoten\/#primaryimage\"},\"thumbnailUrl\":\"https:\/\/www.esports-betting.pro\/app\/uploads\/sites\/2\/LoL-WM-2017-Wettoptionen-1.jpg\",\"datePublished\":\"2017-05-09T16:03:46+00:00\",\"dateModified\":\"2024-02-22T12:14:35+00:00\",\"description\":\"Alle Wetten und Quoten zur LoL Weltmeisterschaft 2017 auf einen Blick. Hier erf\u00e4hrst du mehr zu den LoL WM Buchmachern, Wettquoten,...\",\"breadcrumb\":{\"@id\":\"https:\/\/www.esports-betting.pro\/de\/lol\/league-of-legends-weltmeisterschaft-2017-season-7\/wetten-quoten\/#breadcrumb\"},\"inLanguage\":\"de-DE\",\"potentialAction\":[{\"@type\":\"ReadAction\",\"target\":[\"https:\/\/www.esports-betting.pro\/de\/lol\/league-of-legends-weltmeisterschaft-2017-season-7\/wetten-quoten\/\"]}]},{\"@type\":\"ImageObject\",\"inLanguage\":\"de-DE\",\"@id\":\"https:\/\/www.esports-betting.pro\/de\/lol\/league-of-legends-weltmeisterschaft-2017-season-7\/wetten-quoten\/#primaryimage\",\"url\":\"https:\/\/www.esports-betting.pro\/app\/uploads\/sites\/2\/LoL-WM-2017-Wettoptionen-1.jpg\",\"contentUrl\":\"https:\/\/www.esports-betting.pro\/app\/uploads\/sites\/2\/LoL-WM-2017-Wettoptionen-1.jpg\"},{\"@type\":\"BreadcrumbList\",\"@id\":\"https:\/\/www.esports-betting.pro\/de\/lol\/league-of-legends-weltmeisterschaft-2017-season-7\/wetten-quoten\/#breadcrumb\",\"itemListElement\":[{\"@type\":\"ListItem\",\"position\":1,\"name\":\"Home\",\"item\":\"https:\/\/www.esports-betting.pro\/de\/\"},{\"@type\":\"ListItem\",\"position\":2,\"name\":\"Tips f\u00fcr League of Legends (LoL) Wetten &#8211; Wie wette ich auf League of Legends (Lol)?\",\"item\":\"https:\/\/www.esports-betting.pro\/de\/lol\/\"},{\"@type\":\"ListItem\",\"position\":3,\"name\":\"League of Legends Weltmeisterschaft 2017 |\u00a0LoL WM\",\"item\":\"https:\/\/www.esports-betting.pro\/de\/lol\/league-of-legends-weltmeisterschaft-2017-season-7\/\"},{\"@type\":\"ListItem\",\"position\":4,\"name\":\"Wetten, Quoten und Wettseiten LoL WM 2017\"}]},{\"@type\":\"WebSite\",\"@id\":\"https:\/\/www.esports-betting.pro\/de\/#website\",\"url\":\"https:\/\/www.esports-betting.pro\/de\/\",\"name\":\"Esports Betting - DE\",\"description\":\"Just another Esports Betting Sites site\",\"potentialAction\":[{\"@type\":\"SearchAction\",\"target\":{\"@type\":\"EntryPoint\",\"urlTemplate\":\"https:\/\/www.esports-betting.pro\/de\/?s={search_term_string}\"},\"query-input\":\"required name=search_term_string\"}],\"inLanguage\":\"de-DE\"}]}<\/script>\n<!-- \/ Yoast SEO plugin. -->","yoast_head_json":{"title":"Wetten und Quoten LoL WM 2017 | League of Legends Weltmeisterschaft","description":"Alle Wetten und Quoten zur LoL Weltmeisterschaft 2017 auf einen Blick. Hier erf\u00e4hrst du mehr zu den LoL WM Buchmachern, Wettquoten,...","robots":{"index":"index","follow":"follow","max-snippet":"max-snippet:-1","max-image-preview":"max-image-preview:large","max-video-preview":"max-video-preview:-1"},"canonical":"https:\/\/www.esports-betting.pro\/de\/lol\/league-of-legends-weltmeisterschaft-2017-season-7\/wetten-quoten\/","og_locale":"de_DE","og_type":"article","og_title":"Wetten und Quoten LoL WM 2017 | League of Legends Weltmeisterschaft","og_description":"Alle Wetten und Quoten zur LoL Weltmeisterschaft 2017 auf einen Blick. Hier erf\u00e4hrst du mehr zu den LoL WM Buchmachern, Wettquoten,...","og_url":"https:\/\/www.esports-betting.pro\/de\/lol\/league-of-legends-weltmeisterschaft-2017-season-7\/wetten-quoten\/","og_site_name":"Esports Betting - DE","article_modified_time":"2024-02-22T12:14:35+00:00","twitter_card":"summary_large_image","twitter_image":"https:\/\/www.esports-betting.pro\/app\/uploads\/sites\/2\/LoL-WM-2017-Wettoptionen-1.jpg","twitter_misc":{"Est. reading time":"6 Minuten"},"schema":{"@context":"https:\/\/schema.org","@graph":[{"@type":"WebPage","@id":"https:\/\/www.esports-betting.pro\/de\/lol\/league-of-legends-weltmeisterschaft-2017-season-7\/wetten-quoten\/","url":"https:\/\/www.esports-betting.pro\/de\/lol\/league-of-legends-weltmeisterschaft-2017-season-7\/wetten-quoten\/","name":"Wetten und Quoten LoL WM 2017 | League of Legends Weltmeisterschaft","isPartOf":{"@id":"https:\/\/www.esports-betting.pro\/de\/#website"},"primaryImageOfPage":{"@id":"https:\/\/www.esports-betting.pro\/de\/lol\/league-of-legends-weltmeisterschaft-2017-season-7\/wetten-quoten\/#primaryimage"},"image":{"@id":"https:\/\/www.esports-betting.pro\/de\/lol\/league-of-legends-weltmeisterschaft-2017-season-7\/wetten-quoten\/#primaryimage"},"thumbnailUrl":"https:\/\/www.esports-betting.pro\/app\/uploads\/sites\/2\/LoL-WM-2017-Wettoptionen-1.jpg","datePublished":"2017-05-09T16:03:46+00:00","dateModified":"2024-02-22T12:14:35+00:00","description":"Alle Wetten und Quoten zur LoL Weltmeisterschaft 2017 auf einen Blick. Hier erf\u00e4hrst du mehr zu den LoL WM Buchmachern, Wettquoten,...","breadcrumb":{"@id":"https:\/\/www.esports-betting.pro\/de\/lol\/league-of-legends-weltmeisterschaft-2017-season-7\/wetten-quoten\/#breadcrumb"},"inLanguage":"de-DE","potentialAction":[{"@type":"ReadAction","target":["https:\/\/www.esports-betting.pro\/de\/lol\/league-of-legends-weltmeisterschaft-2017-season-7\/wetten-quoten\/"]}]},{"@type":"ImageObject","inLanguage":"de-DE","@id":"https:\/\/www.esports-betting.pro\/de\/lol\/league-of-legends-weltmeisterschaft-2017-season-7\/wetten-quoten\/#primaryimage","url":"https:\/\/www.esports-betting.pro\/app\/uploads\/sites\/2\/LoL-WM-2017-Wettoptionen-1.jpg","contentUrl":"https:\/\/www.esports-betting.pro\/app\/uploads\/sites\/2\/LoL-WM-2017-Wettoptionen-1.jpg"},{"@type":"BreadcrumbList","@id":"https:\/\/www.esports-betting.pro\/de\/lol\/league-of-legends-weltmeisterschaft-2017-season-7\/wetten-quoten\/#breadcrumb","itemListElement":[{"@type":"ListItem","position":1,"name":"Home","item":"https:\/\/www.esports-betting.pro\/de\/"},{"@type":"ListItem","position":2,"name":"Tips f\u00fcr League of Legends (LoL) Wetten &#8211; Wie wette ich auf League of Legends (Lol)?","item":"https:\/\/www.esports-betting.pro\/de\/lol\/"},{"@type":"ListItem","position":3,"name":"League of Legends Weltmeisterschaft 2017 |\u00a0LoL WM","item":"https:\/\/www.esports-betting.pro\/de\/lol\/league-of-legends-weltmeisterschaft-2017-season-7\/"},{"@type":"ListItem","position":4,"name":"Wetten, Quoten und Wettseiten LoL WM 2017"}]},{"@type":"WebSite","@id":"https:\/\/www.esports-betting.pro\/de\/#website","url":"https:\/\/www.esports-betting.pro\/de\/","name":"Esports Betting - DE","description":"Just another Esports Betting Sites site","potentialAction":[{"@type":"SearchAction","target":{"@type":"EntryPoint","urlTemplate":"https:\/\/www.esports-betting.pro\/de\/?s={search_term_string}"},"query-input":"required name=search_term_string"}],"inLanguage":"de-DE"}]}},"_links":{"self":[{"href":"https:\/\/www.esports-betting.pro\/de\/wp-json\/wp\/v2\/pages\/16523"}],"collection":[{"href":"https:\/\/www.esports-betting.pro\/de\/wp-json\/wp\/v2\/pages"}],"about":[{"href":"https:\/\/www.esports-betting.pro\/de\/wp-json\/wp\/v2\/types\/page"}],"author":[{"embeddable":true,"href":"https:\/\/www.esports-betting.pro\/de\/wp-json\/wp\/v2\/users\/24"}],"replies":[{"embeddable":true,"href":"https:\/\/www.esports-betting.pro\/de\/wp-json\/wp\/v2\/comments?post=16523"}],"version-history":[{"count":1,"href":"https:\/\/www.esports-betting.pro\/de\/wp-json\/wp\/v2\/pages\/16523\/revisions"}],"predecessor-version":[{"id":52957,"href":"https:\/\/www.esports-betting.pro\/de\/wp-json\/wp\/v2\/pages\/16523\/revisions\/52957"}],"up":[{"embeddable":true,"href":"https:\/\/www.esports-betting.pro\/de\/wp-json\/wp\/v2\/pages\/14412"}],"wp:attachment":[{"href":"https:\/\/www.esports-betting.pro\/de\/wp-json\/wp\/v2\/media?parent=16523"}],"curies":[{"name":"wp","href":"https:\/\/api.w.org\/{rel}","templated":true}]}}