{"id":15375,"date":"2017-05-18T13:05:46","date_gmt":"2017-05-18T13:05:46","guid":{"rendered":"https:\/\/www.esports-betting.pro\/de\/?page_id=15375"},"modified":"2017-05-18T13:05:46","modified_gmt":"2017-05-18T13:05:46","slug":"sfv-street-fighter","status":"publish","type":"page","link":"https:\/\/www.esports-betting.pro\/de\/sfv-street-fighter\/","title":{"rendered":"Street Fighter V (SFV) &#8211; Wettanbieter &amp; Wetten \u00dcbersicht 2026"},"content":{"rendered":"<h2 style=\"text-align: justify\"><img loading=\"lazy\" decoding=\"async\" class=\"alignright\" src=\"https:\/\/www.esports-betting.pro\/app\/uploads\/sites\/2\/Street-Fighter-V-Bild-2.jpg\" alt=\"Street Fighter V Intro 2\" width=\"300\" height=\"127\" \/><\/h2>\n<p lang=\"de-AT\" style=\"text-align: justify\">Das von Capcom produzierte Street Fighter V erschien im Jahr 2016 f\u00fcr die PlayStation 4 und f\u00fcr den Windows-PC und blieb den bereits 30-j\u00e4hrigen Wurzeln der Serie treu. Wie immer wird die Story mit kurzen Videosequenzen in das Spiel eingebettet.<\/p>\n<p lang=\"de-AT\" style=\"text-align: justify\">Street Fighter V ist mit seinen \u00fcber 16 Charakteren immer noch ein klassisches Beat 'em up, welches in f\u00fcr das Genre typischen Zweik\u00e4mpfen abgehalten wird. Capcom bietet den Spielern nicht nur einen Arcade-Modus sondern auch einen Versus- und einen Herausforderungsmodus. Doch mit der 2016er Version r\u00fcckt der Online Modus immer weiter in den Vordergrund, mit dem jetzt auch Online auf sich eingepr\u00fcgelt werden darf. Eine cleveres Ranglistensystem l\u00e4sst den Spielspa\u00df nicht abrei\u00dfen und sorgt f\u00fcr anhaltende Action.<\/p>\n<p lang=\"de-AT\">\/p><\/p>\n<h2 style=\"text-align: justify\">Street Fighter V &#8211; Was ist ein Beat'em ups<\/h2>\n<div class=\"title-line\">\n<div class=\"icon\"><\/div>\n<div class=\"fullWidth-line\"><\/div>\n<\/div>\n<p style=\"text-align: justify\">Beat 'em ups k\u00f6nnte man zu Deutsch einfach als Pr\u00fcgelspiel \u00fcbersetzen, w\u00fcrde damit dem Genre aber nicht gerecht werden. Die Spiele haben eine eine lange Reise hinter sich. Bereits 1987 startete die Erfolgsreihe um die Street Fighter, der erste Teil war aber eher noch eine Randerscheinung. Damals noch auf nostalgischen Endger\u00e4ten, wie dem Turbo CD oder dem C64, schaffte es die Serie aber erst mit dem zweiten Teil zu weltweiter Bekanntheit. Die zweite Reihe konnte dann schon auf dem Nintendo oder auf einem Atari (der Autor bekommt weinerliche Augen) gespielt werden.<\/p>\n<figure id=\"attachment_29996\" aria-describedby=\"caption-attachment-29996\" style=\"width: 800px\" class=\"wp-caption aligncenter\"><img loading=\"lazy\" decoding=\"async\" class=\"size-full wp-image-29996\" src=\"https:\/\/www.esports-betting.pro\/app\/uploads\/sites\/2\/Street-Fighter-2--e1544376862554.jpg\" alt=\"Street Fighter 2\" width=\"800\" height=\"450\" \/><figcaption id=\"caption-attachment-29996\" class=\"wp-caption-text\">Street Fighter 2 &#8211; So das Spiel noch vor 15 Jahren aus (Credits Street Fighter 2)<\/figcaption><\/figure>\n<p style=\"text-align: justify\">Im Jahr 2018\/2019 angekommen, k\u00e4mpft Street Fighter V immer noch um die Krone der besten Beat 'em ups mit und tut dies nicht nur im heimischen Wohnzimmer sondern eben auch in der kompetitiven eSports-Szene. Dort warten Wettanbieter bereits mit knackigen Quoten und spannenden Wetten auf den Risikoliebenden.<\/p>\n<p style=\"text-align: center\">\n<h2>Street Fighter V eSport Wetten &#8211; Die Top 3 Buchmacher<\/h2>\n<div class=\"title-line\">\n<div class=\"icon\"><\/div>\n<div class=\"fullWidth-line\"><\/div>\n<\/div>\n<p style=\"text-align: justify\">Street Fighter V hat sich fest im <a href=\"https:\/\/www.esports-betting.pro\/de\/\">eSport Wett Markt<\/a> etabliert und erfreut viele Wettfans mit spannenden Turnieren. Der Wettanbieter betway gibt den Risikofreudigen auf dieser Welt die M\u00f6glichkeit auf ihre Lieblingsspieler zu tippen. Trotzdem ist es sch\u00f6n anzusehen, dass auch das etwas in die Nischen geratene Genre der Beat 'em ups mit Wetten versorgt wird. Schau hier f\u00fcr eine \u00dcbersicht \u00fcber die <a href=\"https:\/\/www.esports-betting.pro\/de\/buchmacher-wettanbieter\/\" target=\"_blank\" rel=\"noopener noreferrer\">esports Wettanbieter und Wettseiten<\/a>.<\/p>\n<h3>Street Fighter V Wettm\u00e4rkte &#8211; Wie und Worauf wird gewettet?<\/h3>\n<p style=\"text-align: justify\">Eigentlich kann SFV als Paradebeispiel f\u00fcr eSport Wetten herangezogen werden. Kein Spiel ist so geradlinig in seinen Wettm\u00e4rkten. Es gibt verschiedene Matches auf die dann auch Matchsiegerwetten platziert werden k\u00f6nnen. Au\u00dferdem k\u00f6nnen f\u00fcr die gro\u00dfen Turniere auch Turniersiegerwetten abgeschlossen werden, diese belaufen sich aber auf einige wenige pro Jahr.\u00a0Mit dem Zahn der Zeit sind f\u00fcr 2018 auch Livewetten im Auge der Buchmacher. Wir werden sehen, inwiefern sich der Livewetten trend auch f\u00fcr Street Fighter V durchsetzen wird. Die Prematch Quoten schwanken definitiv stark von Team zu Team f\u00fcr das Spiel.<\/p>\n<h3>Street Fighter V Wettquoten &#8211; Quotenniveau?<\/h3>\n<p style=\"text-align: justify\">Aber wie sieht es dabei mit den Quoten aus? Diese lassen sich eindeutig sehen. Da derzeit meist auf den Gesamtsieger eines Turniers gewettet wird, bleibt der Tipp nat\u00fcrlich dementsprechend riskant. Hier reichen die Quoten vom Turnierfavoriten bei 4.33 bis hin zu den Au\u00dfenseitern eines Turniers bei 501.00. Und wenn der Favorit einmal fallen sollte, dann darf man sich bereits auf recht passable Betr\u00e4ge freuen. Street Fighter V bleibt dennoch ein Nischengenre speziell im eSports-Sektor, f\u00fcr viele Enthusiasten dennoch eine freudige Nachricht, dass auch sie an Wettangeboten gewinnen.<\/p>\n<figure id=\"attachment_29997\" aria-describedby=\"caption-attachment-29997\" style=\"width: 800px\" class=\"wp-caption aligncenter\"><img loading=\"lazy\" decoding=\"async\" class=\"wp-image-29997 size-full\" src=\"https:\/\/www.esports-betting.pro\/app\/uploads\/sites\/2\/Street-Fighter-5-e1544379369806.jpg\" alt=\"Street Fighter 5\" width=\"800\" height=\"450\" \/><figcaption id=\"caption-attachment-29997\" class=\"wp-caption-text\">Street Fighter V &#8211; kein klassisches Pr\u00fcgelspiel (Credits: Street Fighter V)<\/figcaption><\/figure>\n<h3>Wetttips f\u00fcr SFV &#8211; Wette richtig<\/h3>\n<p style=\"text-align: justify\">Es gibt wie f\u00fcr alle Sportdisziplinen einige Wetttips zu beachten, damit die erste Street Fighter V eSport Wette auch zum Erfolg wird. SVF punktet hier vor Allem durch Spieler Popularit\u00e4t, viele Spieler streamen auch unter dem Jahr und erz\u00e4hlen dabei viel \u00fcber ihre Taktiken. Vielleicht scheinen auch schon die St\u00e4rken oder Schw\u00e4chen des einen oder anderen Spielers hindurch. Hier einmal drei ganz generelle Wetttips f\u00fcr Street Fighter V:<\/p>\n<ul>\n<li style=\"text-align: justify\">Spielstatistik: Am besten man nimmt sich die Quoten der Buchmacher zur Hand und schaut nach den Spielern im Mittelfeld der Quoten. Eine Favoritenwette k\u00f6nnte sehr riskant sein, da die Disziplin oft Dynamiken unterliegt. Wie haben die Spieler im Quotenmittelfeld abgeschnitten?<\/li>\n<li style=\"text-align: justify\">Turnierbedigungen: Auch das kann Aussage geben \u00fcber den Spielverlauf. Gerade f\u00fcr Nischenspiele sind Clanzugeh\u00f6rigkeit und pers\u00f6nliche Situation entscheidend. Spielt hier jemand mit 10h Zeitverschiebung total m\u00fcde und ist erst am Vortag angereist? Oder hat man auf einen Spieler gesetzt, der einem gro\u00dfen Clan angeh\u00f6rt und schon eine Woche vor dem Cup im Hotel trainieren konnte.<\/li>\n<li style=\"text-align: justify\">Stageveteran? Es passiert nicht wenigen Spielern, dass aufeinmal auf der B\u00fchne gar nichts mehr klappen sollte. Die Profispieler stehen im Rampenlicht und ich w\u00fcrde eher auf einen erfahrenen Spieler wetten, als einen der zum ersten Mal in so einem Turnier mitspielt.<\/li>\n<\/ul>\n<p style=\"text-align: center\">\n<h2>Gr\u00f6\u00dftes Turnier &#8211; Capcom Cup eSport Wetten<\/h2>\n<div class=\"title-line\">\n<div class=\"icon\"><\/div>\n<div class=\"fullWidth-line\"><\/div>\n<\/div>\n<p style=\"text-align: justify\">F\u00fcr Street Fighter Veteranen z\u00e4hlt vor allen Dingen der <strong><a href=\"https:\/\/www.esports-betting.pro\/de\/news\/street-fighter-v\/capcom-cup-2018\/\">Capcom Cup<\/a><\/strong>, der einmal pro Jahr ausgetragen wird. Qualifizieren k\u00f6nnen sich Spieler \u00fcber eine Rangliste, hinzu kommt schlussendlich noch der Vorjahressieger und schon erh\u00e4lt man 32 Teilnehmer. 2016, im Rahmen des Playstation Experience-Events, durften sich die Teilnehmer im Finale \u00fcber ein Preisgeld von 360.000 USD freuen. Zwar ist f\u00fcr das laufende Jahr noch nicht viel \u00fcber das Preisgeld bekannt, aber wir werden sicher wieder einen Rekordbrecher bestaunen d\u00fcrfen.<\/p>\n<h2>Top 5 Buchmacher im Vergleich<\/h2>\n<div class=\"title-line\">\n<div class=\"fullWidth-line\" style=\"text-align: center\"><\/div>\n<\/div>\n<p style=\"text-align: center\">[comparison_table count=5 game_count=10]<\/p>\n","protected":false},"excerpt":{"rendered":"<p>Das von Capcom produzierte Street Fighter V erschien im Jahr 2016 f\u00fcr die PlayStation 4 und f\u00fcr den Windows-PC und blieb den bereits 30-j\u00e4hrigen Wurzeln der Serie treu. Wie immer wird die Story mit kurzen Videosequenzen in das Spiel eingebettet. Street Fighter V ist mit seinen \u00fcber 16 Charakteren immer noch ein klassisches Beat &#8217;em &hellip; <a href=\"https:\/\/www.esports-betting.pro\/de\/sfv-street-fighter\/\">Continued<\/a><\/p>\n","protected":false},"author":24,"featured_media":0,"parent":0,"menu_order":0,"comment_status":"closed","ping_status":"closed","template":"","meta":{"_acf_changed":false,"footnotes":""},"acf":[],"yoast_head":"<!-- This site is optimized with the Yoast SEO plugin v22.6 - https:\/\/yoast.com\/wordpress\/plugins\/seo\/ -->\n<title>Street Fighter V (SFV) Wetten, Quoten und Wettanbieter Infos 2026<\/title>\n<meta name=\"description\" content=\"Street Fighter V Wettanbieter, Quoten und Wetten auf SF V Matches 2026. Finde die top Wettquoten und Buchmacher f\u00fcr deinen SFV Favoriten.\" \/>\n<meta name=\"robots\" content=\"index, follow, max-snippet:-1, max-image-preview:large, max-video-preview:-1\" \/>\n<link rel=\"canonical\" href=\"https:\/\/www.esports-betting.pro\/de\/sfv-street-fighter\/\" \/>\n<meta property=\"og:locale\" content=\"de_DE\" \/>\n<meta property=\"og:type\" content=\"article\" \/>\n<meta property=\"og:title\" content=\"Street Fighter V (SFV) Wetten, Quoten und Wettanbieter Infos 2026\" \/>\n<meta property=\"og:description\" content=\"Street Fighter V Wettanbieter, Quoten und Wetten auf SF V Matches 2026. Finde die top Wettquoten und Buchmacher f\u00fcr deinen SFV Favoriten.\" \/>\n<meta property=\"og:url\" content=\"https:\/\/www.esports-betting.pro\/de\/sfv-street-fighter\/\" \/>\n<meta property=\"og:site_name\" content=\"Esports Betting - DE\" \/>\n<meta property=\"og:image\" content=\"https:\/\/www.esports-betting.pro\/app\/uploads\/sites\/2\/Street-Fighter-V-Bild-2.jpg\" \/>\n<meta name=\"twitter:card\" content=\"summary_large_image\" \/>\n<meta name=\"twitter:label1\" content=\"Est. reading time\" \/>\n\t<meta name=\"twitter:data1\" content=\"5 Minuten\" \/>\n<script type=\"application\/ld+json\" class=\"yoast-schema-graph\">{\"@context\":\"https:\/\/schema.org\",\"@graph\":[{\"@type\":\"WebPage\",\"@id\":\"https:\/\/www.esports-betting.pro\/de\/sfv-street-fighter\/\",\"url\":\"https:\/\/www.esports-betting.pro\/de\/sfv-street-fighter\/\",\"name\":\"Street Fighter V (SFV) Wetten, Quoten und Wettanbieter Infos 2026\",\"isPartOf\":{\"@id\":\"https:\/\/www.esports-betting.pro\/de\/#website\"},\"primaryImageOfPage\":{\"@id\":\"https:\/\/www.esports-betting.pro\/de\/sfv-street-fighter\/#primaryimage\"},\"image\":{\"@id\":\"https:\/\/www.esports-betting.pro\/de\/sfv-street-fighter\/#primaryimage\"},\"thumbnailUrl\":\"https:\/\/www.esports-betting.pro\/app\/uploads\/sites\/2\/Street-Fighter-V-Bild-2.jpg\",\"datePublished\":\"2017-05-18T13:05:46+00:00\",\"dateModified\":\"2017-05-18T13:05:46+00:00\",\"description\":\"Street Fighter V Wettanbieter, Quoten und Wetten auf SF V Matches 2026. Finde die top Wettquoten und Buchmacher f\u00fcr deinen SFV Favoriten.\",\"breadcrumb\":{\"@id\":\"https:\/\/www.esports-betting.pro\/de\/sfv-street-fighter\/#breadcrumb\"},\"inLanguage\":\"de-DE\",\"potentialAction\":[{\"@type\":\"ReadAction\",\"target\":[\"https:\/\/www.esports-betting.pro\/de\/sfv-street-fighter\/\"]}]},{\"@type\":\"ImageObject\",\"inLanguage\":\"de-DE\",\"@id\":\"https:\/\/www.esports-betting.pro\/de\/sfv-street-fighter\/#primaryimage\",\"url\":\"https:\/\/www.esports-betting.pro\/app\/uploads\/sites\/2\/Street-Fighter-V-Bild-2.jpg\",\"contentUrl\":\"https:\/\/www.esports-betting.pro\/app\/uploads\/sites\/2\/Street-Fighter-V-Bild-2.jpg\"},{\"@type\":\"BreadcrumbList\",\"@id\":\"https:\/\/www.esports-betting.pro\/de\/sfv-street-fighter\/#breadcrumb\",\"itemListElement\":[{\"@type\":\"ListItem\",\"position\":1,\"name\":\"Home\",\"item\":\"https:\/\/www.esports-betting.pro\/de\/\"},{\"@type\":\"ListItem\",\"position\":2,\"name\":\"Street Fighter V (SFV) &#8211; Wettanbieter &amp; Wetten \u00dcbersicht 2022\"}]},{\"@type\":\"WebSite\",\"@id\":\"https:\/\/www.esports-betting.pro\/de\/#website\",\"url\":\"https:\/\/www.esports-betting.pro\/de\/\",\"name\":\"Esports Betting - DE\",\"description\":\"Just another Esports Betting Sites site\",\"potentialAction\":[{\"@type\":\"SearchAction\",\"target\":{\"@type\":\"EntryPoint\",\"urlTemplate\":\"https:\/\/www.esports-betting.pro\/de\/?s={search_term_string}\"},\"query-input\":\"required name=search_term_string\"}],\"inLanguage\":\"de-DE\"}]}<\/script>\n<!-- \/ Yoast SEO plugin. -->","yoast_head_json":{"title":"Street Fighter V (SFV) Wetten, Quoten und Wettanbieter Infos 2026","description":"Street Fighter V Wettanbieter, Quoten und Wetten auf SF V Matches 2026. Finde die top Wettquoten und Buchmacher f\u00fcr deinen SFV Favoriten.","robots":{"index":"index","follow":"follow","max-snippet":"max-snippet:-1","max-image-preview":"max-image-preview:large","max-video-preview":"max-video-preview:-1"},"canonical":"https:\/\/www.esports-betting.pro\/de\/sfv-street-fighter\/","og_locale":"de_DE","og_type":"article","og_title":"Street Fighter V (SFV) Wetten, Quoten und Wettanbieter Infos 2026","og_description":"Street Fighter V Wettanbieter, Quoten und Wetten auf SF V Matches 2026. Finde die top Wettquoten und Buchmacher f\u00fcr deinen SFV Favoriten.","og_url":"https:\/\/www.esports-betting.pro\/de\/sfv-street-fighter\/","og_site_name":"Esports Betting - DE","og_image":[{"url":"https:\/\/www.esports-betting.pro\/app\/uploads\/sites\/2\/Street-Fighter-V-Bild-2.jpg"}],"twitter_card":"summary_large_image","twitter_misc":{"Est. reading time":"5 Minuten"},"schema":{"@context":"https:\/\/schema.org","@graph":[{"@type":"WebPage","@id":"https:\/\/www.esports-betting.pro\/de\/sfv-street-fighter\/","url":"https:\/\/www.esports-betting.pro\/de\/sfv-street-fighter\/","name":"Street Fighter V (SFV) Wetten, Quoten und Wettanbieter Infos 2026","isPartOf":{"@id":"https:\/\/www.esports-betting.pro\/de\/#website"},"primaryImageOfPage":{"@id":"https:\/\/www.esports-betting.pro\/de\/sfv-street-fighter\/#primaryimage"},"image":{"@id":"https:\/\/www.esports-betting.pro\/de\/sfv-street-fighter\/#primaryimage"},"thumbnailUrl":"https:\/\/www.esports-betting.pro\/app\/uploads\/sites\/2\/Street-Fighter-V-Bild-2.jpg","datePublished":"2017-05-18T13:05:46+00:00","dateModified":"2017-05-18T13:05:46+00:00","description":"Street Fighter V Wettanbieter, Quoten und Wetten auf SF V Matches 2026. Finde die top Wettquoten und Buchmacher f\u00fcr deinen SFV Favoriten.","breadcrumb":{"@id":"https:\/\/www.esports-betting.pro\/de\/sfv-street-fighter\/#breadcrumb"},"inLanguage":"de-DE","potentialAction":[{"@type":"ReadAction","target":["https:\/\/www.esports-betting.pro\/de\/sfv-street-fighter\/"]}]},{"@type":"ImageObject","inLanguage":"de-DE","@id":"https:\/\/www.esports-betting.pro\/de\/sfv-street-fighter\/#primaryimage","url":"https:\/\/www.esports-betting.pro\/app\/uploads\/sites\/2\/Street-Fighter-V-Bild-2.jpg","contentUrl":"https:\/\/www.esports-betting.pro\/app\/uploads\/sites\/2\/Street-Fighter-V-Bild-2.jpg"},{"@type":"BreadcrumbList","@id":"https:\/\/www.esports-betting.pro\/de\/sfv-street-fighter\/#breadcrumb","itemListElement":[{"@type":"ListItem","position":1,"name":"Home","item":"https:\/\/www.esports-betting.pro\/de\/"},{"@type":"ListItem","position":2,"name":"Street Fighter V (SFV) &#8211; Wettanbieter &amp; Wetten \u00dcbersicht 2022"}]},{"@type":"WebSite","@id":"https:\/\/www.esports-betting.pro\/de\/#website","url":"https:\/\/www.esports-betting.pro\/de\/","name":"Esports Betting - DE","description":"Just another Esports Betting Sites site","potentialAction":[{"@type":"SearchAction","target":{"@type":"EntryPoint","urlTemplate":"https:\/\/www.esports-betting.pro\/de\/?s={search_term_string}"},"query-input":"required name=search_term_string"}],"inLanguage":"de-DE"}]}},"_links":{"self":[{"href":"https:\/\/www.esports-betting.pro\/de\/wp-json\/wp\/v2\/pages\/15375"}],"collection":[{"href":"https:\/\/www.esports-betting.pro\/de\/wp-json\/wp\/v2\/pages"}],"about":[{"href":"https:\/\/www.esports-betting.pro\/de\/wp-json\/wp\/v2\/types\/page"}],"author":[{"embeddable":true,"href":"https:\/\/www.esports-betting.pro\/de\/wp-json\/wp\/v2\/users\/24"}],"replies":[{"embeddable":true,"href":"https:\/\/www.esports-betting.pro\/de\/wp-json\/wp\/v2\/comments?post=15375"}],"version-history":[{"count":0,"href":"https:\/\/www.esports-betting.pro\/de\/wp-json\/wp\/v2\/pages\/15375\/revisions"}],"wp:attachment":[{"href":"https:\/\/www.esports-betting.pro\/de\/wp-json\/wp\/v2\/media?parent=15375"}],"curies":[{"name":"wp","href":"https:\/\/api.w.org\/{rel}","templated":true}]}}