{"id":15076,"date":"2017-04-03T12:26:17","date_gmt":"2017-04-03T12:26:17","guid":{"rendered":"https:\/\/www.esports-betting.pro\/de\/?page_id=15076"},"modified":"2024-02-21T08:04:54","modified_gmt":"2024-02-21T08:04:54","slug":"world-of-tanks-wot","status":"publish","type":"page","link":"https:\/\/www.esports-betting.pro\/de\/world-of-tanks-wot\/","title":{"rendered":"World of Tanks &#8211; Wetten und Wettanbieter \u00dcbersicht"},"content":{"rendered":"<p style=\"text-align: justify;\"><img loading=\"lazy\" decoding=\"async\" class=\"alignright\" src=\"https:\/\/www.esports-betting.pro\/app\/uploads\/sites\/2\/world-of-tanks-tank-1.jpg\" alt=\"world of tanks tank 1\" width=\"265\" height=\"160\" \/>Im Grunde ist World of Tanks ein Online-Multiplayer-Shooter, jedoch ist hier viel Taktik-Finesse gefragt. Die vom wei\u00dfrussischen Spielestudio Wargaming.net entwickelte Third-Person-Panzer-Schie\u00dferei setzt n\u00e4mlich nicht nur auf brachiales Vorgehen, sondern eben auch auf \u00fcberlegtes Handeln und das \u00dcberblicken der Schlachfeldsituation.<\/p>\n<p style=\"text-align: justify;\">Um dem Geschehen nicht zum Opfer zu fallen, gibt es unterschiedlichste Panzerklassen und -varianten. Darunter findet man ganz grob gesehen leichte, mittlere und schwere Panzereinheiten. Die schwere Einheit versucht das Schlachtfeld rabiat aufzumischen und die gegnerischen Einheiten auf sich zu lenken, w\u00e4hrend die mittleren Panzereinheiten so schnell wie m\u00f6glich Boden gut machen m\u00f6chten, um bestimmte Punkte einzunehmen oder kleinere Panzereinheiten zu erreichen. Die leichten Panzer sind besonders f\u00fcr die Aufkl\u00e4rung geeignet.<\/p>\n<p style=\"text-align: justify;\">Wie bei den Einheiten punktet World of Tanks auch beim Kartendesign. Man kann das Team nicht immer gleich abstimmen, sondern sollte zuerst darauf achten, auf welcher Map als n\u00e4chstes gek\u00e4mpft und geschossen wird. Denn nicht jede Einheit passt sich den Gegebenheiten genauso gut an. Da jedes Team auch noch 15 Spieler in die Schlacht schickt, muss der entscheidende Vorteil bereits in der Planung der Aufstellung liegen.<\/p>\n<h2 style=\"text-align: justify;\"><img loading=\"lazy\" decoding=\"async\" src=\"https:\/\/www.esports-betting.pro\/app\/uploads\/sites\/2\/world-of-tank-icon.jpg\" alt=\"\" width=\"20\" height=\"20\" \/> World of Tanks Wetten<\/h2>\n<p><strong>Wettanbieter \u00dcbersicht f\u00fcr WOT:<\/strong><\/p>\n<div style=\"height: 130px; text-align: center; font-size: 120%;\">\n<figure style=\"width: 100px\" class=\"wp-caption alignleft\"><img loading=\"lazy\" decoding=\"async\" style=\"margin-left: 10px; margin-right: 10px;\" src=\"https:\/\/www.esports-betting.pro\/app\/uploads\/sites\/2\/2022\/08\/Betway-Logo-100x30-1.jpg\" alt=\"Logo vom Esport Wettanbieter Betway\" width=\"100\" height=\"31\" \/><figcaption class=\"wp-caption-text\"><br \/><strong><a title=\"Betway Review\" href=\"https:\/\/www.esports-betting.pro\/de\/buchmacher-wettanbieter\/betway-review\/\">Review<\/a><br \/><span style=\"color: #ff0000;\"><a style=\"color: #ff0000;\" href=\"https:\/\/esports.betway.com\/1030CSGO\/?s=37436&a=bwadid55664\" target=\"_blank\" rel=\"nofollow noopener noreferrer\">WOT Quoten ansehen<\/a><\/span><\/strong><\/figcaption><\/figure>\n<\/div>\n<p style=\"text-align: justify; clear: both;\"><img loading=\"lazy\" decoding=\"async\" class=\"alignright\" src=\"https:\/\/www.esports-betting.pro\/app\/uploads\/sites\/2\/world-of-tanks-tank-3.jpg\" alt=\"world of tanks tank 3\" width=\"315\" height=\"160\" \/>Als einfacher Soldat in einem Weltkriegs-Szenario herum zu laufen, wurde in Videospielen bereits mehrere Male abgehandelt. Doch als riesiger Panzer durch die Welt preschen und f\u00fcr Verw\u00fcstung sorgen und dies auch noch kompetitiv in zahlreichen Online-Lobbys? Da riecht man doch f\u00f6rmlich die Chance der Wettanbieter. Denn mit World of Tanks wurde 2010 ein Multiplayer-Spiel geboren, dass aufgrund der frischen Spielweise seines gleichen sucht. Ebenso setzen bereits einige Wettanbieter auf den Underdog im Shooter-Universum. Mehr erfahren Sie auf der<a href=\"https:\/\/www.esports-betting.pro\/de\/buchmacher-wettanbieter\/\"> Informationseite \u00fcber die Esport Wettanbieter<\/a>.<\/p>\n<h3 style=\"text-align: justify;\"><img loading=\"lazy\" decoding=\"async\" src=\"https:\/\/www.esports-betting.pro\/app\/uploads\/sites\/2\/world-of-tank-icon.jpg\" alt=\"\" width=\"20\" height=\"20\" \/>\u00a0Wettangebote bei World of Tanks<\/h3>\n<p style=\"text-align: justify;\">World of Tanks ist im Hinblick auf Wettangeboten sicherlich kein <a href=\"https:\/\/www.esports-betting.pro\/de\/lol\/\">League of Legends<\/a> oder auch kein <a href=\"https:\/\/www.esports-betting.pro\/de\/csgo\/\">Counter Strike<\/a>. Dennoch darf sich der Taktik-Shooter auf einigen Plattformen der stetig wachsenden Beliebtheit der <a href=\"https:\/\/www.esports-betting.pro\/de\">eSports-Wetten<\/a> erfreuen.<\/p>\n<p style=\"text-align: justify;\">Wie immer sehr beliebt und gefragt sind die Sieger- bzw. Verlierer-Wetten. Die Quoten werden hierbei je nach Team definiert. Da sich aus den letzten Jahren viele gro\u00dfe Teams etablierten, senken sich die Quoten f\u00fcr dieses Team dementsprechend, wenn es auf ein unerfahrenes Team sto\u00dfen sollte. Kommt es zu einem ebenb\u00fcrtigen Kampf, darf man auf ausgeglichene niedrige Quoten setzen. Im Prinzip das Ein-Mal-Eins der Wetten. Durchschnittlich pendeln sich die Quoten f\u00fcr World of Tanks bei 2,20. Kein schlechter Wert f\u00fcr eine spannende Wette.<\/p>\n<h3 style=\"text-align: justify;\"><img loading=\"lazy\" decoding=\"async\" src=\"https:\/\/www.esports-betting.pro\/app\/uploads\/sites\/2\/world-of-tank-icon.jpg\" alt=\"\" width=\"20\" height=\"20\" \/> Gr\u00f6\u00dftes Turnier<\/h3>\n<p style=\"text-align: justify;\">Seit 2013 ist die Wargaming.net League das gr\u00f6\u00dfte eSports-Event f\u00fcr World of Tanks-Enthusiasten. Zuerst nur in Europa veranstaltet, weitete sich das Turnier \u00fcber zahlreiche L\u00e4nder aus. Nordamerika, Asien-Pazifik und die GUS-Staaten erhalten ihre eigene Liga, um schlussendlich im gro\u00dfen Wargaming.net League Finale anzutreten. Dieses fand zuletzt in Warschau, Polen statt und konnte mit einem Preistopf von 350.000 USD aufwarten. Doch man darf sicherlich erwarten, dass sich die Begeisterung und auch das Preisgeld in den n\u00e4chsten Jahren stetig steigern werden.<\/p>\n<p style=\"text-align: justify;\"><strong>Mehr Spiele f\u00fcr <a href=\"https:\/\/www.esports-betting.pro\/de\/\">Esports Wetten<\/a>:<\/strong><\/p>\n<p style=\"text-align: left;\"><a title=\"League of Legends Wetten\" href=\"https:\/\/www.esports-betting.pro\/de\/lol\/\"> <img decoding=\"async\" style=\"margin-bottom: 5px;\" src=\"https:\/\/www.esports-betting.pro\/app\/uploads\/sites\/2\/League-of-Legends-Icon.jpg\" alt=\"League of Legends (LoL)\" \/><\/a>\u00a0\u00a0<a title=\"Dota 2 Wetten\" href=\"https:\/\/www.esports-betting.pro\/de\/dota2\/\"> <img decoding=\"async\" style=\"margin-bottom: 5px;\" src=\"https:\/\/www.esports-betting.pro\/app\/uploads\/sites\/2\/Dota-2-Icon.jpg\" alt=\"Dota 2\" \/><\/a>\u00a0\u00a0<a title=\"CS:GO Wetten\" href=\"https:\/\/www.esports-betting.pro\/de\/csgo\/\"> <img decoding=\"async\" style=\"margin-bottom: 5px;\" src=\"https:\/\/www.esports-betting.pro\/app\/uploads\/sites\/2\/CSGO-Icon.jpg\" alt=\"CSGO\" \/><\/a>\u00a0\u00a0<a title=\"Starcraft 2 Wetten\" href=\"https:\/\/www.esports-betting.pro\/de\/starcraft-2\/\"> <img decoding=\"async\" style=\"margin-bottom: 5px;\" src=\"https:\/\/www.esports-betting.pro\/app\/uploads\/sites\/2\/Starcraft-2-Icon.jpg\" alt=\"Starcraft 2\" \/><\/a>\u00a0\u00a0<a title=\"Hearthstone Wetten\" href=\"https:\/\/www.esports-betting.pro\/de\/hearthstone-heroes-of-warcraft\/\"> <img decoding=\"async\" style=\"margin-bottom: 5px;\" src=\"https:\/\/www.esports-betting.pro\/app\/uploads\/sites\/2\/Hearthstone-Icon.jpg\" alt=\"Hearthstone\" \/><\/a>\u00a0\u00a0<a title=\"Heroes of the Storm (Hots) Wetten\" href=\"https:\/\/www.esports-betting.pro\/de\/heroes-of-the-storm-hots\/\"> <img decoding=\"async\" style=\"margin-bottom: 5px;\" src=\"https:\/\/www.esports-betting.pro\/app\/uploads\/sites\/2\/Heroes-Of-The-Storm-Icon.jpg\" alt=\"Heroes of the Storm\" \/><\/a>\u00a0\u00a0<a title=\"Smite Wetten\" href=\"https:\/\/www.esports-betting.pro\/de\/smite\/\"> <img decoding=\"async\" style=\"margin-bottom: 5px;\" src=\"https:\/\/www.esports-betting.pro\/app\/uploads\/sites\/2\/Smite-Icon.jpg\" alt=\"Smite\" \/><\/a>\u00a0\u00a0<a title=\"Overwatch Wetten\" href=\"https:\/\/www.esports-betting.pro\/de\/overwatch\/\"> <img decoding=\"async\" style=\"margin-bottom: 5px;\" src=\"https:\/\/www.esports-betting.pro\/app\/uploads\/sites\/2\/Overwatch-Icon.jpg\" alt=\"Overwatch\" \/><\/a>\u00a0\u00a0<a title=\"EA Fifa Wetten\" href=\"https:\/\/www.esports-betting.pro\/de\/fifa\/\"> <img decoding=\"async\" style=\"margin-bottom: 5px;\" src=\"https:\/\/www.esports-betting.pro\/app\/uploads\/sites\/2\/FIFA-17-Icon.jpg\" alt=\"EA Fifa Soccer\" \/><\/a>\u00a0\u00a0<a title=\"Call of Duty (CoD) Wetten\" href=\"https:\/\/www.esports-betting.pro\/de\/call-of-duty\/\"> <img decoding=\"async\" style=\"margin-bottom: 5px;\" src=\"https:\/\/www.esports-betting.pro\/app\/uploads\/sites\/2\/Call-of-Duty-Icon.jpg\" alt=\"Call of Duty (CoD)\" \/>\u00a0<\/a>\u00a0<a title=\"Vainglory Wetten\" href=\"https:\/\/www.esports-betting.pro\/de\/vainglory\/\"> <img decoding=\"async\" style=\"margin-bottom: 5px;\" src=\"https:\/\/www.esports-betting.pro\/app\/uploads\/sites\/2\/vainglory-icon.jpg\" alt=\"Vainglory\" \/>\u00a0<\/a>\u00a0<a title=\"Halo 5 Wetten\" href=\"https:\/\/www.esports-betting.pro\/de\/halo\/\">\u00a0<img decoding=\"async\" style=\"margin-bottom: 5px;\" src=\"https:\/\/www.esports-betting.pro\/app\/uploads\/sites\/2\/halo-5-icon-1.jpg\" alt=\"Halo 5\" \/>\u00a0\u00a0<\/a> <a title=\"King of Glory Wetten\" href=\"https:\/\/www.esports-betting.pro\/de\/king-of-glory\/\"> <img decoding=\"async\" style=\"margin-bottom: 5px;\" src=\"https:\/\/www.esports-betting.pro\/app\/uploads\/sites\/2\/king-of-glory-icon.jpg\" alt=\"King of Glory\" \/>\u00a0\u00a0<\/a> <a title=\"PUBG Wetten\" href=\"https:\/\/www.esports-betting.pro\/de\/pubg\/\"> <img decoding=\"async\" style=\"margin-bottom: 5px;\" src=\"https:\/\/www.esports-betting.pro\/app\/uploads\/sites\/2\/playerunknownsbattlegrounds-icon.jpg\" alt=\"PUBG\" \/>\u00a0\u00a0<\/a> <a title=\"Rocket League Wetten\" href=\"https:\/\/www.esports-betting.pro\/de\/rocket-league\/\"> <img decoding=\"async\" style=\"margin-bottom: 5px;\" src=\"https:\/\/www.esports-betting.pro\/app\/uploads\/sites\/2\/rocket-league-icon.jpg\" alt=\"Rocket League\" \/>\u00a0\u00a0<\/a> <a title=\"Street Fighter 5 Wetten\" href=\"https:\/\/www.esports-betting.pro\/de\/sfv-street-fighter\/\"> <img decoding=\"async\" style=\"margin-bottom: 5px;\" src=\"https:\/\/www.esports-betting.pro\/app\/uploads\/sites\/2\/street-fighter-5-icon.jpg\" alt=\"Street Fighter 5\" \/>\u00a0<\/a> <a title=\"Rainbow Six Siege\" href=\"https:\/\/www.esports-betting.pro\/de\/rainbow-six-siege\/\"> <img decoding=\"async\" style=\"margin-bottom: 5px;\" src=\"https:\/\/www.esports-betting.pro\/app\/uploads\/sites\/2\/rainbow-six-siege-icon.jpg\" alt=\"Rainbow Six Siege\" \/><\/a><\/p>\n","protected":false},"excerpt":{"rendered":"<p>Im Grunde ist World of Tanks ein Online-Multiplayer-Shooter, jedoch ist hier viel Taktik-Finesse gefragt. Die vom wei\u00dfrussischen Spielestudio Wargaming.net entwickelte Third-Person-Panzer-Schie\u00dferei setzt n\u00e4mlich nicht nur auf brachiales Vorgehen, sondern eben auch auf \u00fcberlegtes Handeln und das \u00dcberblicken der Schlachfeldsituation. Um dem Geschehen nicht zum Opfer zu fallen, gibt es unterschiedlichste Panzerklassen und -varianten. Darunter findet &hellip; <a href=\"https:\/\/www.esports-betting.pro\/de\/world-of-tanks-wot\/\">Continued<\/a><\/p>\n","protected":false},"author":24,"featured_media":0,"parent":0,"menu_order":0,"comment_status":"closed","ping_status":"closed","template":"","meta":{"_acf_changed":false,"footnotes":""},"acf":[],"yoast_head":"<!-- This site is optimized with the Yoast SEO plugin v22.6 - https:\/\/yoast.com\/wordpress\/plugins\/seo\/ -->\n<title>Wetten auf World of Tanks (WoT) - Wettarten &amp; Wettseiten<\/title>\n<meta name=\"description\" content=\"Alles zu den aktuellen World of Tanks Wetten und Quoten. Erfahre mehr \u00fcber die seri\u00f6sen Wettanbieter und Wettseiten zu WoT.\" \/>\n<meta name=\"robots\" content=\"index, follow, max-snippet:-1, max-image-preview:large, max-video-preview:-1\" \/>\n<link rel=\"canonical\" href=\"https:\/\/www.esports-betting.pro\/de\/world-of-tanks-wot\/\" \/>\n<meta property=\"og:locale\" content=\"de_DE\" \/>\n<meta property=\"og:type\" content=\"article\" \/>\n<meta property=\"og:title\" content=\"Wetten auf World of Tanks (WoT) - Wettarten &amp; Wettseiten\" \/>\n<meta property=\"og:description\" content=\"Alles zu den aktuellen World of Tanks Wetten und Quoten. Erfahre mehr \u00fcber die seri\u00f6sen Wettanbieter und Wettseiten zu WoT.\" \/>\n<meta property=\"og:url\" content=\"https:\/\/www.esports-betting.pro\/de\/world-of-tanks-wot\/\" \/>\n<meta property=\"og:site_name\" content=\"Esports Betting - DE\" \/>\n<meta property=\"article:modified_time\" content=\"2024-02-21T08:04:54+00:00\" \/>\n<meta property=\"og:image\" content=\"https:\/\/www.esports-betting.pro\/app\/uploads\/sites\/2\/world-of-tanks-tank-1.jpg\" \/>\n<meta name=\"twitter:card\" content=\"summary_large_image\" \/>\n<meta name=\"twitter:label1\" content=\"Est. reading time\" \/>\n\t<meta name=\"twitter:data1\" content=\"8 Minuten\" \/>\n<script type=\"application\/ld+json\" class=\"yoast-schema-graph\">{\"@context\":\"https:\/\/schema.org\",\"@graph\":[{\"@type\":\"WebPage\",\"@id\":\"https:\/\/www.esports-betting.pro\/de\/world-of-tanks-wot\/\",\"url\":\"https:\/\/www.esports-betting.pro\/de\/world-of-tanks-wot\/\",\"name\":\"Wetten auf World of Tanks (WoT) - Wettarten & Wettseiten\",\"isPartOf\":{\"@id\":\"https:\/\/www.esports-betting.pro\/de\/#website\"},\"primaryImageOfPage\":{\"@id\":\"https:\/\/www.esports-betting.pro\/de\/world-of-tanks-wot\/#primaryimage\"},\"image\":{\"@id\":\"https:\/\/www.esports-betting.pro\/de\/world-of-tanks-wot\/#primaryimage\"},\"thumbnailUrl\":\"https:\/\/www.esports-betting.pro\/app\/uploads\/sites\/2\/world-of-tanks-tank-1.jpg\",\"datePublished\":\"2017-04-03T12:26:17+00:00\",\"dateModified\":\"2024-02-21T08:04:54+00:00\",\"description\":\"Alles zu den aktuellen World of Tanks Wetten und Quoten. Erfahre mehr \u00fcber die seri\u00f6sen Wettanbieter und Wettseiten zu WoT.\",\"breadcrumb\":{\"@id\":\"https:\/\/www.esports-betting.pro\/de\/world-of-tanks-wot\/#breadcrumb\"},\"inLanguage\":\"de-DE\",\"potentialAction\":[{\"@type\":\"ReadAction\",\"target\":[\"https:\/\/www.esports-betting.pro\/de\/world-of-tanks-wot\/\"]}]},{\"@type\":\"ImageObject\",\"inLanguage\":\"de-DE\",\"@id\":\"https:\/\/www.esports-betting.pro\/de\/world-of-tanks-wot\/#primaryimage\",\"url\":\"https:\/\/www.esports-betting.pro\/app\/uploads\/sites\/2\/world-of-tanks-tank-1.jpg\",\"contentUrl\":\"https:\/\/www.esports-betting.pro\/app\/uploads\/sites\/2\/world-of-tanks-tank-1.jpg\"},{\"@type\":\"BreadcrumbList\",\"@id\":\"https:\/\/www.esports-betting.pro\/de\/world-of-tanks-wot\/#breadcrumb\",\"itemListElement\":[{\"@type\":\"ListItem\",\"position\":1,\"name\":\"Home\",\"item\":\"https:\/\/www.esports-betting.pro\/de\/\"},{\"@type\":\"ListItem\",\"position\":2,\"name\":\"World of Tanks &#8211; Wetten und Wettanbieter \u00dcbersicht\"}]},{\"@type\":\"WebSite\",\"@id\":\"https:\/\/www.esports-betting.pro\/de\/#website\",\"url\":\"https:\/\/www.esports-betting.pro\/de\/\",\"name\":\"Esports Betting - DE\",\"description\":\"Just another Esports Betting Sites site\",\"potentialAction\":[{\"@type\":\"SearchAction\",\"target\":{\"@type\":\"EntryPoint\",\"urlTemplate\":\"https:\/\/www.esports-betting.pro\/de\/?s={search_term_string}\"},\"query-input\":\"required name=search_term_string\"}],\"inLanguage\":\"de-DE\"}]}<\/script>\n<!-- \/ Yoast SEO plugin. -->","yoast_head_json":{"title":"Wetten auf World of Tanks (WoT) - Wettarten & Wettseiten","description":"Alles zu den aktuellen World of Tanks Wetten und Quoten. Erfahre mehr \u00fcber die seri\u00f6sen Wettanbieter und Wettseiten zu WoT.","robots":{"index":"index","follow":"follow","max-snippet":"max-snippet:-1","max-image-preview":"max-image-preview:large","max-video-preview":"max-video-preview:-1"},"canonical":"https:\/\/www.esports-betting.pro\/de\/world-of-tanks-wot\/","og_locale":"de_DE","og_type":"article","og_title":"Wetten auf World of Tanks (WoT) - Wettarten & Wettseiten","og_description":"Alles zu den aktuellen World of Tanks Wetten und Quoten. Erfahre mehr \u00fcber die seri\u00f6sen Wettanbieter und Wettseiten zu WoT.","og_url":"https:\/\/www.esports-betting.pro\/de\/world-of-tanks-wot\/","og_site_name":"Esports Betting - DE","article_modified_time":"2024-02-21T08:04:54+00:00","og_image":[{"url":"https:\/\/www.esports-betting.pro\/app\/uploads\/sites\/2\/world-of-tanks-tank-1.jpg"}],"twitter_card":"summary_large_image","twitter_misc":{"Est. reading time":"8 Minuten"},"schema":{"@context":"https:\/\/schema.org","@graph":[{"@type":"WebPage","@id":"https:\/\/www.esports-betting.pro\/de\/world-of-tanks-wot\/","url":"https:\/\/www.esports-betting.pro\/de\/world-of-tanks-wot\/","name":"Wetten auf World of Tanks (WoT) - Wettarten & Wettseiten","isPartOf":{"@id":"https:\/\/www.esports-betting.pro\/de\/#website"},"primaryImageOfPage":{"@id":"https:\/\/www.esports-betting.pro\/de\/world-of-tanks-wot\/#primaryimage"},"image":{"@id":"https:\/\/www.esports-betting.pro\/de\/world-of-tanks-wot\/#primaryimage"},"thumbnailUrl":"https:\/\/www.esports-betting.pro\/app\/uploads\/sites\/2\/world-of-tanks-tank-1.jpg","datePublished":"2017-04-03T12:26:17+00:00","dateModified":"2024-02-21T08:04:54+00:00","description":"Alles zu den aktuellen World of Tanks Wetten und Quoten. Erfahre mehr \u00fcber die seri\u00f6sen Wettanbieter und Wettseiten zu WoT.","breadcrumb":{"@id":"https:\/\/www.esports-betting.pro\/de\/world-of-tanks-wot\/#breadcrumb"},"inLanguage":"de-DE","potentialAction":[{"@type":"ReadAction","target":["https:\/\/www.esports-betting.pro\/de\/world-of-tanks-wot\/"]}]},{"@type":"ImageObject","inLanguage":"de-DE","@id":"https:\/\/www.esports-betting.pro\/de\/world-of-tanks-wot\/#primaryimage","url":"https:\/\/www.esports-betting.pro\/app\/uploads\/sites\/2\/world-of-tanks-tank-1.jpg","contentUrl":"https:\/\/www.esports-betting.pro\/app\/uploads\/sites\/2\/world-of-tanks-tank-1.jpg"},{"@type":"BreadcrumbList","@id":"https:\/\/www.esports-betting.pro\/de\/world-of-tanks-wot\/#breadcrumb","itemListElement":[{"@type":"ListItem","position":1,"name":"Home","item":"https:\/\/www.esports-betting.pro\/de\/"},{"@type":"ListItem","position":2,"name":"World of Tanks &#8211; Wetten und Wettanbieter \u00dcbersicht"}]},{"@type":"WebSite","@id":"https:\/\/www.esports-betting.pro\/de\/#website","url":"https:\/\/www.esports-betting.pro\/de\/","name":"Esports Betting - DE","description":"Just another Esports Betting Sites site","potentialAction":[{"@type":"SearchAction","target":{"@type":"EntryPoint","urlTemplate":"https:\/\/www.esports-betting.pro\/de\/?s={search_term_string}"},"query-input":"required name=search_term_string"}],"inLanguage":"de-DE"}]}},"_links":{"self":[{"href":"https:\/\/www.esports-betting.pro\/de\/wp-json\/wp\/v2\/pages\/15076"}],"collection":[{"href":"https:\/\/www.esports-betting.pro\/de\/wp-json\/wp\/v2\/pages"}],"about":[{"href":"https:\/\/www.esports-betting.pro\/de\/wp-json\/wp\/v2\/types\/page"}],"author":[{"embeddable":true,"href":"https:\/\/www.esports-betting.pro\/de\/wp-json\/wp\/v2\/users\/24"}],"replies":[{"embeddable":true,"href":"https:\/\/www.esports-betting.pro\/de\/wp-json\/wp\/v2\/comments?post=15076"}],"version-history":[{"count":2,"href":"https:\/\/www.esports-betting.pro\/de\/wp-json\/wp\/v2\/pages\/15076\/revisions"}],"predecessor-version":[{"id":52828,"href":"https:\/\/www.esports-betting.pro\/de\/wp-json\/wp\/v2\/pages\/15076\/revisions\/52828"}],"wp:attachment":[{"href":"https:\/\/www.esports-betting.pro\/de\/wp-json\/wp\/v2\/media?parent=15076"}],"curies":[{"name":"wp","href":"https:\/\/api.w.org\/{rel}","templated":true}]}}