{"id":14672,"date":"2017-03-07T16:49:49","date_gmt":"2017-03-07T16:49:49","guid":{"rendered":"https:\/\/www.esports-betting.pro\/de\/?page_id=14672"},"modified":"2024-02-22T12:13:46","modified_gmt":"2024-02-22T12:13:46","slug":"wetten-quoten","status":"publish","type":"page","link":"https:\/\/www.esports-betting.pro\/de\/dota2\/kiev-major-2017\/wetten-quoten\/","title":{"rendered":"Wetten und Quoten &#8211; Kiev Major 2017 Dota 2"},"content":{"rendered":"<p style=\"text-align: justify;\">Die Qualifikation f\u00fcr das <a href=\"https:\/\/www.esports-betting.pro\/de\/dota2\/kiev-major-2017\/\">Kiev Major 2017<\/a> von Dota 2 steht vor der T\u00fcr, zeitgleich haben auch schon die ersten <a href=\"https:\/\/www.esports-betting.pro\/de\/buchmacher-wettanbieter\/\">eSports Wettseiten<\/a> Quoten und Wetten f\u00fcr die Qualifikations-Runde und das Main Event des ersten Dota Major Turniers 2017 online gestellt. Die Teams, die nicht direkt von Valve eingeladen wurden, haben nun die Chance sich ihren Startplatz im Turnier zu ergattern, und wir haben die Chance, Wetten ab zu geben. Nat\u00fcrlich ist es jetzt durch den neuen Patch 7.05 etwas schwieriger zu sagen, wer denn die Nase vorn hat und sich im Kiev Major profilieren kann. Wer jedoch in letzter Zeit die Dota 2 eSports Szene verfolgt hat und sich auskennt wird die <a href=\"https:\/\/www.esports-betting.pro\/de\/dota2\/kiev-major-2017\/teams-spieler\/\">Teams des Kiev Major 2017<\/a> sicher richtig einsch\u00e4tzen und so das Konto bei den Wettseiten aufpolieren k\u00f6nnen. Bet365 hat derzeit die meisten Wettangebote online gestellt. Spannend wird das erste gro\u00dfe Valve Event im Jahre 2017 f\u00fcr uns als Fans und Zuschauer, und nat\u00fcrlich auch f\u00fcr die teilnehmenden Teams, auf jeden Fall. Nebst dem Preisgeld das dem Gewinner winkt, wird der Sieger auch sehr gute Chancen haben, direkt in das <a href=\"https:\/\/www.esports-betting.pro\/de\/dota2\/ti7-the-international-2017\/\">The International 2017<\/a> eingeladen zu werden und sich so den m\u00fchsamen Weg durch die Qualifikation zu ersparen.<\/p>\n<h2 style=\"text-align: justify;\">Wettquoten f\u00fcr das Kiev Major Main Event<\/h2>\n<p style=\"text-align: justify;\">Bei bet365 gibt es drei unterschiedliche Optionen an <a href=\"https:\/\/www.esports-betting.pro\/de\/dota2\/\">Dota 2 Wetten<\/a> f\u00fcr das Main Event des Kiev Majors 2017. Schauen wir sie uns einmal n\u00e4her an.<\/p>\n<h3 style=\"text-align: justify;\">Dota 2 Wettquoten &#8211; Main Event &#8211; Halbfinale<\/h3>\n<p style=\"text-align: center;\"><strong><img loading=\"lazy\" decoding=\"async\" style=\"vertical-align: bottom;\" src=\"https:\/\/www.esports-betting.pro\/app\/uploads\/sites\/2\/Bet365-Logo2.jpeg\" alt=\"Logo des Esport Wettanbieters Bet365\" width=\"100\" height=\"31\" \/> <span style=\"color: #000000;\"><a style=\"color: #000000;\" href=\"https:\/\/www.esports-betting.pro\/de\/buchmacher-wettanbieter\/bet365-review\/\">Bet365<\/a><\/span> <img loading=\"lazy\" decoding=\"async\" style=\"vertical-align: bottom;\" src=\"https:\/\/www.esports-betting.pro\/app\/uploads\/sites\/2\/Bet365-Logo2.jpeg\" alt=\"Logo des Esport Wettanbieters Bet365\" width=\"100\" height=\"31\" \/><br \/>\n<\/strong><img loading=\"lazy\" decoding=\"async\" class=\"size-full wp-image-16388\" src=\"https:\/\/www.esports-betting.pro\/app\/uploads\/sites\/2\/Semifinals-Kiev-Major-2017-Betting-odds-on-Bet365.jpg\" alt=\"Semifinals Kiev Major 2017 Betting Odds on Bet365\" width=\"500\" height=\"142\" \/><span style=\"text-decoration: underline;\"><strong><a href=\"https:\/\/www.esports-betting.pro\/de\/buchmacher\/bet365\" target=\"_blank\" rel=\"nofollow noopener\"><br \/>\nzu den aktuellen Quoten bei Bet365 &gt;&gt;<br \/>\n<\/a><\/strong><\/span><strong>Die Dota 2 &#8211; Quoten auf Bet365 findet ihr im Men\u00fc Links: <\/strong>E-Sports &gt; Dota 2<\/p>\n<h3 style=\"text-align: justify;\">Dota 2 Wettquoten &#8211; Main Event &#8211; Viertelfinale<\/h3>\n<p style=\"text-align: center;\"><img loading=\"lazy\" decoding=\"async\" class=\"aligncenter size-full wp-image-16315\" src=\"https:\/\/www.esports-betting.pro\/app\/uploads\/sites\/2\/Dota-2-Betting-Odds-Kiev-Major-2017-Quarterfinals-at-Bet365.jpg\" alt=\"Dota-2-Betting-Odds-Kiev-Major-2017-Quarterfinals-at-Bet365\" width=\"480\" height=\"193\" \/><img loading=\"lazy\" decoding=\"async\" class=\"aligncenter size-full wp-image-16317\" src=\"https:\/\/www.esports-betting.pro\/app\/uploads\/sites\/2\/Dota-2-Wettquoten-Kiev-Major-2017-Viertelfinale-von-BetatHome.jpg\" alt=\"Dota-2-Wettquoten-Kiev-Major-2017-Viertelfinale-von-BetatHome\" width=\"480\" height=\"102\" \/><\/p>\n<h3 style=\"text-align: justify;\">Dota 2 Wettquoten &#8211; Runde von 16 &#8211; Main Event Knockout Phase 1<\/h3>\n<p style=\"text-align: center;\"><strong><img loading=\"lazy\" decoding=\"async\" style=\"vertical-align: bottom;\" src=\"https:\/\/www.esports-betting.pro\/app\/uploads\/sites\/2\/Bet365-Logo2.jpeg\" alt=\"Logo des Esport Wettanbieters Bet365\" width=\"100\" height=\"31\" \/> <span style=\"color: #000000;\"><a style=\"color: #000000;\" href=\"https:\/\/www.esports-betting.pro\/de\/buchmacher-wettanbieter\/bet365-review\/\">Bet365<\/a><\/span> <img loading=\"lazy\" decoding=\"async\" style=\"vertical-align: bottom;\" src=\"https:\/\/www.esports-betting.pro\/app\/uploads\/sites\/2\/Bet365-Logo2.jpeg\" alt=\"Logo des Esport Wettanbieters Bet365\" width=\"100\" height=\"31\" \/><img loading=\"lazy\" decoding=\"async\" class=\"aligncenter size-full wp-image-16177\" src=\"https:\/\/www.esports-betting.pro\/app\/uploads\/sites\/2\/Dota-2-Wettquoten-Kiev-Major-2017-Main-Event-von-Bet365.jpg\" alt=\"Dota 2 Wettquoten Kiev Major 2017 Main Event von Bet365\" width=\"480\" height=\"491\" \/><\/strong><span style=\"text-decoration: underline;\"><strong><a href=\"https:\/\/www.esports-betting.pro\/de\/buchmacher\/bet365\" target=\"_blank\" rel=\"nofollow noopener\">zu den aktuellen Quoten bei Bet365 &gt;&gt;<br \/>\n<\/a><\/strong><\/span><strong>Die Dota 2 &#8211; Quoten auf Bet365 findet ihr im Men\u00fc Links: <\/strong>E-Sports &gt; Dota 2<\/p>\n<h3 style=\"text-align: justify;\">Dota 2 Wetten f\u00fcr die Gruppenphase des Kiew Majors:<\/h3>\n<p style=\"text-align: center;\"><strong><img loading=\"lazy\" decoding=\"async\" style=\"vertical-align: bottom;\" src=\"https:\/\/www.esports-betting.pro\/app\/uploads\/sites\/2\/Bet365-Logo2.jpeg\" alt=\"Logo des Esport Wettanbieters Bet365\" width=\"100\" height=\"31\" \/> <span style=\"color: #000000;\"><a style=\"color: #000000;\" href=\"https:\/\/www.esports-betting.pro\/de\/buchmacher-wettanbieter\/bet365-review\/\">Bet365<\/a><\/span> <img loading=\"lazy\" decoding=\"async\" style=\"vertical-align: bottom;\" src=\"https:\/\/www.esports-betting.pro\/app\/uploads\/sites\/2\/Bet365-Logo2.jpeg\" alt=\"Logo des Esport Wettanbieters Bet365\" width=\"100\" height=\"31\" \/><br \/>\n<img loading=\"lazy\" decoding=\"async\" class=\"aligncenter size-full wp-image-16045\" src=\"https:\/\/www.esports-betting.pro\/app\/uploads\/sites\/2\/Dota-2-Wettquoten-Kiev-Major-2017-Gruppenphase-von-Bet365.jpg\" alt=\"Dota2 Wettquoten Kiev Major 2017 Gruppenphase von Bet365\" width=\"480\" height=\"458\" \/><\/strong><\/p>\n<h3 style=\"text-align: justify;\">Gesamtsieger<\/h3>\n<p style=\"text-align: justify;\">Auf den Gesamtsieger zu wetten ist die schwierigste der drei Wetten aber nat\u00fcrlich auch die lohnendste mit den h\u00f6chsten Quoten. F\u00fcr das Kiev Major gibt es gleich drei Favoriten: EG, OG und Team Liquid. Jedoch hei\u00dft das nicht, dass der Gewinner eines dieser drei Teams ist. Selbst im Finale m\u00fcssen sie nicht zwangsweise dabei sein, wie man im Boston Major gesehen hat, als das \u00dcberraschungsteam Ad Finem bis ins Finale gekommen ist.<strong><br \/>\n<img loading=\"lazy\" decoding=\"async\" class=\"aligncenter wp-image-14688 size-full\" src=\"https:\/\/www.esports-betting.pro\/app\/uploads\/sites\/2\/Wettquoten-Gesamtsieger-Kiev-Major-2017-bet365.jpg\" alt=\"Wettquoten Gesamtsieger Kiev Major 2017 bet365\" width=\"501\" height=\"270\" \/><\/strong><strong><br \/>\n<\/strong><img loading=\"lazy\" decoding=\"async\" class=\"wp-image-11580 size-full aligncenter\" src=\"https:\/\/www.esports-betting.pro\/app\/uploads\/sites\/2\/Boston-Major-2016-Dota-2-Wettquoten-von-BetatHome.jpg\" alt=\"Boston Major 2016 Dota 2 Wettquoten von BetatHome\" width=\"480\" height=\"268\" \/><\/p>\n<h3 style=\"text-align: justify;\">Region des Siegers<\/h3>\n<p style=\"text-align: justify;\">Hier setzt man auf die Region aus der der Gewinner stammt. Das ist einerseits leichter, da es egal ist ob dieses oder jenes Team gewinnt, Hauptsache ist, die Region stimmt. Allerdings l\u00e4sst es sich nicht mit Sicherheit sagen, da in der Dota 2 Szene die meisten starken Teams aus Europa oder China kommen und auch Nordamerika ist mit EG ein hei\u00dfer Favorit.<strong><br \/>\n<img loading=\"lazy\" decoding=\"async\" class=\"aligncenter size-full wp-image-14689\" src=\"https:\/\/www.esports-betting.pro\/app\/uploads\/sites\/2\/Wettquoten-Region-des-Siegers-Kiev-Major-2017-bet365.jpg\" alt=\"Wettquoten Region des Siegers Kiev Major 2017 bet365\" width=\"501\" height=\"145\" \/><\/strong><\/p>\n<h3 style=\"text-align: left;\">Das Finale erreichen<\/h3>\n<p>Bei dieser <a href=\"https:\/\/www.esports-betting.pro\/de\">Esport Wette<\/a> setzt man auf zwei Teams, von denen man glaubt, dass sie ins Finale kommen werden. Das hat den Vorteil, dass du doppelt gewinnen kannst.Oder du kannst auf deinen Favoriten setzen und selbst dann gewinnen, wenn dieser im Finale schlu\u00dfendlich gegen ein anderes Team verliert.<strong><br \/>\n<img loading=\"lazy\" decoding=\"async\" class=\"aligncenter size-full wp-image-14699\" src=\"https:\/\/www.esports-betting.pro\/app\/uploads\/sites\/2\/Wettquoten-Finaleinzug-Kiev-Major-2017-bet365-1.jpg\" alt=\"Wettquoten Finaleinzug Kiev Major 2017 bet365\" width=\"501\" height=\"270\" \/><\/strong><\/p>\n<h2>Dota 2 Wettquoten f\u00fcr die Kiew Major Qualifikations-Runde 2017<\/h2>\n<p style=\"text-align: justify;\">F\u00fcr die Qualifier wird es erstmals nur die M\u00f6glichkeit geben, auf den Sieger der einzelnen Spiele zu wetten. Unentschieden gibt es nicht, so gibt es immer die Option dass entweder das eine Team oder das andere gewinnt. Obwohl es einige Favoriten wie z.b. Team NP aus Nordamerika oder Team Secret aus Europa gibt, ist der Qualifier immer f\u00fcr eine \u00dcberraschung gut.<\/p>\n<p style=\"text-align: center;\"><strong><img loading=\"lazy\" decoding=\"async\" style=\"vertical-align: bottom;\" src=\"https:\/\/www.esports-betting.pro\/app\/uploads\/sites\/2\/Bet365-Logo2.jpeg\" alt=\"Logo des Esport Wettanbieters Bet365\" width=\"100\" height=\"31\" \/> <span style=\"color: #000000;\"><a style=\"color: #000000;\" href=\"https:\/\/www.esports-betting.pro\/de\/buchmacher-wettanbieter\/bet365-review\/\">Bet365<\/a><\/span> <img loading=\"lazy\" decoding=\"async\" style=\"vertical-align: bottom;\" src=\"https:\/\/www.esports-betting.pro\/app\/uploads\/sites\/2\/Bet365-Logo2.jpeg\" alt=\"Logo des Esport Wettanbieters Bet365\" width=\"100\" height=\"31\" \/><img loading=\"lazy\" decoding=\"async\" class=\"aligncenter size-full wp-image-14692\" src=\"https:\/\/www.esports-betting.pro\/app\/uploads\/sites\/2\/Wettquoten-Qualifiers-Kiev-Major-2017-bet365-1.jpg\" alt=\"Wettquoten Qualifiers Kiev Major 2017 bet365\" width=\"501\" height=\"259\" \/><\/strong><span style=\"text-decoration: underline;\"><strong><a href=\"https:\/\/www.esports-betting.pro\/de\/buchmacher\/bet365\" target=\"_blank\" rel=\"nofollow noopener\">zu den aktuellen Quoten bei Bet365 &gt;&gt;<br \/>\n<\/a><\/strong><\/span><strong>Die Dota 2 &#8211; Quoten auf Bet365 findet ihr im Men\u00fc Links: <\/strong>E-Sports &gt; Dota 2<\/p>\n<p style=\"text-align: justify;\"><strong>Das k\u00f6nnte dich auch interessieren:<\/strong><\/p>\n<ul>\n<li style=\"text-align: justify;\"><a href=\"https:\/\/www.esports-betting.pro\/de\/dota2\/kiev-major-2017\/\">Dota 2 Kiev Major Turnier\u00fcbersicht<\/a><\/li>\n<li style=\"text-align: justify;\"><a href=\"https:\/\/www.esports-betting.pro\/de\/dota2\/\">Dota 2 &#8211; Wetten und Buchmacher<\/a><\/li>\n<li style=\"text-align: justify;\"><a href=\"https:\/\/www.esports-betting.pro\/de\/dota2\/ti7-the-international-2017\/\">Dota 2 The International 2017 Turnier\u00fcbersicht<\/a><\/li>\n<\/ul>\n","protected":false},"excerpt":{"rendered":"<p>Die Qualifikation f\u00fcr das Kiev Major 2017 von Dota 2 steht vor der T\u00fcr, zeitgleich haben auch schon die ersten eSports Wettseiten Quoten und Wetten f\u00fcr die Qualifikations-Runde und das Main Event des ersten Dota Major Turniers 2017 online gestellt. Die Teams, die nicht direkt von Valve eingeladen wurden, haben nun die Chance sich ihren &hellip; <a href=\"https:\/\/www.esports-betting.pro\/de\/dota2\/kiev-major-2017\/wetten-quoten\/\">Continued<\/a><\/p>\n","protected":false},"author":24,"featured_media":0,"parent":13580,"menu_order":0,"comment_status":"closed","ping_status":"closed","template":"","meta":{"_acf_changed":false,"footnotes":""},"acf":[],"yoast_head":"<!-- This site is optimized with the Yoast SEO plugin v22.6 - https:\/\/yoast.com\/wordpress\/plugins\/seo\/ -->\n<title>Wetten und Quoten - Kiev Major 2017 | Dota 2<\/title>\n<meta name=\"description\" content=\"Wettquoten und Buchmacher f\u00fcr Wetten auf das Dota 2 Turnier beim Kiev Major 2017. Finde die besten Quoten f\u00fcr das 2017 Dota 2 Major in Kiew.\" \/>\n<meta name=\"robots\" content=\"index, follow, max-snippet:-1, max-image-preview:large, max-video-preview:-1\" \/>\n<link rel=\"canonical\" href=\"https:\/\/www.esports-betting.pro\/de\/dota2\/kiev-major-2017\/wetten-quoten\/\" \/>\n<meta property=\"og:locale\" content=\"de_DE\" \/>\n<meta property=\"og:type\" content=\"article\" \/>\n<meta property=\"og:title\" content=\"Wetten und Quoten - Kiev Major 2017 | Dota 2\" \/>\n<meta property=\"og:description\" content=\"Wettquoten und Buchmacher f\u00fcr Wetten auf das Dota 2 Turnier beim Kiev Major 2017. Finde die besten Quoten f\u00fcr das 2017 Dota 2 Major in Kiew.\" \/>\n<meta property=\"og:url\" content=\"https:\/\/www.esports-betting.pro\/de\/dota2\/kiev-major-2017\/wetten-quoten\/\" \/>\n<meta property=\"og:site_name\" content=\"Esports Betting - DE\" \/>\n<meta property=\"article:modified_time\" content=\"2024-02-22T12:13:46+00:00\" \/>\n<meta name=\"twitter:card\" content=\"summary_large_image\" \/>\n<meta name=\"twitter:image\" content=\"https:\/\/www.esports-betting.pro\/app\/uploads\/sites\/2\/Bet365-Logo2.jpeg\" \/>\n<meta name=\"twitter:label1\" content=\"Est. reading time\" \/>\n\t<meta name=\"twitter:data1\" content=\"8 Minuten\" \/>\n<script type=\"application\/ld+json\" class=\"yoast-schema-graph\">{\"@context\":\"https:\/\/schema.org\",\"@graph\":[{\"@type\":\"WebPage\",\"@id\":\"https:\/\/www.esports-betting.pro\/de\/dota2\/kiev-major-2017\/wetten-quoten\/\",\"url\":\"https:\/\/www.esports-betting.pro\/de\/dota2\/kiev-major-2017\/wetten-quoten\/\",\"name\":\"Wetten und Quoten - Kiev Major 2017 | Dota 2\",\"isPartOf\":{\"@id\":\"https:\/\/www.esports-betting.pro\/de\/#website\"},\"primaryImageOfPage\":{\"@id\":\"https:\/\/www.esports-betting.pro\/de\/dota2\/kiev-major-2017\/wetten-quoten\/#primaryimage\"},\"image\":{\"@id\":\"https:\/\/www.esports-betting.pro\/de\/dota2\/kiev-major-2017\/wetten-quoten\/#primaryimage\"},\"thumbnailUrl\":\"https:\/\/www.esports-betting.pro\/app\/uploads\/sites\/2\/Bet365-Logo2.jpeg\",\"datePublished\":\"2017-03-07T16:49:49+00:00\",\"dateModified\":\"2024-02-22T12:13:46+00:00\",\"description\":\"Wettquoten und Buchmacher f\u00fcr Wetten auf das Dota 2 Turnier beim Kiev Major 2017. Finde die besten Quoten f\u00fcr das 2017 Dota 2 Major in Kiew.\",\"breadcrumb\":{\"@id\":\"https:\/\/www.esports-betting.pro\/de\/dota2\/kiev-major-2017\/wetten-quoten\/#breadcrumb\"},\"inLanguage\":\"de-DE\",\"potentialAction\":[{\"@type\":\"ReadAction\",\"target\":[\"https:\/\/www.esports-betting.pro\/de\/dota2\/kiev-major-2017\/wetten-quoten\/\"]}]},{\"@type\":\"ImageObject\",\"inLanguage\":\"de-DE\",\"@id\":\"https:\/\/www.esports-betting.pro\/de\/dota2\/kiev-major-2017\/wetten-quoten\/#primaryimage\",\"url\":\"https:\/\/www.esports-betting.pro\/app\/uploads\/sites\/2\/Bet365-Logo2.jpeg\",\"contentUrl\":\"https:\/\/www.esports-betting.pro\/app\/uploads\/sites\/2\/Bet365-Logo2.jpeg\"},{\"@type\":\"BreadcrumbList\",\"@id\":\"https:\/\/www.esports-betting.pro\/de\/dota2\/kiev-major-2017\/wetten-quoten\/#breadcrumb\",\"itemListElement\":[{\"@type\":\"ListItem\",\"position\":1,\"name\":\"Home\",\"item\":\"https:\/\/www.esports-betting.pro\/de\/\"},{\"@type\":\"ListItem\",\"position\":2,\"name\":\"Dota 2 Wetten &#8211; Wettanbieter und Quoten\",\"item\":\"https:\/\/www.esports-betting.pro\/de\/dota2\/\"},{\"@type\":\"ListItem\",\"position\":3,\"name\":\"Dota 2 &#8211; Kiev Major 2017 &#8211; Turnier\u00fcbersicht\",\"item\":\"https:\/\/www.esports-betting.pro\/de\/dota2\/kiev-major-2017\/\"},{\"@type\":\"ListItem\",\"position\":4,\"name\":\"Wetten und Quoten &#8211; Kiev Major 2017 Dota 2\"}]},{\"@type\":\"WebSite\",\"@id\":\"https:\/\/www.esports-betting.pro\/de\/#website\",\"url\":\"https:\/\/www.esports-betting.pro\/de\/\",\"name\":\"Esports Betting - DE\",\"description\":\"Just another Esports Betting Sites site\",\"potentialAction\":[{\"@type\":\"SearchAction\",\"target\":{\"@type\":\"EntryPoint\",\"urlTemplate\":\"https:\/\/www.esports-betting.pro\/de\/?s={search_term_string}\"},\"query-input\":\"required name=search_term_string\"}],\"inLanguage\":\"de-DE\"}]}<\/script>\n<!-- \/ Yoast SEO plugin. -->","yoast_head_json":{"title":"Wetten und Quoten - Kiev Major 2017 | Dota 2","description":"Wettquoten und Buchmacher f\u00fcr Wetten auf das Dota 2 Turnier beim Kiev Major 2017. Finde die besten Quoten f\u00fcr das 2017 Dota 2 Major in Kiew.","robots":{"index":"index","follow":"follow","max-snippet":"max-snippet:-1","max-image-preview":"max-image-preview:large","max-video-preview":"max-video-preview:-1"},"canonical":"https:\/\/www.esports-betting.pro\/de\/dota2\/kiev-major-2017\/wetten-quoten\/","og_locale":"de_DE","og_type":"article","og_title":"Wetten und Quoten - Kiev Major 2017 | Dota 2","og_description":"Wettquoten und Buchmacher f\u00fcr Wetten auf das Dota 2 Turnier beim Kiev Major 2017. Finde die besten Quoten f\u00fcr das 2017 Dota 2 Major in Kiew.","og_url":"https:\/\/www.esports-betting.pro\/de\/dota2\/kiev-major-2017\/wetten-quoten\/","og_site_name":"Esports Betting - DE","article_modified_time":"2024-02-22T12:13:46+00:00","twitter_card":"summary_large_image","twitter_image":"https:\/\/www.esports-betting.pro\/app\/uploads\/sites\/2\/Bet365-Logo2.jpeg","twitter_misc":{"Est. reading time":"8 Minuten"},"schema":{"@context":"https:\/\/schema.org","@graph":[{"@type":"WebPage","@id":"https:\/\/www.esports-betting.pro\/de\/dota2\/kiev-major-2017\/wetten-quoten\/","url":"https:\/\/www.esports-betting.pro\/de\/dota2\/kiev-major-2017\/wetten-quoten\/","name":"Wetten und Quoten - Kiev Major 2017 | Dota 2","isPartOf":{"@id":"https:\/\/www.esports-betting.pro\/de\/#website"},"primaryImageOfPage":{"@id":"https:\/\/www.esports-betting.pro\/de\/dota2\/kiev-major-2017\/wetten-quoten\/#primaryimage"},"image":{"@id":"https:\/\/www.esports-betting.pro\/de\/dota2\/kiev-major-2017\/wetten-quoten\/#primaryimage"},"thumbnailUrl":"https:\/\/www.esports-betting.pro\/app\/uploads\/sites\/2\/Bet365-Logo2.jpeg","datePublished":"2017-03-07T16:49:49+00:00","dateModified":"2024-02-22T12:13:46+00:00","description":"Wettquoten und Buchmacher f\u00fcr Wetten auf das Dota 2 Turnier beim Kiev Major 2017. Finde die besten Quoten f\u00fcr das 2017 Dota 2 Major in Kiew.","breadcrumb":{"@id":"https:\/\/www.esports-betting.pro\/de\/dota2\/kiev-major-2017\/wetten-quoten\/#breadcrumb"},"inLanguage":"de-DE","potentialAction":[{"@type":"ReadAction","target":["https:\/\/www.esports-betting.pro\/de\/dota2\/kiev-major-2017\/wetten-quoten\/"]}]},{"@type":"ImageObject","inLanguage":"de-DE","@id":"https:\/\/www.esports-betting.pro\/de\/dota2\/kiev-major-2017\/wetten-quoten\/#primaryimage","url":"https:\/\/www.esports-betting.pro\/app\/uploads\/sites\/2\/Bet365-Logo2.jpeg","contentUrl":"https:\/\/www.esports-betting.pro\/app\/uploads\/sites\/2\/Bet365-Logo2.jpeg"},{"@type":"BreadcrumbList","@id":"https:\/\/www.esports-betting.pro\/de\/dota2\/kiev-major-2017\/wetten-quoten\/#breadcrumb","itemListElement":[{"@type":"ListItem","position":1,"name":"Home","item":"https:\/\/www.esports-betting.pro\/de\/"},{"@type":"ListItem","position":2,"name":"Dota 2 Wetten &#8211; Wettanbieter und Quoten","item":"https:\/\/www.esports-betting.pro\/de\/dota2\/"},{"@type":"ListItem","position":3,"name":"Dota 2 &#8211; Kiev Major 2017 &#8211; Turnier\u00fcbersicht","item":"https:\/\/www.esports-betting.pro\/de\/dota2\/kiev-major-2017\/"},{"@type":"ListItem","position":4,"name":"Wetten und Quoten &#8211; Kiev Major 2017 Dota 2"}]},{"@type":"WebSite","@id":"https:\/\/www.esports-betting.pro\/de\/#website","url":"https:\/\/www.esports-betting.pro\/de\/","name":"Esports Betting - DE","description":"Just another Esports Betting Sites site","potentialAction":[{"@type":"SearchAction","target":{"@type":"EntryPoint","urlTemplate":"https:\/\/www.esports-betting.pro\/de\/?s={search_term_string}"},"query-input":"required name=search_term_string"}],"inLanguage":"de-DE"}]}},"_links":{"self":[{"href":"https:\/\/www.esports-betting.pro\/de\/wp-json\/wp\/v2\/pages\/14672"}],"collection":[{"href":"https:\/\/www.esports-betting.pro\/de\/wp-json\/wp\/v2\/pages"}],"about":[{"href":"https:\/\/www.esports-betting.pro\/de\/wp-json\/wp\/v2\/types\/page"}],"author":[{"embeddable":true,"href":"https:\/\/www.esports-betting.pro\/de\/wp-json\/wp\/v2\/users\/24"}],"replies":[{"embeddable":true,"href":"https:\/\/www.esports-betting.pro\/de\/wp-json\/wp\/v2\/comments?post=14672"}],"version-history":[{"count":1,"href":"https:\/\/www.esports-betting.pro\/de\/wp-json\/wp\/v2\/pages\/14672\/revisions"}],"predecessor-version":[{"id":52956,"href":"https:\/\/www.esports-betting.pro\/de\/wp-json\/wp\/v2\/pages\/14672\/revisions\/52956"}],"up":[{"embeddable":true,"href":"https:\/\/www.esports-betting.pro\/de\/wp-json\/wp\/v2\/pages\/13580"}],"wp:attachment":[{"href":"https:\/\/www.esports-betting.pro\/de\/wp-json\/wp\/v2\/media?parent=14672"}],"curies":[{"name":"wp","href":"https:\/\/api.w.org\/{rel}","templated":true}]}}