{"id":1412,"date":"2013-11-26T14:03:13","date_gmt":"2013-11-26T14:03:13","guid":{"rendered":"https:\/\/www.esports-betting.pro\/de\/?page_id=1412"},"modified":"2013-11-26T14:03:13","modified_gmt":"2013-11-26T14:03:13","slug":"battle-of-the-atlantic-2013","status":"publish","type":"page","link":"https:\/\/www.esports-betting.pro\/de\/lol\/battle-of-the-atlantic-2013\/","title":{"rendered":"Battle of the Atlantic 2013"},"content":{"rendered":"<p style=\"text-align: justify\"><img loading=\"lazy\" decoding=\"async\" class=\"alignright size-full wp-image-1413\" src=\"https:\/\/www.esports-betting.pro\/app\/uploads\/sites\/2\/battle-of-the-atlantic.jpg\" alt=\"Battle of the Atlantic 2013 Logo\" width=\"175\" height=\"114\" \/>Das <strong>Battle of the Atlantic Turnier<\/strong> er\u00f6ffnet ein neues Kapitel im <strong>Buch der ewigen Competition<\/strong> zwischen den <strong>Regionen Europa und Nord Amerika<\/strong> in <strong>League of Legends<\/strong>. Das von <strong>Riot Games veranstaltete<\/strong> LoL Turnier soll, zumindest f\u00fcr die n\u00e4chste Zeit, kl\u00e4ren welche der Regionen denn nun die besseren Teams hat. <strong>EU vs. NA<\/strong> \u2013 willkommen zum Battle of the Atlantic 2013!<br class=\"none\" \/><br class=\"none\" \/><\/p>\n<div style=\"float: right;width: 180px;height: 130px;text-align: center\"><strong>Navigation<\/strong><br \/>\n<img loading=\"lazy\" decoding=\"async\" class=\"size-full wp-image-831 alignright\" src=\"https:\/\/www.esports-betting.pro\/app\/uploads\/sites\/2\/button-wettquoten.png\" alt=\"Button mit Link zu Wettquoten\" width=\"171\" height=\"46\" \/><br \/>\n<a href=\"https:\/\/www.esports-betting.pro\/de\/lol\/battle-of-the-atlantic-2013\/#livestream\"><img loading=\"lazy\" decoding=\"async\" class=\"size-full wp-image-831 alignright\" src=\"https:\/\/www.esports-betting.pro\/app\/uploads\/sites\/2\/Button-Live-Stream-LoL-WM.png\" alt=\"Button mit Link zur Battle of the Atlantic Live Stream Info\" width=\"171\" height=\"46\" \/><\/a><br \/>\n<img loading=\"lazy\" decoding=\"async\" class=\"size-full wp-image-831 alignright\" src=\"https:\/\/www.esports-betting.pro\/app\/uploads\/sites\/2\/button-spezial-wetten.png\" alt=\"Button Link zu Spezial Wetten\" width=\"171\" height=\"46\" \/><\/div>\n<h2>Battle of the Atlantic 2013 Facts<\/h2>\n<ul>\n<li>14.12.2013 \u2013 22.12.2013<\/li>\n<li>Zwei Austragungsorte: K\u00f6ln und Los Angeles<\/li>\n<li>Die 5 besten Teams der LCS NA und LCS EU<\/li>\n<li>Best of 3 Modus<\/li>\n<li>Offline Turnier<\/li>\n<li>$ 5,000,- Preisgeld f\u00fcr jedes siegreiche Team<\/li>\n<li>$ 25,000,- als zus\u00e4tzliches Preisgeld\u00a0 f\u00fcr die Region<\/li>\n<li>welche den Battle of the Atlantic gewinnt (= $ 5,000 pro Team)<\/li>\n<li>live Stream auf Youtube, Twitch und Azubu mit Moderation<\/li>\n<li>Wetten und Sonderwetten f\u00fcr alle Matches verf\u00fcgbar<\/li>\n<li>Hashtag: #BotA<\/li>\n<\/ul>\n<p><strong>Matches und Spielplan<\/strong><\/p>\n<p style=\"text-align: justify\">Wir haben euch das Datum und weitere Informationen f\u00fcr alle 5 Matches beim Battle of the Atlantic gelistet:<\/p>\n<p style=\"text-align: center\"><span style=\"font-size: 32px\"><strong><img loading=\"lazy\" decoding=\"async\" class=\"size-full wp-image-1422 alignleft\" src=\"https:\/\/www.esports-betting.pro\/app\/uploads\/sites\/2\/eu-lcs.jpg\" alt=\"EU LCS Banner\" width=\"192\" height=\"108\" \/><img loading=\"lazy\" decoding=\"async\" class=\"size-full wp-image-1425 alignright\" src=\"https:\/\/www.esports-betting.pro\/app\/uploads\/sites\/2\/na-lcs.jpg\" alt=\"NA LCS\" width=\"192\" height=\"108\" \/><br class=\"none\" \/><br class=\"none\" \/>EU vs. NA<\/strong><\/span><\/p>\n<table style=\"width: 733px\" border=\"0\" cellspacing=\"0\" cellpadding=\"0\">\n<colgroup>\n<col width=\"80\" \/>\n<col width=\"93\" \/>\n<col span=\"7\" width=\"80\" \/> <\/colgroup>\n<tbody>\n<tr>\n<td style=\"text-align: left\" width=\"80\" height=\"40\"><strong>Datum<\/strong><\/td>\n<td style=\"text-align: center\" width=\"93\"><strong>LCS Platzierung<\/strong><\/td>\n<td style=\"text-align: center\" width=\"80\"><strong>Nord Amerika<\/strong><\/td>\n<td style=\"text-align: center\" width=\"80\"><strong>\u00a0Vod<\/strong><\/td>\n<td style=\"text-align: center\" width=\"80\"><strong>Europa<\/strong><\/td>\n<td style=\"text-align: center\" width=\"80\"><strong>Punkte f\u00fcr Sieger<\/strong><\/td>\n<td style=\"text-align: center\" width=\"80\"><strong>Ort<\/strong><\/td>\n<td style=\"text-align: center\" width=\"80\"><strong>Sieger<\/strong><\/td>\n<td style=\"text-align: center\" width=\"80\"><strong>Punkte<\/strong><\/td>\n<\/tr>\n<tr>\n<td style=\"text-align: left\" width=\"80\" height=\"20\"><strong>14. Dez.<\/strong><\/td>\n<td style=\"text-align: center\" width=\"93\">#4<\/td>\n<td style=\"text-align: center\" width=\"80\">DIG<\/td>\n<td style=\"text-align: center\" width=\"80\"><a title=\"Vod vom LoL Match DIG vs. ALL beim Bota 2013\" href=\"http:\/\/www.twitch.tv\/riotgames\/b\/487381526\" target=\"_blank\" rel=\"noopener\">VOD<\/a><\/td>\n<td style=\"text-align: center\" width=\"80\"><strong>ALL (ex EG)<\/strong><\/td>\n<td style=\"text-align: center\" align=\"right\" width=\"80\">1<\/td>\n<td style=\"text-align: center\" width=\"80\">K\u00f6ln<\/td>\n<td style=\"text-align: center\"><strong>ALL<\/strong><\/td>\n<td style=\"text-align: center\">\u00a01 (EU)<\/td>\n<\/tr>\n<tr>\n<td style=\"text-align: left\" width=\"80\" height=\"20\"><strong>15. Dez.<\/strong><\/td>\n<td style=\"text-align: center\" width=\"93\">#2<\/td>\n<td style=\"text-align: center\" width=\"80\"><strong>TSM<\/strong><\/td>\n<td style=\"text-align: center\" width=\"80\"><a title=\"Vod vom LoL Match TSM vs. LD beim BotA 2013\" href=\"http:\/\/www.twitch.tv\/riotgames\/b\/487664638\" target=\"_blank\" rel=\"noopener\">VOD<\/a><\/td>\n<td style=\"text-align: center\" width=\"80\">LD<\/td>\n<td style=\"text-align: center\" align=\"right\" width=\"80\">2<\/td>\n<td style=\"text-align: center\" width=\"80\">K\u00f6ln<\/td>\n<td style=\"text-align: center\"><strong>TSM<\/strong><\/td>\n<td style=\"text-align: center\">2 (NA)<\/td>\n<\/tr>\n<tr>\n<td style=\"text-align: left\" width=\"80\" height=\"20\"><strong>20. Dez.<\/strong><\/td>\n<td style=\"text-align: center\" width=\"93\">#5<\/td>\n<td style=\"text-align: center\" width=\"80\">CLG<\/td>\n<td style=\"text-align: center\" width=\"80\"><a title=\"Vod of CLG vs. ATN beim LoL Bota 2013\" href=\"http:\/\/www.twitch.tv\/riotgames\/b\/488918393\" target=\"_blank\" rel=\"noopener\">VOD<\/a><\/td>\n<td style=\"text-align: center\" width=\"80\"><strong>ATN<\/strong><\/td>\n<td style=\"text-align: center\" align=\"right\" width=\"80\">1<\/td>\n<td style=\"text-align: center\" width=\"80\">LA<\/td>\n<td style=\"text-align: center\"><strong>ATN<\/strong><\/td>\n<td style=\"text-align: center\">1 (EU)<\/td>\n<\/tr>\n<tr>\n<td style=\"text-align: left\" width=\"80\" height=\"20\"><strong>21. Dez.<\/strong><\/td>\n<td style=\"text-align: center\" width=\"93\">#3<\/td>\n<td style=\"text-align: center\" width=\"80\">XDG<\/td>\n<td style=\"text-align: center\" width=\"80\"><a title=\"VOD des Matches zwischen XDG gegen GMB beim Battle of the Atlantic 2013\" href=\"http:\/\/de.twitch.tv\/riotgames\/b\/489179573\" target=\"_blank\" rel=\"noopener\">VOD<\/a><\/td>\n<td style=\"text-align: center\" width=\"80\"><strong>GMB<\/strong><\/td>\n<td style=\"text-align: center\" align=\"right\" width=\"80\">2<\/td>\n<td style=\"text-align: center\" width=\"80\">LA<\/td>\n<td style=\"text-align: center\"><strong>GMB<\/strong><\/td>\n<td style=\"text-align: center\">2 (EU)<\/td>\n<\/tr>\n<tr>\n<td style=\"text-align: left\" width=\"80\" height=\"20\"><strong>22. Dez.<\/strong><\/td>\n<td style=\"text-align: center\" width=\"93\">#1<\/td>\n<td style=\"text-align: center\" width=\"80\"><strong>C9<\/strong><\/td>\n<td style=\"text-align: center\" width=\"80\">vs.<\/td>\n<td style=\"text-align: center\" width=\"80\">FNC<\/td>\n<td style=\"text-align: center\" align=\"right\" width=\"80\">3<\/td>\n<td style=\"text-align: center\" width=\"80\">LA<\/td>\n<td style=\"text-align: center\">\u00a0<strong>C9<\/strong><\/td>\n<td style=\"text-align: center\">\u00a03 (NA)<\/td>\n<\/tr>\n<\/tbody>\n<\/table>\n<p style=\"text-align: center\"><strong>Wir gratuliern dem Gewinner des Battle of the Atlantic 2013:<\/strong><\/p>\n<p style=\"text-align: center\"><img loading=\"lazy\" decoding=\"async\" class=\"aligncenter size-full wp-image-1425\" src=\"https:\/\/www.esports-betting.pro\/app\/uploads\/sites\/2\/na-lcs.jpg\" alt=\"NA LCS\" width=\"192\" height=\"108\" \/><\/p>\n<h2>Punkteverteilung \u2013 Spielmodus<\/h2>\n<p style=\"text-align: justify\">Beim Battle of the Atlantic Turnier treffen die 5 besten Teams der League of Legends Pro Liga LCS der Regionen EU und NA aufeinander. Die LoL Teams spielen je nach ihrer Platzierung gegen den Counterpart in der anderen eSport Profi-Liga. Sprich der 5 platzierte der Region EU spielt gegen den 5-platzierten der Region NA , usw.. Am Ende der Turnierreihe treffen die beiden Sieger der jeweiligen Region aufeinander: Cloud 9 (LCS NA) vs. Fnatic (LCS EU). Die Punkte die die Teams f\u00fcr ihre jeweilige Region beim Battle of the Atlantic holen k\u00f6nne werden nach folgendem Schl\u00fcssel verteilt:<\/p>\n<p><strong>Punkteschl\u00fcssel Battle of the Atlantic<\/strong><\/p>\n<ul>\n<li>Match der Teams auf Platz 4 & 5: jeweils 1 Punkt<\/li>\n<li>Match der Teams auf Platz 2 & 3: jeweils 2 Punkte<\/li>\n<li>Match der LCS Gewinner: 3 Punkte<\/li>\n<\/ul>\n<p style=\"text-align: justify\">H\u00f6chst wahrscheinlich wird auf Grund des Punkteschl\u00fcssel die endg\u00fclgitge Entscheidung um den Title der besseren Region in LoL erst beim Match der beiden LCS Gewinner Fnatic und Cloud 9 falllen.<\/p>\n<h3>Teams beim Battle of the Atlantic<\/h3>\n<p style=\"text-align: justify\"><img loading=\"lazy\" decoding=\"async\" class=\"alignright size-full wp-image-1476\" src=\"https:\/\/www.esports-betting.pro\/app\/uploads\/sites\/2\/battle-of-the-atlantic-logo-2.jpg\" alt=\"Logo vom Battle of the Atlantic LoL Turnier 2013\" width=\"205\" height=\"115\" \/>Teams werden entsprechenden ihrer Platzierung in der letzten LCS Saison gelistet.<\/p>\n<p><strong>Teams EU:<\/strong><\/p>\n<ul>\n<li>Fnatic<\/li>\n<li>Team Lemondogs<\/li>\n<li>Gambit Gaming<\/li>\n<li>Alliance (gegr\u00fcndet am 10.12. 2013) (ex &#8211; Evil Geniuses)<\/li>\n<li>Team Alternate<\/li>\n<\/ul>\n<p><strong>Teams NA:<\/strong><\/p>\n<ul>\n<li>Cloud 9<\/li>\n<li>Team SoloMid<\/li>\n<li>XDG Gaming (fr\u00fcher Team Vulcun)<\/li>\n<li>Team Dignitas<\/li>\n<li>Counter Logic Gaming<\/li>\n<\/ul>\n<p><strong>Ticket Info<\/strong><\/p>\n<p style=\"text-align: justify\">F\u00fcr alle Matches sind online Tickets verf\u00fcgbar. Der Preis liegt in K\u00f6ln bei \u20ac 10,- f\u00fcr eine Tageskarte. <a title=\"Battle of the Atlantic und LCS Promotion Tickets\" href=\"https:\/\/www.esports-betting.pro\/de\/news\/lol\/battle-atlantic-und-lcs-promotion-tickets\/\">Zur Battle of the Atlantic Ticket Info<\/a><\/p>\n<h3>Preisgeld beim BotA<\/h3>\n<p style=\"text-align: justify\">Jedes Team spielt <strong>nur ein Match<\/strong> im <strong>best of 3 Modus<\/strong>. Das <strong>Siegerteam<\/strong> erh\u00e4lt ein <strong>Preisgeld in H\u00f6he von $ 5,000,<\/strong>&#8211; und erspielt Punkte f\u00fcr die jeweilige Region. Die Regeion deren Teams am Ende des Battle of the Atlantic Turniers die meisten Punkte gewinnen konnte bekommt ein <strong>zus\u00e4tzliches Preisgeld in H\u00f6he von $25,000,- welches auf alle 5 Teams der Region aufgeteilt wird<\/strong>. <strong>Insgesamt<\/strong> wir bei diesem Turnier von Riot Games ein <strong>Preisgeld in H\u00f6he von $ 50,000,-<\/strong> ausgesch\u00fcttet.<\/p>\n<p style=\"text-align: justify\"><strong>Austragungsorte \/ Heimvorteil<\/strong><\/p>\n<p style=\"text-align: justify\">Die Matches beim Battle of the Atlantic sind auf 2 Austragungsorte aufgeteilt: K\u00f6ln in Deutschland und Los Angeles in den USA. Da nur 3 der insgesamt 9 Punkte bei dem LoL Turnier in der EU ausgespielt werden, kommt es zu einem kleinem, wenn aber auch deutlich zu erkennendem Ungleichgewicht wenn man den Heimvorteil in Betracht zieht. Der Heimvorteil bei diesem League of Legends Turnier hat seine Grundlage nicht nur in den Fans, welche selbstverst\u00e4ndlich ihre eigene Region mehr anheizen werden, sondern auch in der langen Reisezeit der Teams und dem sich daraus ergebenden Jetlag. Die 2 Matches in K\u00f6ln, werden in den ESL Studios ausgetragen.<\/p>\n<h3>Wetten und Quoten<\/h3>\n<p style=\"text-align: justify\">F\u00fcr alle 5 Matches beim Battle of the Atlantic werden Wetten bei den 3 schon bekannten eSport Buchmachern eSportsventure, Datbet und Pinnacle Sports angeboten. Wir haben euch die Quoten vom Buchmacher eSportsventure abgebildet. Bitte beachtet, dass sich die Quoten in der Zwischenzeit ge\u00e4ndert haben k\u00f6nnen. An den Wettquoten sieht man auch ganz gut, dass bei den Analysten von eSportsventure die Region leicht favorisiert wird, wenn es um den Gesamtsieg beim Battle of the Atlantic geht. Weitere Infos \u00fcber Wetten auf League of Legends (LoL) Turniere findet ihr in unserer Wettanbieter \u00dcbersicht.<\/p>\n<p style=\"text-align: center\"><strong>Wettquoten von eSportsventure (Stand 10.12.2013)<\/strong><\/p>\n<p style=\"text-align: justify\"><img loading=\"lazy\" decoding=\"async\" class=\"aligncenter size-full wp-image-1516\" src=\"https:\/\/www.esports-betting.pro\/app\/uploads\/sites\/2\/Wettquoten-Battle-of-the-Atlantic-eSportsventure.png\" alt=\"Wettquoten f\u00fcr das Battle of the Atlantic Turnier von eSportsventure\" width=\"570\" height=\"323\" \/><\/p>\n<p style=\"text-align: center\">\n<p style=\"text-align: justify\"><strong>Das Bota Final Wochenende und Quotenvergleich<\/strong><\/p>\n<p style=\"text-align: justify\">Wir haben euch f\u00fcr das Final Wochenende beim Battle of the Atlantic ein kleines Preview mit einem Quotenvergleich der 3 Buchmacher gebastelt. Dort k\u00f6nnt ihr alle Wettquoten der 3 Anbieter bequem vergleichen und euch so leichter entscheiden. <a title=\"BotA 2013: Das Finale und Quotenvergleich\" href=\"https:\/\/www.esports-betting.pro\/de\/news\/lol\/battle-of-the-atlantic-2013-finale-bota\/\">-&gt;Bota 2013 Finale und Quotenvergleich<\/a><\/p>\n<p style=\"text-align: justify\"><strong><a name=\"livestream\"><\/a>Battle of the Atlantic Live stream<\/strong><\/p>\n<p style=\"text-align: justify\">Alle Matches beim gro\u00dfen LoL Turnier der Regionen werden live auf Twitch oder der offiziellen Webseite der LCS \u00fcbertragen. Nat\u00fcrlich k\u00f6nnt ihr euch die Matches auch hier auf unserer Seite ansehen. Um den Livestream zu starten einfach auf den Play Button klicken. Wir w\u00fcnschen euch viel Spass beim Battle of the Atlantic 2013. Die Matches in K\u00f6ln starten am jeweiligen Spieltag um 18:00. Die 3 Matches die in LA ausgetragen werden starten um 20:00. Im Anschlu\u00df an den Battle of the Atlantic finden die Promotion Matches f\u00fcr die n\u00e4chste LCS Saison statt. (Mehr dazu weiter unten)<\/p>\n<p><object><\/object><\/p>\n<h3>LCS Spring Promotion<\/h3>\n<p style=\"text-align: justify\">Im Rahmen des Battle of the Atlantic Turniers werden auch die Promotion Turniere f\u00fcr beiden LCS Ligen ausgetragen. Bei dem LCS Spring Split Promotion Turnier k\u00e4mpfen etliche Amateur Teams um einen Platz in der League of Legends Profi Liga LCS. Es werden auf jeden Fall wieder zahlreiche actiongeladene Matches im live stream zu sehen sein \u2013 f\u00fcr die Teams geht es um den gro\u00dfen Traum in die LoL Profiliga LCS einzuziehen!<\/p>\n","protected":false},"excerpt":{"rendered":"<p>Das Battle of the Atlantic Turnier er\u00f6ffnet ein neues Kapitel im Buch der ewigen Competition zwischen den Regionen Europa und Nord Amerika in League of Legends. Das von Riot Games veranstaltete LoL Turnier soll, zumindest f\u00fcr die n\u00e4chste Zeit, kl\u00e4ren welche der Regionen denn nun die besseren Teams hat. EU vs. NA \u2013 willkommen zum &hellip; <a href=\"https:\/\/www.esports-betting.pro\/de\/lol\/battle-of-the-atlantic-2013\/\">Continued<\/a><\/p>\n","protected":false},"author":24,"featured_media":0,"parent":86,"menu_order":0,"comment_status":"closed","ping_status":"closed","template":"","meta":{"_acf_changed":false,"footnotes":""},"acf":[],"yoast_head":"<!-- This site is optimized with the Yoast SEO plugin v22.6 - https:\/\/yoast.com\/wordpress\/plugins\/seo\/ -->\n<title>Battle of the Atlantic 2013 | LoL Turnier - Spielplan, Teams,...<\/title>\n<meta name=\"description\" content=\"Infos zum Battle of the Atlantic (BotA) 2013. Erfahre mehr \u00fcber Matches, livestream, Preisgeld, Wetten usw. beim gro\u00dfen LoL Turnier zwischen Europa und NA\" \/>\n<meta name=\"robots\" content=\"index, follow, max-snippet:-1, max-image-preview:large, max-video-preview:-1\" \/>\n<link rel=\"canonical\" href=\"https:\/\/www.esports-betting.pro\/de\/lol\/battle-of-the-atlantic-2013\/\" \/>\n<meta property=\"og:locale\" content=\"de_DE\" \/>\n<meta property=\"og:type\" content=\"article\" \/>\n<meta property=\"og:title\" content=\"Battle of the Atlantic 2013 | LoL Turnier - Spielplan, Teams,...\" \/>\n<meta property=\"og:description\" content=\"Infos zum Battle of the Atlantic (BotA) 2013. Erfahre mehr \u00fcber Matches, livestream, Preisgeld, Wetten usw. beim gro\u00dfen LoL Turnier zwischen Europa und NA\" \/>\n<meta property=\"og:url\" content=\"https:\/\/www.esports-betting.pro\/de\/lol\/battle-of-the-atlantic-2013\/\" \/>\n<meta property=\"og:site_name\" content=\"Esports Betting - DE\" \/>\n<meta property=\"og:image\" content=\"https:\/\/www.esports-betting.pro\/app\/uploads\/sites\/2\/battle-of-the-atlantic.jpg\" \/>\n<meta name=\"twitter:card\" content=\"summary_large_image\" \/>\n<meta name=\"twitter:label1\" content=\"Est. reading time\" \/>\n\t<meta name=\"twitter:data1\" content=\"5 Minuten\" \/>\n<script type=\"application\/ld+json\" class=\"yoast-schema-graph\">{\"@context\":\"https:\/\/schema.org\",\"@graph\":[{\"@type\":\"WebPage\",\"@id\":\"https:\/\/www.esports-betting.pro\/de\/lol\/battle-of-the-atlantic-2013\/\",\"url\":\"https:\/\/www.esports-betting.pro\/de\/lol\/battle-of-the-atlantic-2013\/\",\"name\":\"Battle of the Atlantic 2013 | LoL Turnier - Spielplan, Teams,...\",\"isPartOf\":{\"@id\":\"https:\/\/www.esports-betting.pro\/de\/#website\"},\"primaryImageOfPage\":{\"@id\":\"https:\/\/www.esports-betting.pro\/de\/lol\/battle-of-the-atlantic-2013\/#primaryimage\"},\"image\":{\"@id\":\"https:\/\/www.esports-betting.pro\/de\/lol\/battle-of-the-atlantic-2013\/#primaryimage\"},\"thumbnailUrl\":\"https:\/\/www.esports-betting.pro\/app\/uploads\/sites\/2\/battle-of-the-atlantic.jpg\",\"datePublished\":\"2013-11-26T14:03:13+00:00\",\"dateModified\":\"2013-11-26T14:03:13+00:00\",\"description\":\"Infos zum Battle of the Atlantic (BotA) 2013. Erfahre mehr \u00fcber Matches, livestream, Preisgeld, Wetten usw. beim gro\u00dfen LoL Turnier zwischen Europa und NA\",\"breadcrumb\":{\"@id\":\"https:\/\/www.esports-betting.pro\/de\/lol\/battle-of-the-atlantic-2013\/#breadcrumb\"},\"inLanguage\":\"de-DE\",\"potentialAction\":[{\"@type\":\"ReadAction\",\"target\":[\"https:\/\/www.esports-betting.pro\/de\/lol\/battle-of-the-atlantic-2013\/\"]}]},{\"@type\":\"ImageObject\",\"inLanguage\":\"de-DE\",\"@id\":\"https:\/\/www.esports-betting.pro\/de\/lol\/battle-of-the-atlantic-2013\/#primaryimage\",\"url\":\"https:\/\/www.esports-betting.pro\/app\/uploads\/sites\/2\/battle-of-the-atlantic.jpg\",\"contentUrl\":\"https:\/\/www.esports-betting.pro\/app\/uploads\/sites\/2\/battle-of-the-atlantic.jpg\"},{\"@type\":\"BreadcrumbList\",\"@id\":\"https:\/\/www.esports-betting.pro\/de\/lol\/battle-of-the-atlantic-2013\/#breadcrumb\",\"itemListElement\":[{\"@type\":\"ListItem\",\"position\":1,\"name\":\"Home\",\"item\":\"https:\/\/www.esports-betting.pro\/de\/\"},{\"@type\":\"ListItem\",\"position\":2,\"name\":\"Tips f\u00fcr League of Legends (LoL) Wetten &#8211; Wie wette ich auf League of Legends (Lol)?\",\"item\":\"https:\/\/www.esports-betting.pro\/de\/lol\/\"},{\"@type\":\"ListItem\",\"position\":3,\"name\":\"Battle of the Atlantic 2013\"}]},{\"@type\":\"WebSite\",\"@id\":\"https:\/\/www.esports-betting.pro\/de\/#website\",\"url\":\"https:\/\/www.esports-betting.pro\/de\/\",\"name\":\"Esports Betting - DE\",\"description\":\"Just another Esports Betting Sites site\",\"potentialAction\":[{\"@type\":\"SearchAction\",\"target\":{\"@type\":\"EntryPoint\",\"urlTemplate\":\"https:\/\/www.esports-betting.pro\/de\/?s={search_term_string}\"},\"query-input\":\"required name=search_term_string\"}],\"inLanguage\":\"de-DE\"}]}<\/script>\n<!-- \/ Yoast SEO plugin. -->","yoast_head_json":{"title":"Battle of the Atlantic 2013 | LoL Turnier - Spielplan, Teams,...","description":"Infos zum Battle of the Atlantic (BotA) 2013. Erfahre mehr \u00fcber Matches, livestream, Preisgeld, Wetten usw. beim gro\u00dfen LoL Turnier zwischen Europa und NA","robots":{"index":"index","follow":"follow","max-snippet":"max-snippet:-1","max-image-preview":"max-image-preview:large","max-video-preview":"max-video-preview:-1"},"canonical":"https:\/\/www.esports-betting.pro\/de\/lol\/battle-of-the-atlantic-2013\/","og_locale":"de_DE","og_type":"article","og_title":"Battle of the Atlantic 2013 | LoL Turnier - Spielplan, Teams,...","og_description":"Infos zum Battle of the Atlantic (BotA) 2013. Erfahre mehr \u00fcber Matches, livestream, Preisgeld, Wetten usw. beim gro\u00dfen LoL Turnier zwischen Europa und NA","og_url":"https:\/\/www.esports-betting.pro\/de\/lol\/battle-of-the-atlantic-2013\/","og_site_name":"Esports Betting - DE","og_image":[{"url":"https:\/\/www.esports-betting.pro\/app\/uploads\/sites\/2\/battle-of-the-atlantic.jpg"}],"twitter_card":"summary_large_image","twitter_misc":{"Est. reading time":"5 Minuten"},"schema":{"@context":"https:\/\/schema.org","@graph":[{"@type":"WebPage","@id":"https:\/\/www.esports-betting.pro\/de\/lol\/battle-of-the-atlantic-2013\/","url":"https:\/\/www.esports-betting.pro\/de\/lol\/battle-of-the-atlantic-2013\/","name":"Battle of the Atlantic 2013 | LoL Turnier - Spielplan, Teams,...","isPartOf":{"@id":"https:\/\/www.esports-betting.pro\/de\/#website"},"primaryImageOfPage":{"@id":"https:\/\/www.esports-betting.pro\/de\/lol\/battle-of-the-atlantic-2013\/#primaryimage"},"image":{"@id":"https:\/\/www.esports-betting.pro\/de\/lol\/battle-of-the-atlantic-2013\/#primaryimage"},"thumbnailUrl":"https:\/\/www.esports-betting.pro\/app\/uploads\/sites\/2\/battle-of-the-atlantic.jpg","datePublished":"2013-11-26T14:03:13+00:00","dateModified":"2013-11-26T14:03:13+00:00","description":"Infos zum Battle of the Atlantic (BotA) 2013. Erfahre mehr \u00fcber Matches, livestream, Preisgeld, Wetten usw. beim gro\u00dfen LoL Turnier zwischen Europa und NA","breadcrumb":{"@id":"https:\/\/www.esports-betting.pro\/de\/lol\/battle-of-the-atlantic-2013\/#breadcrumb"},"inLanguage":"de-DE","potentialAction":[{"@type":"ReadAction","target":["https:\/\/www.esports-betting.pro\/de\/lol\/battle-of-the-atlantic-2013\/"]}]},{"@type":"ImageObject","inLanguage":"de-DE","@id":"https:\/\/www.esports-betting.pro\/de\/lol\/battle-of-the-atlantic-2013\/#primaryimage","url":"https:\/\/www.esports-betting.pro\/app\/uploads\/sites\/2\/battle-of-the-atlantic.jpg","contentUrl":"https:\/\/www.esports-betting.pro\/app\/uploads\/sites\/2\/battle-of-the-atlantic.jpg"},{"@type":"BreadcrumbList","@id":"https:\/\/www.esports-betting.pro\/de\/lol\/battle-of-the-atlantic-2013\/#breadcrumb","itemListElement":[{"@type":"ListItem","position":1,"name":"Home","item":"https:\/\/www.esports-betting.pro\/de\/"},{"@type":"ListItem","position":2,"name":"Tips f\u00fcr League of Legends (LoL) Wetten &#8211; Wie wette ich auf League of Legends (Lol)?","item":"https:\/\/www.esports-betting.pro\/de\/lol\/"},{"@type":"ListItem","position":3,"name":"Battle of the Atlantic 2013"}]},{"@type":"WebSite","@id":"https:\/\/www.esports-betting.pro\/de\/#website","url":"https:\/\/www.esports-betting.pro\/de\/","name":"Esports Betting - DE","description":"Just another Esports Betting Sites site","potentialAction":[{"@type":"SearchAction","target":{"@type":"EntryPoint","urlTemplate":"https:\/\/www.esports-betting.pro\/de\/?s={search_term_string}"},"query-input":"required name=search_term_string"}],"inLanguage":"de-DE"}]}},"_links":{"self":[{"href":"https:\/\/www.esports-betting.pro\/de\/wp-json\/wp\/v2\/pages\/1412"}],"collection":[{"href":"https:\/\/www.esports-betting.pro\/de\/wp-json\/wp\/v2\/pages"}],"about":[{"href":"https:\/\/www.esports-betting.pro\/de\/wp-json\/wp\/v2\/types\/page"}],"author":[{"embeddable":true,"href":"https:\/\/www.esports-betting.pro\/de\/wp-json\/wp\/v2\/users\/24"}],"replies":[{"embeddable":true,"href":"https:\/\/www.esports-betting.pro\/de\/wp-json\/wp\/v2\/comments?post=1412"}],"version-history":[{"count":0,"href":"https:\/\/www.esports-betting.pro\/de\/wp-json\/wp\/v2\/pages\/1412\/revisions"}],"up":[{"embeddable":true,"href":"https:\/\/www.esports-betting.pro\/de\/wp-json\/wp\/v2\/pages\/86"}],"wp:attachment":[{"href":"https:\/\/www.esports-betting.pro\/de\/wp-json\/wp\/v2\/media?parent=1412"}],"curies":[{"name":"wp","href":"https:\/\/api.w.org\/{rel}","templated":true}]}}