{"id":1363,"date":"2013-11-14T19:24:03","date_gmt":"2013-11-14T19:24:03","guid":{"rendered":"https:\/\/www.esports-betting.pro\/de\/?page_id=1363"},"modified":"2013-11-14T19:24:03","modified_gmt":"2013-11-14T19:24:03","slug":"intel-extreme-masters-iem-viii-koeln-2013","status":"publish","type":"page","link":"https:\/\/www.esports-betting.pro\/de\/lol\/intel-extreme-masters-iem-viii-koeln-2013\/","title":{"rendered":"Intel Extreme Masters \u2013 IEM VIII, K\u00f6ln LoL Turnier"},"content":{"rendered":"<p style=\"text-align: justify\"><img loading=\"lazy\" decoding=\"async\" class=\"size-full wp-image-1364 alignright\" title=\"LoL beim IEM VIII\" src=\"https:\/\/www.esports-betting.pro\/app\/uploads\/sites\/2\/IEM-Intel-extreme-masters-K\u00f6ln.jpg\" alt=\"Logo des Intel Extreme Masters League of Legends Turniers in K\u00f6ln 2013\" width=\"300\" height=\"168\" \/>Dies ist das zweite Jahr bei welchem <strong>League of Legends<\/strong> bei den Turnieren der <strong>IEM (Intel Extreme Masters<\/strong> \u2013 momentan in Season VIII) vertreten ist. F\u00fcr das <strong>LoL Turnier in K\u00f6ln<\/strong> am Wochenende vom <strong>23. November bis zum 24. November 2013<\/strong> sind <strong>mehrere Pro Teams<\/strong> der <strong>LCS Nordamerika<\/strong> und der <strong>LCS Europa<\/strong> angek\u00fcndigt. Gespielt werden <strong>2 Turniere: ein Pro Turnier und ein Amateur Turnier<\/strong>. Die <strong>Matches der LoL Turniere<\/strong> werden <strong>live aus den ESL Studios<\/strong> \u00fcbertragen und werden via <strong>live stream auf Twitch<\/strong> zu sehen sein. Bei allen wichtigen <strong>esports Buchmachern<\/strong> wird es <strong>Wetten f\u00fcr das League of Legends Event bei den Intel Extrem Masters in K\u00f6ln<\/strong> geben.<\/p>\n<div style=\"float: right;width: 180px;height: 130px;text-align: center\"><strong>Navigation<\/strong><br \/>\n<img loading=\"lazy\" decoding=\"async\" class=\"size-full wp-image-831 alignright\" src=\"https:\/\/www.esports-betting.pro\/app\/uploads\/sites\/2\/button-wettquoten.png\" alt=\"Button mit Link zu Wettquoten\" width=\"171\" height=\"46\" \/><br \/>\n<a href=\"https:\/\/www.esports-betting.pro\/de\/lol\/intel-extreme-masters-iem-viii-koeln-2013\/#livestream\"><img loading=\"lazy\" decoding=\"async\" class=\"size-full wp-image-831 alignright\" src=\"https:\/\/www.esports-betting.pro\/app\/uploads\/sites\/2\/Button-Live-Stream-LoL-WM.png\" alt=\"Button mit Link zur Live Stream Info\" width=\"171\" height=\"46\" \/><\/a><br \/>\n<img loading=\"lazy\" decoding=\"async\" class=\"size-full wp-image-831 alignright\" src=\"https:\/\/www.esports-betting.pro\/app\/uploads\/sites\/2\/button-spezial-wetten.png\" alt=\"Button Link zu Spezial Wetten\" width=\"171\" height=\"46\" \/><\/div>\n<h2>Facts zum LoL Turnier beim IEM, K\u00f6ln<\/h2>\n<p style=\"text-align: justify\">Hier findet ihr alle wichtigen Fakten f\u00fcr das kommende League of Legends Turnier beim Intel Extreme Masters 2013 in K\u00f6ln:<\/p>\n<ul>\n<li>Pro Turnier und Amateur Turnier<\/li>\n<li>Datum: 23.11.2013 bis 24.11.2013<\/li>\n<li>Gesamtes Preisgeld: $ 80.000,-<\/li>\n<li>Live Stream auf Twitch<\/li>\n<li>Wetten f\u00fcr alle Matches des Pro Turniers verf\u00fcgbar<\/li>\n<li>Wetten f\u00fcr das Amateur Turnier m\u00fcssen erst best\u00e4tigt werden<\/li>\n<\/ul>\n<h2>Spielmodus der Turniere<\/h2>\n<figure id=\"attachment_1370\" aria-describedby=\"caption-attachment-1370\" style=\"width: 265px\" class=\"wp-caption alignright\"><img loading=\"lazy\" decoding=\"async\" class=\"size-full wp-image-1370\" title=\"Spielplan LoL IEM\" src=\"https:\/\/www.esports-betting.pro\/app\/uploads\/sites\/2\/IEM-K\u00f6ln-LoL-Turnier.jpg\" alt=\"Spielplan des LoL Turniers bei den IEM VIII in K\u00f6ln\" width=\"265\" height=\"306\" \/><figcaption id=\"caption-attachment-1370\" class=\"wp-caption-text\"><a href=\"http:\/\/de.intelextrememasters.com\/season8\/cologne\/\" target=\"_blank\" rel=\"nofollow noopener\">zum aktuellen Spieplan \/ Ergebnisse<\/a><\/figcaption><\/figure>\n<p style=\"text-align: justify\">Im Pro Turnier werden 6 Teams um den ersten Platz k\u00e4mpfen, wobei ein Team aus den USA, Cloud 9 und ein Team aus der EU, Fnatic, bereits fix f\u00fcr das Halbfinale gesetzt sind. Ein LoL Pro Teams aus der LCS EU, Gambit Gaming und ein weiteres Pro Team aus Amerika, CLG (Counter LocigGaming) treffen im Viertelfinale auf die beiden Qualifikanten The RED und Turquality Blue. Es wird sich also zeigen, ob die beiden Teams aus der LCS das Pr\u00e4dikat \u201ePro\u201c Team zu Recht tragen. Im Halbfinale kommt es dann auf jeden Fall zum Duell der Kontinente wobei es einmal mehr nicht nur um das Preisgeld sondern auch um den ewig w\u00e4hrenden Streit der Regionen EU vs. NA geht. Die Matches versprechen auf jeden Fall einiges an Spannung und die Erwartungen sind dementsprechend gro\u00df, schlie\u00dflich waren einige der Teams im Oktober bei der League of Legends Weltmeisterschaft in den USA am Start. Das Preisgeld f\u00fcr das Pro Turnier bei den IEM ist mit $ 50.000,- dotiert.<\/p>\n<p style=\"text-align: justify\">Beim Amateur Turnier finden sich etliche Teams die einigen auch aus LCS bekannt sein werden. Der Title Amateur Turnier ist somit eigentlich ein wenig fehl am Platz. Mit dabei sind unter anderem die Copenhagen Wolves und SK Gaming (jetzt allerdings ohne den Midlaner-Star Ocelote welcher SK vor kurzem verlassen hat). Das Preisgeld f\u00fcr dieses Turnier ist mit $ 30.000,- festgelegt. Die gro\u00dfen Namen der vertreten Teams sprechen daf\u00fcr, dass auch das Amateur Turnier bei der IEM VIII in K\u00f6ln einige actiongeladene Matches zu bieten hat. Den Livestream anzuschalten ist auf jeden Fall kein Fehler!<\/p>\n<p><strong>Teams im League of Legends Pro-Turnier<\/strong><\/p>\n<ul>\n<li>Fnatic (LCS EU)<\/li>\n<li>Gambit Gaming (LCS EU)<\/li>\n<li>Counter Logic Gaming (LCS NA)<\/li>\n<li>Cloud 9 (LCS NA)<\/li>\n<li>The RED (Qualifikation CIS &#8211; Russland)<\/li>\n<li>Turquality Blue (Qualifikation T\u00fcrkei)<\/li>\n<\/ul>\n<p><strong>Team im League of Legends Amateur Turnier<\/strong><\/p>\n<ul>\n<li>Ninjas in Pyjamas (Schweden)<\/li>\n<li>Copenhagen Wolves (D\u00e4nemark)<\/li>\n<li>TCM-Gaming (Gro\u00dfbritannien)<\/li>\n<li>SK Gaming (EU)<\/li>\n<\/ul>\n<h2>Wetten auf das LoL Turnier bei der IEM VIII<\/h2>\n<p style=\"text-align: justify\">Wer gerne eine <strong>Siegwette<\/strong> auf eines der Teams platzieren m\u00f6chte, sollte einen Blick auf die <strong>Quoten von Esport Buchmacher Pinnacle Sports<\/strong> werfen. Der seit \u00fcber 10 Jahren erfolgreiche online Wettanbieter bietet Wetten f\u00fcr alle Matches des Pro Turniers an. <a title=\"Pinnacle Sports Review\" href=\"https:\/\/www.esports-betting.pro\/de\/buchmacher-wettanbieter\/pinnacle-review\/\">Mehr Informationen \u00fcber Pinnacle Sports findet ihr in unserem Wettanbieter Review<\/a>.<\/p>\n<p>&nbsp;<\/p>\n<p style=\"text-align: justify\">Auch der brandneue eSports Buchmacher eSportsventure bietet zahlreiche Wetten f\u00fcr das League of Legends Turnier bei den IEM Season 8 in K\u00f6ln an. Der Bookie hat erst diese Woche, seinen Dienst live gestellt und verf\u00fcgt \u00fcber eine Lizenz von Malta. Werft eine Blick auf das Review von eSportsventure.com um mehr \u00fcber die dort angebotenen Wetten zu erfahren!<\/p>\n<p style=\"text-align: center\">\n<p style=\"text-align: justify\">Wer gerne etwas ausgefallenere Wetten an testen m\u00f6chte wird h\u00f6chst wahrscheinlich im Wettprogramm von Datbet f\u00fcndig. Der online Buchmacher bietet sein Service seit 2013 an und hat sich auf Esport Wetten wie etwas LoL spezialisiert. Im Wettangebot von Datbet finden sich nicht nur die herk\u00f6mmlichen Siegwetten sondern auch viele Sonder- und Spezialwetten. Mehr \u00fcber Datbet erfahrt ihr in unserem Bookie Review.<\/p>\n<p style=\"text-align: center\">\n<h3><a name=\"livestream\"><\/a>Live Stream<\/h3>\n<p style=\"text-align: justify\">Die Matches des League of Legends (LoL) Turniers im Rahmen der Intel Extreme Masters (IEM) in K\u00f6ln werden live aus den ESL Studios \u00fcbertragen. Ihr k\u00f6nnt den Live Stream entweder auf der offiziellen Webseite oder direkt hier ansehen. Wir w\u00fcnschen euch viel Spa\u00df mit den Matches! Wir sehen und auf den Richtfeldern!<\/p>\n<p><object><\/object><\/p>\n<p>&nbsp;<\/p>\n<p>Offizielle Seite:<\/p>\n<p><a href=\"http:\/\/de.intelextrememasters.com\/season8\/cologne\/\" target=\"_blank\" rel=\"nofollow noopener\">http:\/\/de.intelextrememasters.com\/season8\/cologne\/<\/a><\/p>\n<p>&nbsp;<\/p>\n<p>&nbsp;<\/p>\n","protected":false},"excerpt":{"rendered":"<p>Dies ist das zweite Jahr bei welchem League of Legends bei den Turnieren der IEM (Intel Extreme Masters \u2013 momentan in Season VIII) vertreten ist. F\u00fcr das LoL Turnier in K\u00f6ln am Wochenende vom 23. November bis zum 24. November 2013 sind mehrere Pro Teams der LCS Nordamerika und der LCS Europa angek\u00fcndigt. Gespielt werden &hellip; <a href=\"https:\/\/www.esports-betting.pro\/de\/lol\/intel-extreme-masters-iem-viii-koeln-2013\/\">Continued<\/a><\/p>\n","protected":false},"author":24,"featured_media":0,"parent":86,"menu_order":0,"comment_status":"closed","ping_status":"closed","template":"","meta":{"_acf_changed":false,"footnotes":""},"acf":[],"yoast_head":"<!-- This site is optimized with the Yoast SEO plugin v22.6 - https:\/\/yoast.com\/wordpress\/plugins\/seo\/ -->\n<title>IEM VIII - Intel Extreme Masters K\u00f6ln League of Legends Turnier<\/title>\n<meta name=\"description\" content=\"Erfahre mehr \u00fcber die 2 LoL Turniere bei den Intel Extreme Masters 2013 in K\u00f6ln. Infos \u00fcber Spielmodus, Teams, Wetten, Quoten und Livestream f\u00fcr das IEM\" \/>\n<meta name=\"robots\" content=\"index, follow, max-snippet:-1, max-image-preview:large, max-video-preview:-1\" \/>\n<link rel=\"canonical\" href=\"https:\/\/www.esports-betting.pro\/de\/lol\/intel-extreme-masters-iem-viii-koeln-2013\/\" \/>\n<meta property=\"og:locale\" content=\"de_DE\" \/>\n<meta property=\"og:type\" content=\"article\" \/>\n<meta property=\"og:title\" content=\"IEM VIII - Intel Extreme Masters K\u00f6ln League of Legends Turnier\" \/>\n<meta property=\"og:description\" content=\"Erfahre mehr \u00fcber die 2 LoL Turniere bei den Intel Extreme Masters 2013 in K\u00f6ln. Infos \u00fcber Spielmodus, Teams, Wetten, Quoten und Livestream f\u00fcr das IEM\" \/>\n<meta property=\"og:url\" content=\"https:\/\/www.esports-betting.pro\/de\/lol\/intel-extreme-masters-iem-viii-koeln-2013\/\" \/>\n<meta property=\"og:site_name\" content=\"Esports Betting - DE\" \/>\n<meta property=\"og:image\" content=\"https:\/\/www.esports-betting.pro\/app\/uploads\/sites\/2\/button-wettquoten.png\" \/>\n<meta name=\"twitter:card\" content=\"summary_large_image\" \/>\n<meta name=\"twitter:label1\" content=\"Est. reading time\" \/>\n\t<meta name=\"twitter:data1\" content=\"4 Minuten\" \/>\n<script type=\"application\/ld+json\" class=\"yoast-schema-graph\">{\"@context\":\"https:\/\/schema.org\",\"@graph\":[{\"@type\":\"WebPage\",\"@id\":\"https:\/\/www.esports-betting.pro\/de\/lol\/intel-extreme-masters-iem-viii-koeln-2013\/\",\"url\":\"https:\/\/www.esports-betting.pro\/de\/lol\/intel-extreme-masters-iem-viii-koeln-2013\/\",\"name\":\"IEM VIII - Intel Extreme Masters K\u00f6ln League of Legends Turnier\",\"isPartOf\":{\"@id\":\"https:\/\/www.esports-betting.pro\/de\/#website\"},\"primaryImageOfPage\":{\"@id\":\"https:\/\/www.esports-betting.pro\/de\/lol\/intel-extreme-masters-iem-viii-koeln-2013\/#primaryimage\"},\"image\":{\"@id\":\"https:\/\/www.esports-betting.pro\/de\/lol\/intel-extreme-masters-iem-viii-koeln-2013\/#primaryimage\"},\"thumbnailUrl\":\"https:\/\/www.esports-betting.pro\/app\/uploads\/sites\/2\/button-wettquoten.png\",\"datePublished\":\"2013-11-14T19:24:03+00:00\",\"dateModified\":\"2013-11-14T19:24:03+00:00\",\"description\":\"Erfahre mehr \u00fcber die 2 LoL Turniere bei den Intel Extreme Masters 2013 in K\u00f6ln. Infos \u00fcber Spielmodus, Teams, Wetten, Quoten und Livestream f\u00fcr das IEM\",\"breadcrumb\":{\"@id\":\"https:\/\/www.esports-betting.pro\/de\/lol\/intel-extreme-masters-iem-viii-koeln-2013\/#breadcrumb\"},\"inLanguage\":\"de-DE\",\"potentialAction\":[{\"@type\":\"ReadAction\",\"target\":[\"https:\/\/www.esports-betting.pro\/de\/lol\/intel-extreme-masters-iem-viii-koeln-2013\/\"]}]},{\"@type\":\"ImageObject\",\"inLanguage\":\"de-DE\",\"@id\":\"https:\/\/www.esports-betting.pro\/de\/lol\/intel-extreme-masters-iem-viii-koeln-2013\/#primaryimage\",\"url\":\"https:\/\/www.esports-betting.pro\/app\/uploads\/sites\/2\/button-wettquoten.png\",\"contentUrl\":\"https:\/\/www.esports-betting.pro\/app\/uploads\/sites\/2\/button-wettquoten.png\"},{\"@type\":\"BreadcrumbList\",\"@id\":\"https:\/\/www.esports-betting.pro\/de\/lol\/intel-extreme-masters-iem-viii-koeln-2013\/#breadcrumb\",\"itemListElement\":[{\"@type\":\"ListItem\",\"position\":1,\"name\":\"Home\",\"item\":\"https:\/\/www.esports-betting.pro\/de\/\"},{\"@type\":\"ListItem\",\"position\":2,\"name\":\"Tips f\u00fcr League of Legends (LoL) Wetten &#8211; Wie wette ich auf League of Legends (Lol)?\",\"item\":\"https:\/\/www.esports-betting.pro\/de\/lol\/\"},{\"@type\":\"ListItem\",\"position\":3,\"name\":\"Intel Extreme Masters \u2013 IEM VIII, K\u00f6ln LoL Turnier\"}]},{\"@type\":\"WebSite\",\"@id\":\"https:\/\/www.esports-betting.pro\/de\/#website\",\"url\":\"https:\/\/www.esports-betting.pro\/de\/\",\"name\":\"Esports Betting - DE\",\"description\":\"Just another Esports Betting Sites site\",\"potentialAction\":[{\"@type\":\"SearchAction\",\"target\":{\"@type\":\"EntryPoint\",\"urlTemplate\":\"https:\/\/www.esports-betting.pro\/de\/?s={search_term_string}\"},\"query-input\":\"required name=search_term_string\"}],\"inLanguage\":\"de-DE\"}]}<\/script>\n<!-- \/ Yoast SEO plugin. -->","yoast_head_json":{"title":"IEM VIII - Intel Extreme Masters K\u00f6ln League of Legends Turnier","description":"Erfahre mehr \u00fcber die 2 LoL Turniere bei den Intel Extreme Masters 2013 in K\u00f6ln. Infos \u00fcber Spielmodus, Teams, Wetten, Quoten und Livestream f\u00fcr das IEM","robots":{"index":"index","follow":"follow","max-snippet":"max-snippet:-1","max-image-preview":"max-image-preview:large","max-video-preview":"max-video-preview:-1"},"canonical":"https:\/\/www.esports-betting.pro\/de\/lol\/intel-extreme-masters-iem-viii-koeln-2013\/","og_locale":"de_DE","og_type":"article","og_title":"IEM VIII - Intel Extreme Masters K\u00f6ln League of Legends Turnier","og_description":"Erfahre mehr \u00fcber die 2 LoL Turniere bei den Intel Extreme Masters 2013 in K\u00f6ln. Infos \u00fcber Spielmodus, Teams, Wetten, Quoten und Livestream f\u00fcr das IEM","og_url":"https:\/\/www.esports-betting.pro\/de\/lol\/intel-extreme-masters-iem-viii-koeln-2013\/","og_site_name":"Esports Betting - DE","og_image":[{"url":"https:\/\/www.esports-betting.pro\/app\/uploads\/sites\/2\/button-wettquoten.png"}],"twitter_card":"summary_large_image","twitter_misc":{"Est. reading time":"4 Minuten"},"schema":{"@context":"https:\/\/schema.org","@graph":[{"@type":"WebPage","@id":"https:\/\/www.esports-betting.pro\/de\/lol\/intel-extreme-masters-iem-viii-koeln-2013\/","url":"https:\/\/www.esports-betting.pro\/de\/lol\/intel-extreme-masters-iem-viii-koeln-2013\/","name":"IEM VIII - Intel Extreme Masters K\u00f6ln League of Legends Turnier","isPartOf":{"@id":"https:\/\/www.esports-betting.pro\/de\/#website"},"primaryImageOfPage":{"@id":"https:\/\/www.esports-betting.pro\/de\/lol\/intel-extreme-masters-iem-viii-koeln-2013\/#primaryimage"},"image":{"@id":"https:\/\/www.esports-betting.pro\/de\/lol\/intel-extreme-masters-iem-viii-koeln-2013\/#primaryimage"},"thumbnailUrl":"https:\/\/www.esports-betting.pro\/app\/uploads\/sites\/2\/button-wettquoten.png","datePublished":"2013-11-14T19:24:03+00:00","dateModified":"2013-11-14T19:24:03+00:00","description":"Erfahre mehr \u00fcber die 2 LoL Turniere bei den Intel Extreme Masters 2013 in K\u00f6ln. Infos \u00fcber Spielmodus, Teams, Wetten, Quoten und Livestream f\u00fcr das IEM","breadcrumb":{"@id":"https:\/\/www.esports-betting.pro\/de\/lol\/intel-extreme-masters-iem-viii-koeln-2013\/#breadcrumb"},"inLanguage":"de-DE","potentialAction":[{"@type":"ReadAction","target":["https:\/\/www.esports-betting.pro\/de\/lol\/intel-extreme-masters-iem-viii-koeln-2013\/"]}]},{"@type":"ImageObject","inLanguage":"de-DE","@id":"https:\/\/www.esports-betting.pro\/de\/lol\/intel-extreme-masters-iem-viii-koeln-2013\/#primaryimage","url":"https:\/\/www.esports-betting.pro\/app\/uploads\/sites\/2\/button-wettquoten.png","contentUrl":"https:\/\/www.esports-betting.pro\/app\/uploads\/sites\/2\/button-wettquoten.png"},{"@type":"BreadcrumbList","@id":"https:\/\/www.esports-betting.pro\/de\/lol\/intel-extreme-masters-iem-viii-koeln-2013\/#breadcrumb","itemListElement":[{"@type":"ListItem","position":1,"name":"Home","item":"https:\/\/www.esports-betting.pro\/de\/"},{"@type":"ListItem","position":2,"name":"Tips f\u00fcr League of Legends (LoL) Wetten &#8211; Wie wette ich auf League of Legends (Lol)?","item":"https:\/\/www.esports-betting.pro\/de\/lol\/"},{"@type":"ListItem","position":3,"name":"Intel Extreme Masters \u2013 IEM VIII, K\u00f6ln LoL Turnier"}]},{"@type":"WebSite","@id":"https:\/\/www.esports-betting.pro\/de\/#website","url":"https:\/\/www.esports-betting.pro\/de\/","name":"Esports Betting - DE","description":"Just another Esports Betting Sites site","potentialAction":[{"@type":"SearchAction","target":{"@type":"EntryPoint","urlTemplate":"https:\/\/www.esports-betting.pro\/de\/?s={search_term_string}"},"query-input":"required name=search_term_string"}],"inLanguage":"de-DE"}]}},"_links":{"self":[{"href":"https:\/\/www.esports-betting.pro\/de\/wp-json\/wp\/v2\/pages\/1363"}],"collection":[{"href":"https:\/\/www.esports-betting.pro\/de\/wp-json\/wp\/v2\/pages"}],"about":[{"href":"https:\/\/www.esports-betting.pro\/de\/wp-json\/wp\/v2\/types\/page"}],"author":[{"embeddable":true,"href":"https:\/\/www.esports-betting.pro\/de\/wp-json\/wp\/v2\/users\/24"}],"replies":[{"embeddable":true,"href":"https:\/\/www.esports-betting.pro\/de\/wp-json\/wp\/v2\/comments?post=1363"}],"version-history":[{"count":0,"href":"https:\/\/www.esports-betting.pro\/de\/wp-json\/wp\/v2\/pages\/1363\/revisions"}],"up":[{"embeddable":true,"href":"https:\/\/www.esports-betting.pro\/de\/wp-json\/wp\/v2\/pages\/86"}],"wp:attachment":[{"href":"https:\/\/www.esports-betting.pro\/de\/wp-json\/wp\/v2\/media?parent=1363"}],"curies":[{"name":"wp","href":"https:\/\/api.w.org\/{rel}","templated":true}]}}