{"id":12861,"date":"2017-01-21T09:53:58","date_gmt":"2017-01-21T09:53:58","guid":{"rendered":"https:\/\/www.esports-betting.pro\/de\/?page_id=12861"},"modified":"2024-02-21T07:41:38","modified_gmt":"2024-02-21T07:41:38","slug":"overwatch-winter-premiere","status":"publish","type":"page","link":"https:\/\/www.esports-betting.pro\/de\/overwatch\/overwatch-winter-premiere\/","title":{"rendered":"Overwatch Winter Premiere 2017"},"content":{"rendered":"<p style=\"text-align: justify;\"><img loading=\"lazy\" decoding=\"async\" class=\"size-full wp-image-7512 alignright\" src=\"https:\/\/www.esports-betting.pro\/app\/uploads\/sites\/2\/Overwatch-logo.jpg\" alt=\"Overwatch Logo\" width=\"200\" height=\"153\" \/>Blizzard veranstaltet gemeinsam mit Next Generation Esports (NGE) die Overwatch Winter Premiere. Das Turnier startet am 3.\u00a0J\u00e4nner und dauert bis Ende J\u00e4nner an. Der genaue Termin f\u00fcr die Playoffs steht derzeit noch nicht fest, wahrscheinlich 30. bis 31. J\u00e4nner 2017.<\/p>\n<p style=\"text-align: justify;\">Bei der Overwatch Winter Premiere handelt es sich um ein mehrstufiges Turnier mit zwei Round Robins. Das hei\u00dft, dass alle Teams einmal gegeneinander spielen, zun\u00e4chst eine Round Robin mit 8 Spielern, sp\u00e4ter eine mit 6. Schlussendlich steigen die besten 4 Teams in die Playoffs auf, die als single-elimination im Best of 5 Format ausgetragen wird.<\/p>\n<p>Wenn ihr wetten abgeben wollt, auf den g\u00e4ngigen Plattformen wie betway und bet-at-home gibt es <a href=\"#Wettquoten\">Wettquoten!<\/a><\/p>\n<h2>Overwatch Winter Premiere 2017 | Facts<\/h2>\n<div style=\"float: right; width: 180px; height: 180px; text-align: center;\"><img loading=\"lazy\" decoding=\"async\" class=\"aligncenter\" src=\"https:\/\/www.esports-betting.pro\/app\/uploads\/sites\/2\/Wettquoten-Button.jpg\" alt=\"Button mit Link zu Wettquoten\" width=\"180\" height=\"50\" \/> <a href=\"#live-stream\"><img loading=\"lazy\" decoding=\"async\" class=\"aligncenter\" src=\"https:\/\/www.esports-betting.pro\/app\/uploads\/sites\/2\/Live-Stream-Button.jpg\" alt=\"Button mit Link zur Dreamhack Winter CSGO Livestream\" width=\"180\" height=\"50\" \/><\/a> <img loading=\"lazy\" decoding=\"async\" class=\"aligncenter\" src=\"https:\/\/www.esports-betting.pro\/app\/uploads\/sites\/2\/Spezialwetten-Button.jpg\" alt=\"Button Link zu Spezial Wetten\" width=\"180\" height=\"50\" \/><\/div>\n<ul>\n<li><strong>Datum<\/strong>: Datum: 03.01. \u2013 31.01.2017<\/li>\n<li><strong>Ort<\/strong>: San Antonio, USA<\/li>\n<li><strong>Preipool<\/strong>: 100.000 $<\/li>\n<li><strong>Anzahl der Teams<\/strong>:\u00a08<\/li>\n<li><strong>Organisator<\/strong>:\u00a0Blizzard, Next Generation Esports<\/li>\n<\/ul>\n<h2>Format<\/h2>\n<ul>\n<li>Round Robin mit 8 Teams &#8211;&gt; besten 6 steigen auf<\/li>\n<li>Round Robin mit 6 Teams &#8211;&gt; besten 4 steigen auf<\/li>\n<li>Playoffs Round of 4, single elimination<\/li>\n<\/ul>\n<h2>Teams und Spieler<\/h2>\n<ul>\n<li><strong><img decoding=\"async\" src=\"https:\/\/www.esports-betting.pro\/app\/uploads\/sites\/2\/Renegades-Overwatch-Team-Logo.jpg\" \/>\u00a0Renegades<\/strong>: juv3nile, Sherlockey, pookz, j3sus, manOFsnow, Gods<\/li>\n<li><img loading=\"lazy\" decoding=\"async\" src=\"https:\/\/www.esports-betting.pro\/app\/uploads\/sites\/2\/Cloud9-Overwatch-Team-Logo.jpg\" alt=\"Cloud9 Overwatch Team Logo\" width=\"42\" height=\"42\" \/><strong> Cloud9<\/strong>: Surefour, KyKy, Adam, ryb, Mendokusaii, Roolf<\/li>\n<li><img loading=\"lazy\" decoding=\"async\" src=\"https:\/\/www.esports-betting.pro\/app\/uploads\/sites\/2\/compLexity-Gaming-Overwatch-Team-Logo.jpg\" alt=\"Complexity Gaming Overwatch Team Logo\" width=\"42\" height=\"42\" \/><strong> compLexity Gaming<\/strong>: torkTJO, NicolasTJO, harbleu, jkw, Shake, Joemeister<\/li>\n<li><img loading=\"lazy\" decoding=\"async\" src=\"https:\/\/www.esports-betting.pro\/app\/uploads\/sites\/2\/Immortals-Overwatch-Team-Logo.jpg\" alt=\"Immortals Overwatch Team Logo.jpg\" width=\"42\" height=\"42\" \/><strong> Immortals<\/strong>: Agilities, Chance, GrimReality, Hyped, Aythen, nomy<\/li>\n<li><strong> <img decoding=\"async\" src=\"https:\/\/www.esports-betting.pro\/app\/uploads\/sites\/2\/Citizen7-Overwatch-Team-Logo.jpg\" \/>\u00a0Citizen7<\/strong>: buds, coolmatt69, stoop, custa, Vonethil, Hafficool<\/li>\n<li><img loading=\"lazy\" decoding=\"async\" src=\"https:\/\/www.esports-betting.pro\/app\/uploads\/sites\/2\/Luminosity-Overwatch-Team-Logo.jpg\" alt=\"Luminosity Overwatch Team Logo.jpg\" width=\"42\" height=\"42\" \/><strong> Luminosity Gaming<\/strong>: Hidan, Kryw, Mineral, Superplouk, SPREE, EISSFELDT<\/li>\n<li><img loading=\"lazy\" decoding=\"async\" src=\"https:\/\/www.esports-betting.pro\/app\/uploads\/sites\/2\/Kungarna-Overwatch-Team-Logo.jpg\" alt=\"Kungarna Team Logo.jpg\" width=\"42\" height=\"42\" \/><strong> Kungarna <\/strong>: babybay, ConnorJ, b1am, Ajax, iRemix, mykL<\/li>\n<li><img loading=\"lazy\" decoding=\"async\" src=\"https:\/\/www.esports-betting.pro\/app\/uploads\/sites\/2\/Team-Liquid-Overwatch-Team-Logo.jpg\" alt=\"Kungarna Team Logo.jpg\" width=\"42\" height=\"42\" \/><strong> Team Liquid<\/strong>: MESR, DaHanG, AZK, Minstrel, Kephrii, rapha<\/li>\n<\/ul>\n<h2>Spielplan Playoffs<\/h2>\n<h3><span style=\"color: #ffffff; background-color: #333333;\">Halbfinale<\/span><\/h3>\n<p><strong>TBD\u00a0<span style=\"color: #ff0000;\">vs.<\/span> TBD\u00a0<span style=\"background-color: #000000;\"><span style=\"color: #3366ff;\">0<\/span> <span style=\"color: #ffffff;\">: <span style=\"color: #ff0000;\">0<\/span><\/span><\/span><span style=\"background-color: #000000;\"><span style=\"color: #ff0000;\">\u00a0<\/span><\/span><\/strong><br \/>\nStartzeit:\u00a0TBD<br \/>\n<strong>TBD\u00a0<span style=\"color: #ff0000;\">vs.<\/span> TBD\u00a0<span style=\"background-color: #000000;\"><span style=\"color: #3366ff;\">2<\/span> <span style=\"color: #ffffff;\">: <\/span><span style=\"color: #ff0000;\">0<\/span><\/span> <\/strong><br \/>\nStartzeit:TBD<\/p>\n<h3><span style=\"color: #ffffff; background-color: #333333;\">Finale<\/span><\/h3>\n<p><strong>TBD\u00a0<span style=\"color: #ff0000;\">vs.<\/span> TBD\u00a0<span style=\"background-color: #000000;\"><span style=\"color: #3366ff;\">0<\/span> <span style=\"color: #ffffff;\">: <\/span><span style=\"color: #ff0000;\">0<\/span><\/span> <\/strong><br \/>\nStartzeit:\u00a0TBD<\/p>\n<h2>Preisgelder<\/h2>\n<div style=\"width: 100%; overflow: auto;\">\n<table style=\"font-size: 115%; color: #000000; border: 2px solid black;\" width=\"100%\">\n<tbody>\n<tr style=\"background-color: #aeaecb; color: #000000; border: 2px solid black;\">\n<td style=\"text-align: center;\"><strong>Platz<\/strong><\/td>\n<td style=\"text-align: center;\"><b>Preis USD<\/b><\/td>\n<td style=\"text-align: center;\"><strong>Team<\/strong><\/td>\n<\/tr>\n<tr>\n<td style=\"text-align: center;\"><strong><img loading=\"lazy\" decoding=\"async\" src=\"https:\/\/www.esports-betting.pro\/app\/uploads\/sites\/2\/Gold-Medal-Icon.jpg\" alt=\"Gold Medal Icon\" width=\"24\" height=\"24\" \/> Winner<br \/>\n<\/strong><\/td>\n<td style=\"text-align: center;\">$ 40,000<\/td>\n<td><strong>TBD<\/strong><\/td>\n<\/tr>\n<tr>\n<td style=\"text-align: center;\"><strong><img loading=\"lazy\" decoding=\"async\" src=\"https:\/\/www.esports-betting.pro\/app\/uploads\/sites\/2\/Silver-Medal-Icon.jpg\" alt=\"Silver Medal Icon\" width=\"24\" height=\"24\" \/> Runner Up<br \/>\n<\/strong><\/td>\n<td style=\"text-align: center;\">$ 20,000<\/td>\n<td><strong>TBD<\/strong><\/td>\n<\/tr>\n<tr style=\"vertical-align: middle;\">\n<td style=\"text-align: center;\" rowspan=\"2\"><strong><img loading=\"lazy\" decoding=\"async\" src=\"https:\/\/www.esports-betting.pro\/app\/uploads\/sites\/2\/Semifinalist-Medal-Icon.jpg\" alt=\"Semifinalist Medal Icon\" width=\"24\" height=\"24\" \/><br \/>\n3rd-4th<\/strong><\/td>\n<td style=\"text-align: center;\" rowspan=\"2\">$ 12,000<\/td>\n<td><strong>TBD<\/strong><\/td>\n<\/tr>\n<tr>\n<td><strong>TBD<\/strong><\/td>\n<\/tr>\n<tr style=\"vertical-align: middle;\">\n<td style=\"text-align: center;\" rowspan=\"2\"><strong>5th-6th<\/strong><\/td>\n<td style=\"text-align: center;\" rowspan=\"2\">$ 5,000<\/td>\n<td><strong>TBD<\/strong><\/td>\n<\/tr>\n<tr>\n<td><strong>TBD<\/strong><\/td>\n<\/tr>\n<tr style=\"vertical-align: middle;\">\n<td style=\"text-align: center;\" rowspan=\"2\"><strong>7th-8th<\/strong><\/td>\n<td style=\"text-align: center;\" rowspan=\"2\">$ 3,000<\/td>\n<td><strong>TBD<\/strong><\/td>\n<\/tr>\n<tr>\n<td><strong>TBD<\/strong><\/td>\n<\/tr>\n<\/tbody>\n<\/table>\n<\/div>\n<h2><img loading=\"lazy\" decoding=\"async\" class=\"size-full wp-image-8346\" src=\"https:\/\/www.esports-betting.pro\/app\/uploads\/sites\/2\/Counter-Strike-GO-Icon-Button.jpg\" alt=\"CSGO Icon\" width=\"20\" height=\"20\" \/> Wettquoten<a id=\"Wettquoten\"><\/a><\/h2>\n<p>Der dritte Tag der Round of 6 ist der letzte Spieltag bevor die Playoffs beginnen.<span style=\"text-decoration: underline;\"><strong><img loading=\"lazy\" decoding=\"async\" class=\"aligncenter wp-image-13370 size-full\" src=\"https:\/\/www.esports-betting.pro\/app\/uploads\/sites\/2\/bet365-Overwatch-Winter-Premiere-Siegerwette.jpg\" alt=\"Overwatch Winter Premiere Moneyline\" width=\"524\" height=\"252\" \/><\/strong><\/span><\/p>\n<p>F\u00fcr die Playoffs sind derzeit noch keine Wettquoten verf\u00fcgbar. Es ist davon auszugehen, dass auf den \u00fcblichen Plattformen in den n\u00e4chsten Tagen Quoten online gehen. In der Zwischenzeit kannst dich \u00fcber die <a href=\"https:\/\/www.esports-betting.pro\/de\/buchmacher-wettanbieter\/\">Wettanbieter<\/a> informieren.<\/p>\n<h2><a id=\"live-stream\"><\/a>\u00a0Livestream<\/h2>\n<p>Schaut euch die Playoffs der Overwatch Winter Premiere live von zuhause aus an. Auf Twitch gibt es folgenden englischsprachigen Stream:<\/p>\n","protected":false},"excerpt":{"rendered":"<p>Blizzard veranstaltet gemeinsam mit Next Generation Esports (NGE) die Overwatch Winter Premiere. Das Turnier startet am 3.\u00a0J\u00e4nner und dauert bis Ende J\u00e4nner an. Der genaue Termin f\u00fcr die Playoffs steht derzeit noch nicht fest, wahrscheinlich 30. bis 31. J\u00e4nner 2017. Bei der Overwatch Winter Premiere handelt es sich um ein mehrstufiges Turnier mit zwei Round &hellip; <a href=\"https:\/\/www.esports-betting.pro\/de\/overwatch\/overwatch-winter-premiere\/\">Continued<\/a><\/p>\n","protected":false},"author":24,"featured_media":0,"parent":7511,"menu_order":0,"comment_status":"closed","ping_status":"closed","template":"","meta":{"_acf_changed":false,"footnotes":""},"acf":[],"yoast_head":"<!-- This site is optimized with the Yoast SEO plugin v22.6 - https:\/\/yoast.com\/wordpress\/plugins\/seo\/ -->\n<title>Overwatch Winter Premiere 2017 Blizzard NGE Wettquoten<\/title>\n<meta name=\"description\" content=\"Overwatch Winter Premiere Turnier 2017 von Blizzard und Next Generation Esports mit Infos \u00fcber Teams und Spieler, Spielplan, Wettquoten und Livestream\" \/>\n<meta name=\"robots\" content=\"index, follow, max-snippet:-1, max-image-preview:large, max-video-preview:-1\" \/>\n<link rel=\"canonical\" href=\"https:\/\/www.esports-betting.pro\/de\/overwatch\/overwatch-winter-premiere\/\" \/>\n<meta property=\"og:locale\" content=\"de_DE\" \/>\n<meta property=\"og:type\" content=\"article\" \/>\n<meta property=\"og:title\" content=\"Overwatch Winter Premiere 2017 Blizzard NGE Wettquoten\" \/>\n<meta property=\"og:description\" content=\"Overwatch Winter Premiere Turnier 2017 von Blizzard und Next Generation Esports mit Infos \u00fcber Teams und Spieler, Spielplan, Wettquoten und Livestream\" \/>\n<meta property=\"og:url\" content=\"https:\/\/www.esports-betting.pro\/de\/overwatch\/overwatch-winter-premiere\/\" \/>\n<meta property=\"og:site_name\" content=\"Esports Betting - DE\" \/>\n<meta property=\"article:modified_time\" content=\"2024-02-21T07:41:38+00:00\" \/>\n<meta property=\"og:image\" content=\"https:\/\/www.esports-betting.pro\/app\/uploads\/sites\/2\/Overwatch-logo.jpg\" \/>\n<meta name=\"twitter:card\" content=\"summary_large_image\" \/>\n<meta name=\"twitter:label1\" content=\"Est. reading time\" \/>\n\t<meta name=\"twitter:data1\" content=\"6 Minuten\" \/>\n<script type=\"application\/ld+json\" class=\"yoast-schema-graph\">{\"@context\":\"https:\/\/schema.org\",\"@graph\":[{\"@type\":\"WebPage\",\"@id\":\"https:\/\/www.esports-betting.pro\/de\/overwatch\/overwatch-winter-premiere\/\",\"url\":\"https:\/\/www.esports-betting.pro\/de\/overwatch\/overwatch-winter-premiere\/\",\"name\":\"Overwatch Winter Premiere 2017 Blizzard NGE Wettquoten\",\"isPartOf\":{\"@id\":\"https:\/\/www.esports-betting.pro\/de\/#website\"},\"primaryImageOfPage\":{\"@id\":\"https:\/\/www.esports-betting.pro\/de\/overwatch\/overwatch-winter-premiere\/#primaryimage\"},\"image\":{\"@id\":\"https:\/\/www.esports-betting.pro\/de\/overwatch\/overwatch-winter-premiere\/#primaryimage\"},\"thumbnailUrl\":\"https:\/\/www.esports-betting.pro\/app\/uploads\/sites\/2\/Overwatch-logo.jpg\",\"datePublished\":\"2017-01-21T09:53:58+00:00\",\"dateModified\":\"2024-02-21T07:41:38+00:00\",\"description\":\"Overwatch Winter Premiere Turnier 2017 von Blizzard und Next Generation Esports mit Infos \u00fcber Teams und Spieler, Spielplan, Wettquoten und Livestream\",\"breadcrumb\":{\"@id\":\"https:\/\/www.esports-betting.pro\/de\/overwatch\/overwatch-winter-premiere\/#breadcrumb\"},\"inLanguage\":\"de-DE\",\"potentialAction\":[{\"@type\":\"ReadAction\",\"target\":[\"https:\/\/www.esports-betting.pro\/de\/overwatch\/overwatch-winter-premiere\/\"]}]},{\"@type\":\"ImageObject\",\"inLanguage\":\"de-DE\",\"@id\":\"https:\/\/www.esports-betting.pro\/de\/overwatch\/overwatch-winter-premiere\/#primaryimage\",\"url\":\"https:\/\/www.esports-betting.pro\/app\/uploads\/sites\/2\/Overwatch-logo.jpg\",\"contentUrl\":\"https:\/\/www.esports-betting.pro\/app\/uploads\/sites\/2\/Overwatch-logo.jpg\"},{\"@type\":\"BreadcrumbList\",\"@id\":\"https:\/\/www.esports-betting.pro\/de\/overwatch\/overwatch-winter-premiere\/#breadcrumb\",\"itemListElement\":[{\"@type\":\"ListItem\",\"position\":1,\"name\":\"Home\",\"item\":\"https:\/\/www.esports-betting.pro\/de\/\"},{\"@type\":\"ListItem\",\"position\":2,\"name\":\"Overwatch &#8211; Wetten und Wettanbieter \u00dcbersicht 2023\",\"item\":\"https:\/\/www.esports-betting.pro\/de\/overwatch\/\"},{\"@type\":\"ListItem\",\"position\":3,\"name\":\"Overwatch Winter Premiere 2017\"}]},{\"@type\":\"WebSite\",\"@id\":\"https:\/\/www.esports-betting.pro\/de\/#website\",\"url\":\"https:\/\/www.esports-betting.pro\/de\/\",\"name\":\"Esports Betting - DE\",\"description\":\"Just another Esports Betting Sites site\",\"potentialAction\":[{\"@type\":\"SearchAction\",\"target\":{\"@type\":\"EntryPoint\",\"urlTemplate\":\"https:\/\/www.esports-betting.pro\/de\/?s={search_term_string}\"},\"query-input\":\"required name=search_term_string\"}],\"inLanguage\":\"de-DE\"}]}<\/script>\n<!-- \/ Yoast SEO plugin. -->","yoast_head_json":{"title":"Overwatch Winter Premiere 2017 Blizzard NGE Wettquoten","description":"Overwatch Winter Premiere Turnier 2017 von Blizzard und Next Generation Esports mit Infos \u00fcber Teams und Spieler, Spielplan, Wettquoten und Livestream","robots":{"index":"index","follow":"follow","max-snippet":"max-snippet:-1","max-image-preview":"max-image-preview:large","max-video-preview":"max-video-preview:-1"},"canonical":"https:\/\/www.esports-betting.pro\/de\/overwatch\/overwatch-winter-premiere\/","og_locale":"de_DE","og_type":"article","og_title":"Overwatch Winter Premiere 2017 Blizzard NGE Wettquoten","og_description":"Overwatch Winter Premiere Turnier 2017 von Blizzard und Next Generation Esports mit Infos \u00fcber Teams und Spieler, Spielplan, Wettquoten und Livestream","og_url":"https:\/\/www.esports-betting.pro\/de\/overwatch\/overwatch-winter-premiere\/","og_site_name":"Esports Betting - DE","article_modified_time":"2024-02-21T07:41:38+00:00","og_image":[{"url":"https:\/\/www.esports-betting.pro\/app\/uploads\/sites\/2\/Overwatch-logo.jpg"}],"twitter_card":"summary_large_image","twitter_misc":{"Est. reading time":"6 Minuten"},"schema":{"@context":"https:\/\/schema.org","@graph":[{"@type":"WebPage","@id":"https:\/\/www.esports-betting.pro\/de\/overwatch\/overwatch-winter-premiere\/","url":"https:\/\/www.esports-betting.pro\/de\/overwatch\/overwatch-winter-premiere\/","name":"Overwatch Winter Premiere 2017 Blizzard NGE Wettquoten","isPartOf":{"@id":"https:\/\/www.esports-betting.pro\/de\/#website"},"primaryImageOfPage":{"@id":"https:\/\/www.esports-betting.pro\/de\/overwatch\/overwatch-winter-premiere\/#primaryimage"},"image":{"@id":"https:\/\/www.esports-betting.pro\/de\/overwatch\/overwatch-winter-premiere\/#primaryimage"},"thumbnailUrl":"https:\/\/www.esports-betting.pro\/app\/uploads\/sites\/2\/Overwatch-logo.jpg","datePublished":"2017-01-21T09:53:58+00:00","dateModified":"2024-02-21T07:41:38+00:00","description":"Overwatch Winter Premiere Turnier 2017 von Blizzard und Next Generation Esports mit Infos \u00fcber Teams und Spieler, Spielplan, Wettquoten und Livestream","breadcrumb":{"@id":"https:\/\/www.esports-betting.pro\/de\/overwatch\/overwatch-winter-premiere\/#breadcrumb"},"inLanguage":"de-DE","potentialAction":[{"@type":"ReadAction","target":["https:\/\/www.esports-betting.pro\/de\/overwatch\/overwatch-winter-premiere\/"]}]},{"@type":"ImageObject","inLanguage":"de-DE","@id":"https:\/\/www.esports-betting.pro\/de\/overwatch\/overwatch-winter-premiere\/#primaryimage","url":"https:\/\/www.esports-betting.pro\/app\/uploads\/sites\/2\/Overwatch-logo.jpg","contentUrl":"https:\/\/www.esports-betting.pro\/app\/uploads\/sites\/2\/Overwatch-logo.jpg"},{"@type":"BreadcrumbList","@id":"https:\/\/www.esports-betting.pro\/de\/overwatch\/overwatch-winter-premiere\/#breadcrumb","itemListElement":[{"@type":"ListItem","position":1,"name":"Home","item":"https:\/\/www.esports-betting.pro\/de\/"},{"@type":"ListItem","position":2,"name":"Overwatch &#8211; Wetten und Wettanbieter \u00dcbersicht 2023","item":"https:\/\/www.esports-betting.pro\/de\/overwatch\/"},{"@type":"ListItem","position":3,"name":"Overwatch Winter Premiere 2017"}]},{"@type":"WebSite","@id":"https:\/\/www.esports-betting.pro\/de\/#website","url":"https:\/\/www.esports-betting.pro\/de\/","name":"Esports Betting - DE","description":"Just another Esports Betting Sites site","potentialAction":[{"@type":"SearchAction","target":{"@type":"EntryPoint","urlTemplate":"https:\/\/www.esports-betting.pro\/de\/?s={search_term_string}"},"query-input":"required name=search_term_string"}],"inLanguage":"de-DE"}]}},"_links":{"self":[{"href":"https:\/\/www.esports-betting.pro\/de\/wp-json\/wp\/v2\/pages\/12861"}],"collection":[{"href":"https:\/\/www.esports-betting.pro\/de\/wp-json\/wp\/v2\/pages"}],"about":[{"href":"https:\/\/www.esports-betting.pro\/de\/wp-json\/wp\/v2\/types\/page"}],"author":[{"embeddable":true,"href":"https:\/\/www.esports-betting.pro\/de\/wp-json\/wp\/v2\/users\/24"}],"replies":[{"embeddable":true,"href":"https:\/\/www.esports-betting.pro\/de\/wp-json\/wp\/v2\/comments?post=12861"}],"version-history":[{"count":1,"href":"https:\/\/www.esports-betting.pro\/de\/wp-json\/wp\/v2\/pages\/12861\/revisions"}],"predecessor-version":[{"id":52805,"href":"https:\/\/www.esports-betting.pro\/de\/wp-json\/wp\/v2\/pages\/12861\/revisions\/52805"}],"up":[{"embeddable":true,"href":"https:\/\/www.esports-betting.pro\/de\/wp-json\/wp\/v2\/pages\/7511"}],"wp:attachment":[{"href":"https:\/\/www.esports-betting.pro\/de\/wp-json\/wp\/v2\/media?parent=12861"}],"curies":[{"name":"wp","href":"https:\/\/api.w.org\/{rel}","templated":true}]}}