{"id":10069,"date":"2016-09-04T20:53:09","date_gmt":"2016-09-04T20:53:09","guid":{"rendered":"https:\/\/www.esports-betting.pro\/de\/?page_id=10069"},"modified":"2024-02-21T08:15:14","modified_gmt":"2024-02-21T08:15:14","slug":"wetten-quoten","status":"publish","type":"page","link":"https:\/\/www.esports-betting.pro\/de\/lol\/league-of-legends-weltmeisterschaft-2016-season-6\/wetten-quoten\/","title":{"rendered":"Wetten und Quoten &#8211; LoL WM 2016"},"content":{"rendered":"<p style=\"text-align: justify;\">Auf dieser Seite erfahrt ihr alles \u00fcber die angebotenen Wetten und Quoten f\u00fcr die <a href=\"https:\/\/www.esports-betting.pro\/de\/lol\/league-of-legends-weltmeisterschaft-2016-season-6\/\">LoL WM 2016 (LoL Worlds)<\/a>. Da die Weltmeisterschaft von League of Legends das gr\u00f6\u00dfte LoL Turnier des Jahres ist, ist das Wettangebot und auch die Anzahl der verschiedenen online Buchmacher die Quoten f\u00fcr das Turnier anbieten entsprechend gro\u00df. Bei der Wahl des Buchmachers sollten ihr auf jeden Fall darauf achten, dass dieser \u00fcber eine g\u00fcltige Wettlizenz verf\u00fcgt (als Info: auf unseren Seiten werden nur eSport Wettanbieter gelistet auf welche das zutrifft) doch auch das Bonusangebot und die H\u00f6he der Wettquoten k\u00f6nnen einen ordentlichen Unterschied machen wenn es um den potenziellen Gewinn euer <a href=\"https:\/\/www.esports-betting.pro\/de\/lol\/\">LoL Wetten<\/a> geht. Alles \u00fcber die Quoten k\u00f6nnt ihr in unseren detaillierten Vorschau-Artikeln f\u00fcr die einzelnen Phasen der Competition erfahren. Genau Infos zu den Bonis und Promotions der Buchmacher findet ihr in unserer <a href=\"https:\/\/www.esports-betting.pro\/de\/buchmacher-wettanbieter\/\">eSports Wettanbieter \u00dcbersicht<\/a>.<\/p>\n<p style=\"text-align: justify;\">Mehr \u00fcber die <a href=\"https:\/\/www.esports-betting.pro\/de\/lol\/league-of-legends-weltmeisterschaft-2017-season-7\/wetten-quoten\/\">Wetten und Quoten f\u00fcr die LoL WM 2017<\/a> findest du hier!<\/p>\n<h2 style=\"clear: both; text-align: left;\">Die besten Wettanbieter f\u00fcr die LoL WM 2016<\/h2>\n<p>Mehr \u00fcber die einzelnen Echtgeld League of Legends Wettanbieter k\u00f6nnt ihr in unseren Reviews erfahren.<\/p>\n<h2 style=\"clear: both; text-align: left;\">Wetttipps und Quotenvergleich f\u00fcr die Weltmeisterschaft<\/h2>\n<p style=\"text-align: justify;\">Wir werden f\u00fcr die meisten Matches der WM Prognosen und Wett-Tipps verfassen um euch einen Vorteil zu verschaffen. Auch wenn wir nicht immer richtig liegen k\u00f6nnen, sollen euch die Artikel f\u00fcr eure Wetten auf die LoL Weltmeisterschaft unterst\u00fctzen in dem ihr zB erfahrt welches Team kurzfristig \u00c4nderungen am Spielerkader durchf\u00fchrt oder welcher Anbieter die besten Quoten f\u00fcr das Match eurer Wahl hat. Hier findet ihr unsere Vorschau Artikel f\u00fcr die einzelnen Phasen des Turniers \u2013 von der Gruppenphase bis zu den Playoffs:<\/p>\n<p><a href=\"https:\/\/www.esports-betting.pro\/de\/news\/lol\/gruppenphase-1-lol-wm-2016\/\"><strong>Gruppenphase #1 &#8211; Ergebnisse<br \/>\n<\/strong><\/a>(Datum:\u00a030. September 2016 bis 3. Oktober 2016)<\/p>\n<p><strong><a href=\"https:\/\/www.esports-betting.pro\/de\/news\/lol\/gruppenphase-2-lol-wm-2016\/#prognosen-p2\">Gruppenphase #2 &#8211; Ergebnisse<\/a><br \/>\n<\/strong>Datum:\u00a07. Oktober 2016 bis 10. Oktober 2016<\/p>\n<p><strong><a href=\"https:\/\/www.esports-betting.pro\/de\/news\/lol\/viertelfinale-lol-wm-2016\/\">Viertelfinale &#8211; Ergebnisse<\/a><br \/>\n<\/strong>Datum: 13. Oktober 2016 bis 16. Oktober 2016<\/p>\n<p><a href=\"https:\/\/www.esports-betting.pro\/de\/news\/lol\/halbfinale-lol-wm-2016\/#prognosen-halbfinale\"><strong>Halbfinale &#8211; Ergebnisse<\/strong><\/a><br \/>\nDatum: 21. Oktober 2016 bis 22. Oktober 2016<\/p>\n<p><strong><a href=\"https:\/\/www.esports-betting.pro\/de\/news\/lol\/finale-lol-wm-2016\/\">Finale der Lol Weltmeisterschaft 2016\u00a0&#8211;\u00a0Vorschau und Prognosen<\/a><br \/>\n<\/strong>Datum:\u00a030. Oktober 2016<\/p>\n<p style=\"text-align: center;\"><strong>Du wei\u00dft schon wer gewinnt?<\/strong><\/p>\n<h2 style=\"text-align: justify;\">Wettangebot und Wettarten<\/h2>\n<p style=\"text-align: justify;\">Bei einem so gro\u00dfen Turnier wie der Weltmeisterschaft gibt es neben den normalen Wetttypen wie etwa <a href=\"https:\/\/www.esports-betting.pro\/de\/news\/lol\/wetten-quoten-sieger-lol-wm-2016\/\">Wetten auf den Gesamtsieger<\/a> und den normalen Match-Wetten auch viele Spezialwetten welche es bei anderen League of Legends Turnieren und Ligen nicht gibt. Ein Beispiel hierf\u00fcr sind Handicap-Wetten, welche allerdings erst in der Playoff-Phase des Turniers verf\u00fcgbar sein werden. Des Weiteren werden auch zahlreiche Spezialwetten auf Ereignisse die in den Matches auftreten, wie etwa \u201eWelches Team holt sich First Blood\u201c oder \u201eWelches Team zerst\u00f6rt den ersten Turm\u201c angeboten. Sobald die Quoten f\u00fcr diese Wettarten bei den online Buchmachern verf\u00fcgbar sind, werden wir hier eine \u00dcbersicht \u00fcber das Wettangebot f\u00fcr die LoL Weltmeisterschaft 2016 einbinden.<\/p>\n<p style=\"text-align: justify;\"><strong>Team erreicht das Finale<\/strong><\/p>\n<p style=\"text-align: justify;\">Eine Spezialwette der League of Legends Weltmeisterschaft 2016 bietet die M\u00f6glichkeit, auf den Einzug eines Teams ins Finale zu wetten. Nat\u00fcrlich sind dabei die Quoten um einiges niedriger, als direkt auf den Gesamtsieger des Turnieres zu setzen, andererseits ist das Risiko auch etwas geringer, da ja zwei Teams im Finale gegeneinander antreten. Die besten Wettquoten dieser Spezialwette bekamen nat\u00fcrlich auch hier die beiden Favoritenteams SK Telecom T1 und ROX Tigers aus S\u00fcdkorea.<img loading=\"lazy\" decoding=\"async\" class=\"size-full wp-image-10337 aligncenter\" src=\"https:\/\/www.esports-betting.pro\/app\/uploads\/sites\/2\/Erreicht-das-finale-Wettquoten-LoL-WM-2016.jpg\" alt=\"erreicht das finale wettquoten lol wm 2016\" width=\"450\" height=\"250\" \/><\/p>\n<p style=\"text-align: center;\"><img loading=\"lazy\" decoding=\"async\" class=\"size-full wp-image-10336 aligncenter\" src=\"https:\/\/www.esports-betting.pro\/app\/uploads\/sites\/2\/Team-vs-Teilnehmerfeld-Wettquoten-LoL-WM-2016.jpg\" alt=\"team vs teilnehmerfeld wettquoten lol wm 2016\" width=\"450\" height=\"139\" \/><\/p>\n<p style=\"text-align: justify;\"><strong>Spieler des Turniers<\/strong><\/p>\n<p style=\"text-align: justify;\">Nachdem der Weltmeistertitel erfolgreich vergeben wurde und das gl\u00fcckliche Team den Weltmeisterpokal (Summoner's Cup) in die H\u00f6he stemmen darf, wird auch der Spieler des Turniers gew\u00e4hlt und bekannt gegeben. Letztes Jahr stand\u00a0diese Ehre dem damaligen Toplaner MaRin des Teams SK Telecom T1 zu, dieser konnte sich f\u00fcr die diesj\u00e4hrige Weltmeisterschaft allerdings nicht qualifizieren. Bei einigen renommierten Online-Buchmachern besteht auch die M\u00f6glichkeit, auf den wertvollsten Spieler des Turniers zu setzen. Der unumstrittene Superstar der LoL-Szene, Faker, bekam daf\u00fcr die besten Quoten zugeschanzt. Allerdings setzen viele Experten auf einen Sieg der ROX Tigers, Toplaner Smeb und Jungler Peanut sind daher auch hei\u00dfe Kandidaten.<\/p>\n<p style=\"text-align: center;\"><img loading=\"lazy\" decoding=\"async\" class=\"size-full wp-image-10340 aligncenter\" src=\"https:\/\/www.esports-betting.pro\/app\/uploads\/sites\/2\/Spieler-des-Turniers-Wettquoten-LoL-WM-2016.jpg\" alt=\"spieler des turniers wettquoten-lol-wm-2016\" width=\"450\" height=\"561\" \/><\/p>\n<p style=\"text-align: justify;\"><strong>Gesamtsieger des Turniers<\/strong><\/p>\n<p style=\"text-align: justify;\">Bis zum Start der Gruppenphase am 29. September 2016 besteht noch die M\u00f6glichkeit, auf den Turniersieger der LoL Weltmeisterschaft 2016 zu setzen. Detaillierte Informationen \u00fcber diese Spezialwette findet ihr auf <a href=\"https:\/\/www.esports-betting.pro\/de\/news\/lol\/wetten-quoten-sieger-lol-wm-2016\/\">dieser Seite<\/a>.<\/p>\n<p style=\"text-align: justify;\"><img loading=\"lazy\" decoding=\"async\" class=\"size-full wp-image-10339 aligncenter\" src=\"https:\/\/www.esports-betting.pro\/app\/uploads\/sites\/2\/Gesamtsieger-Wettquoten-LoL-WM-2016.jpg\" alt=\"gesamtsieger wettquoten lol wm 2016\" width=\"450\" height=\"249\" \/><\/p>\n<p style=\"text-align: justify;\"><strong>Region des Siegerteams<\/strong><\/p>\n<p style=\"text-align: justify;\">Eine weitere Spezialwette einiger Wettanbieter bietet wagemutigen Fans die M\u00f6glichkeit, auf die Region des Siegerteams zu wetten. Da alle drei s\u00fcdkoreanischen Mannschaften als m\u00f6glicher Turniersieger in Frage kommen, bekam die Region der LCK nat\u00fcrlich die beste Quote auf den Sieg. Das starke Auftreten des Edward Gaming-Teams aus China verschafft dem Land der aufgehenden Sonne die zweitbeste Quote, alle anderen Regionen gelten als krasse Au\u00dfenseiter.<\/p>\n<p style=\"text-align: justify;\"><img loading=\"lazy\" decoding=\"async\" class=\"size-full wp-image-10338 aligncenter\" src=\"https:\/\/www.esports-betting.pro\/app\/uploads\/sites\/2\/Region-des-Siegers-Wettquoten-LoL-WM-2016.jpg\" alt=\"region des siegers wettquoten lol wm 2016\" width=\"450\" height=\"128\" \/><\/p>\n<h2 style=\"text-align: justify;\">Fantasy Ligen und das offizielle Tippspiel von Riot<\/h2>\n<p style=\"text-align: justify;\">Neben den oben erl\u00e4uterten Echtgeld Wetten wird es mit ziemlich hoher Wahrscheinlichkeit auch wieder ein <a href=\"https:\/\/www.esports-betting.pro\/de\/news\/lol\/pickem-tippspiel-lol-wm-2016\/\">Tippspiel (Pick\u2019Em) f\u00fcr die LoL WM 2016 von Riot Games<\/a> geben. Dieses ist in der Regel gratis, aber die Gewinne waren letztes Jahr doch etwas uninteressant. Im deutschsprachigen Raum eher nicht so verbreitet sind sogenannte Daily Fantasy Tipprunden (DFS) welche aber in Nord Amerika immer mehr Zuspruch erhalten. Falls es auch f\u00fcr den deutschen Raum eine Fantasy Liga gibt werden wir diese f\u00fcr euch reviewen.<\/p>\n<p style=\"text-align: justify;\">Wir w\u00fcnschen euch auf jeden Fall viel Spa\u00df mit der diesj\u00e4hrigen WM und dr\u00fccken auch die Daumen f\u00fcr eure Wetten!<\/p>\n<p style=\"text-align: justify;\"><strong>Das k\u00f6nnte dich auch interessieren:<\/strong><\/p>\n<p style=\"text-align: justify;\"><a href=\"https:\/\/www.esports-betting.pro\/de\/lol\/league-of-legends-weltmeisterschaft-2016-season-6\/\">LoL WM 2016 &#8211; \u00dcbersicht<\/a><\/p>\n<p style=\"text-align: justify;\"><a href=\"https:\/\/www.esports-betting.pro\/de\/news\/lol\/teams-lol-wm-2016\/\">Teams und Spieler der LoL WM<\/a><\/p>\n<p style=\"text-align: justify;\"><a href=\"https:\/\/www.esports-betting.pro\/de\/lol\/\">League of Legends Wetten <\/a><\/p>\n","protected":false},"excerpt":{"rendered":"<p>Auf dieser Seite erfahrt ihr alles \u00fcber die angebotenen Wetten und Quoten f\u00fcr die LoL WM 2016 (LoL Worlds). Da die Weltmeisterschaft von League of Legends das gr\u00f6\u00dfte LoL Turnier des Jahres ist, ist das Wettangebot und auch die Anzahl der verschiedenen online Buchmacher die Quoten f\u00fcr das Turnier anbieten entsprechend gro\u00df. Bei der Wahl &hellip; <a href=\"https:\/\/www.esports-betting.pro\/de\/lol\/league-of-legends-weltmeisterschaft-2016-season-6\/wetten-quoten\/\">Continued<\/a><\/p>\n","protected":false},"author":24,"featured_media":0,"parent":6093,"menu_order":0,"comment_status":"closed","ping_status":"closed","template":"","meta":{"_acf_changed":false,"footnotes":""},"acf":[],"yoast_head":"<!-- This site is optimized with the Yoast SEO plugin v22.6 - https:\/\/yoast.com\/wordpress\/plugins\/seo\/ -->\n<title>Wetten und Quoten - League of Legends WM 2016<\/title>\n<meta name=\"description\" content=\"Buchmacher mit Wetten und Quoten f\u00fcr die LoL WM 2016. Erfahre welche Wettanbieter die League of Legends Weltmeisterschaft im Angebot haben und mehr,..\" \/>\n<meta name=\"robots\" content=\"index, follow, max-snippet:-1, max-image-preview:large, max-video-preview:-1\" \/>\n<link rel=\"canonical\" href=\"https:\/\/www.esports-betting.pro\/de\/lol\/league-of-legends-weltmeisterschaft-2016-season-6\/wetten-quoten\/\" \/>\n<meta property=\"og:locale\" content=\"de_DE\" \/>\n<meta property=\"og:type\" content=\"article\" \/>\n<meta property=\"og:title\" content=\"Wetten und Quoten - League of Legends WM 2016\" \/>\n<meta property=\"og:description\" content=\"Buchmacher mit Wetten und Quoten f\u00fcr die LoL WM 2016. Erfahre welche Wettanbieter die League of Legends Weltmeisterschaft im Angebot haben und mehr,..\" \/>\n<meta property=\"og:url\" content=\"https:\/\/www.esports-betting.pro\/de\/lol\/league-of-legends-weltmeisterschaft-2016-season-6\/wetten-quoten\/\" \/>\n<meta property=\"og:site_name\" content=\"Esports Betting - DE\" \/>\n<meta property=\"article:modified_time\" content=\"2024-02-21T08:15:14+00:00\" \/>\n<meta name=\"twitter:card\" content=\"summary_large_image\" \/>\n<meta name=\"twitter:image\" content=\"https:\/\/www.esports-betting.pro\/app\/uploads\/sites\/2\/Erreicht-das-finale-Wettquoten-LoL-WM-2016.jpg\" \/>\n<meta name=\"twitter:label1\" content=\"Est. reading time\" \/>\n\t<meta name=\"twitter:data1\" content=\"7 Minuten\" \/>\n<script type=\"application\/ld+json\" class=\"yoast-schema-graph\">{\"@context\":\"https:\/\/schema.org\",\"@graph\":[{\"@type\":\"WebPage\",\"@id\":\"https:\/\/www.esports-betting.pro\/de\/lol\/league-of-legends-weltmeisterschaft-2016-season-6\/wetten-quoten\/\",\"url\":\"https:\/\/www.esports-betting.pro\/de\/lol\/league-of-legends-weltmeisterschaft-2016-season-6\/wetten-quoten\/\",\"name\":\"Wetten und Quoten - League of Legends WM 2016\",\"isPartOf\":{\"@id\":\"https:\/\/www.esports-betting.pro\/de\/#website\"},\"primaryImageOfPage\":{\"@id\":\"https:\/\/www.esports-betting.pro\/de\/lol\/league-of-legends-weltmeisterschaft-2016-season-6\/wetten-quoten\/#primaryimage\"},\"image\":{\"@id\":\"https:\/\/www.esports-betting.pro\/de\/lol\/league-of-legends-weltmeisterschaft-2016-season-6\/wetten-quoten\/#primaryimage\"},\"thumbnailUrl\":\"https:\/\/www.esports-betting.pro\/app\/uploads\/sites\/2\/Erreicht-das-finale-Wettquoten-LoL-WM-2016.jpg\",\"datePublished\":\"2016-09-04T20:53:09+00:00\",\"dateModified\":\"2024-02-21T08:15:14+00:00\",\"description\":\"Buchmacher mit Wetten und Quoten f\u00fcr die LoL WM 2016. Erfahre welche Wettanbieter die League of Legends Weltmeisterschaft im Angebot haben und mehr,..\",\"breadcrumb\":{\"@id\":\"https:\/\/www.esports-betting.pro\/de\/lol\/league-of-legends-weltmeisterschaft-2016-season-6\/wetten-quoten\/#breadcrumb\"},\"inLanguage\":\"de-DE\",\"potentialAction\":[{\"@type\":\"ReadAction\",\"target\":[\"https:\/\/www.esports-betting.pro\/de\/lol\/league-of-legends-weltmeisterschaft-2016-season-6\/wetten-quoten\/\"]}]},{\"@type\":\"ImageObject\",\"inLanguage\":\"de-DE\",\"@id\":\"https:\/\/www.esports-betting.pro\/de\/lol\/league-of-legends-weltmeisterschaft-2016-season-6\/wetten-quoten\/#primaryimage\",\"url\":\"https:\/\/www.esports-betting.pro\/app\/uploads\/sites\/2\/Erreicht-das-finale-Wettquoten-LoL-WM-2016.jpg\",\"contentUrl\":\"https:\/\/www.esports-betting.pro\/app\/uploads\/sites\/2\/Erreicht-das-finale-Wettquoten-LoL-WM-2016.jpg\"},{\"@type\":\"BreadcrumbList\",\"@id\":\"https:\/\/www.esports-betting.pro\/de\/lol\/league-of-legends-weltmeisterschaft-2016-season-6\/wetten-quoten\/#breadcrumb\",\"itemListElement\":[{\"@type\":\"ListItem\",\"position\":1,\"name\":\"Home\",\"item\":\"https:\/\/www.esports-betting.pro\/de\/\"},{\"@type\":\"ListItem\",\"position\":2,\"name\":\"Tips f\u00fcr League of Legends (LoL) Wetten &#8211; Wie wette ich auf League of Legends (Lol)?\",\"item\":\"https:\/\/www.esports-betting.pro\/de\/lol\/\"},{\"@type\":\"ListItem\",\"position\":3,\"name\":\"League of Legends Weltmeisterschaft 2016 | LoL WM\",\"item\":\"https:\/\/www.esports-betting.pro\/de\/lol\/league-of-legends-weltmeisterschaft-2016-season-6\/\"},{\"@type\":\"ListItem\",\"position\":4,\"name\":\"Wetten und Quoten &#8211; LoL WM 2016\"}]},{\"@type\":\"WebSite\",\"@id\":\"https:\/\/www.esports-betting.pro\/de\/#website\",\"url\":\"https:\/\/www.esports-betting.pro\/de\/\",\"name\":\"Esports Betting - DE\",\"description\":\"Just another Esports Betting Sites site\",\"potentialAction\":[{\"@type\":\"SearchAction\",\"target\":{\"@type\":\"EntryPoint\",\"urlTemplate\":\"https:\/\/www.esports-betting.pro\/de\/?s={search_term_string}\"},\"query-input\":\"required name=search_term_string\"}],\"inLanguage\":\"de-DE\"}]}<\/script>\n<!-- \/ Yoast SEO plugin. -->","yoast_head_json":{"title":"Wetten und Quoten - League of Legends WM 2016","description":"Buchmacher mit Wetten und Quoten f\u00fcr die LoL WM 2016. Erfahre welche Wettanbieter die League of Legends Weltmeisterschaft im Angebot haben und mehr,..","robots":{"index":"index","follow":"follow","max-snippet":"max-snippet:-1","max-image-preview":"max-image-preview:large","max-video-preview":"max-video-preview:-1"},"canonical":"https:\/\/www.esports-betting.pro\/de\/lol\/league-of-legends-weltmeisterschaft-2016-season-6\/wetten-quoten\/","og_locale":"de_DE","og_type":"article","og_title":"Wetten und Quoten - League of Legends WM 2016","og_description":"Buchmacher mit Wetten und Quoten f\u00fcr die LoL WM 2016. Erfahre welche Wettanbieter die League of Legends Weltmeisterschaft im Angebot haben und mehr,..","og_url":"https:\/\/www.esports-betting.pro\/de\/lol\/league-of-legends-weltmeisterschaft-2016-season-6\/wetten-quoten\/","og_site_name":"Esports Betting - DE","article_modified_time":"2024-02-21T08:15:14+00:00","twitter_card":"summary_large_image","twitter_image":"https:\/\/www.esports-betting.pro\/app\/uploads\/sites\/2\/Erreicht-das-finale-Wettquoten-LoL-WM-2016.jpg","twitter_misc":{"Est. reading time":"7 Minuten"},"schema":{"@context":"https:\/\/schema.org","@graph":[{"@type":"WebPage","@id":"https:\/\/www.esports-betting.pro\/de\/lol\/league-of-legends-weltmeisterschaft-2016-season-6\/wetten-quoten\/","url":"https:\/\/www.esports-betting.pro\/de\/lol\/league-of-legends-weltmeisterschaft-2016-season-6\/wetten-quoten\/","name":"Wetten und Quoten - League of Legends WM 2016","isPartOf":{"@id":"https:\/\/www.esports-betting.pro\/de\/#website"},"primaryImageOfPage":{"@id":"https:\/\/www.esports-betting.pro\/de\/lol\/league-of-legends-weltmeisterschaft-2016-season-6\/wetten-quoten\/#primaryimage"},"image":{"@id":"https:\/\/www.esports-betting.pro\/de\/lol\/league-of-legends-weltmeisterschaft-2016-season-6\/wetten-quoten\/#primaryimage"},"thumbnailUrl":"https:\/\/www.esports-betting.pro\/app\/uploads\/sites\/2\/Erreicht-das-finale-Wettquoten-LoL-WM-2016.jpg","datePublished":"2016-09-04T20:53:09+00:00","dateModified":"2024-02-21T08:15:14+00:00","description":"Buchmacher mit Wetten und Quoten f\u00fcr die LoL WM 2016. Erfahre welche Wettanbieter die League of Legends Weltmeisterschaft im Angebot haben und mehr,..","breadcrumb":{"@id":"https:\/\/www.esports-betting.pro\/de\/lol\/league-of-legends-weltmeisterschaft-2016-season-6\/wetten-quoten\/#breadcrumb"},"inLanguage":"de-DE","potentialAction":[{"@type":"ReadAction","target":["https:\/\/www.esports-betting.pro\/de\/lol\/league-of-legends-weltmeisterschaft-2016-season-6\/wetten-quoten\/"]}]},{"@type":"ImageObject","inLanguage":"de-DE","@id":"https:\/\/www.esports-betting.pro\/de\/lol\/league-of-legends-weltmeisterschaft-2016-season-6\/wetten-quoten\/#primaryimage","url":"https:\/\/www.esports-betting.pro\/app\/uploads\/sites\/2\/Erreicht-das-finale-Wettquoten-LoL-WM-2016.jpg","contentUrl":"https:\/\/www.esports-betting.pro\/app\/uploads\/sites\/2\/Erreicht-das-finale-Wettquoten-LoL-WM-2016.jpg"},{"@type":"BreadcrumbList","@id":"https:\/\/www.esports-betting.pro\/de\/lol\/league-of-legends-weltmeisterschaft-2016-season-6\/wetten-quoten\/#breadcrumb","itemListElement":[{"@type":"ListItem","position":1,"name":"Home","item":"https:\/\/www.esports-betting.pro\/de\/"},{"@type":"ListItem","position":2,"name":"Tips f\u00fcr League of Legends (LoL) Wetten &#8211; Wie wette ich auf League of Legends (Lol)?","item":"https:\/\/www.esports-betting.pro\/de\/lol\/"},{"@type":"ListItem","position":3,"name":"League of Legends Weltmeisterschaft 2016 | LoL WM","item":"https:\/\/www.esports-betting.pro\/de\/lol\/league-of-legends-weltmeisterschaft-2016-season-6\/"},{"@type":"ListItem","position":4,"name":"Wetten und Quoten &#8211; LoL WM 2016"}]},{"@type":"WebSite","@id":"https:\/\/www.esports-betting.pro\/de\/#website","url":"https:\/\/www.esports-betting.pro\/de\/","name":"Esports Betting - DE","description":"Just another Esports Betting Sites site","potentialAction":[{"@type":"SearchAction","target":{"@type":"EntryPoint","urlTemplate":"https:\/\/www.esports-betting.pro\/de\/?s={search_term_string}"},"query-input":"required name=search_term_string"}],"inLanguage":"de-DE"}]}},"_links":{"self":[{"href":"https:\/\/www.esports-betting.pro\/de\/wp-json\/wp\/v2\/pages\/10069"}],"collection":[{"href":"https:\/\/www.esports-betting.pro\/de\/wp-json\/wp\/v2\/pages"}],"about":[{"href":"https:\/\/www.esports-betting.pro\/de\/wp-json\/wp\/v2\/types\/page"}],"author":[{"embeddable":true,"href":"https:\/\/www.esports-betting.pro\/de\/wp-json\/wp\/v2\/users\/24"}],"replies":[{"embeddable":true,"href":"https:\/\/www.esports-betting.pro\/de\/wp-json\/wp\/v2\/comments?post=10069"}],"version-history":[{"count":1,"href":"https:\/\/www.esports-betting.pro\/de\/wp-json\/wp\/v2\/pages\/10069\/revisions"}],"predecessor-version":[{"id":52839,"href":"https:\/\/www.esports-betting.pro\/de\/wp-json\/wp\/v2\/pages\/10069\/revisions\/52839"}],"up":[{"embeddable":true,"href":"https:\/\/www.esports-betting.pro\/de\/wp-json\/wp\/v2\/pages\/6093"}],"wp:attachment":[{"href":"https:\/\/www.esports-betting.pro\/de\/wp-json\/wp\/v2\/media?parent=10069"}],"curies":[{"name":"wp","href":"https:\/\/api.w.org\/{rel}","templated":true}]}}